{"id":8884,"date":"2023-06-28T09:07:17","date_gmt":"2023-06-28T07:07:17","guid":{"rendered":"https:\/\/lesrencontreseconomiques.fr\/?page_id=8884"},"modified":"2023-07-13T16:32:01","modified_gmt":"2023-07-13T14:32:01","slug":"manifeste","status":"publish","type":"page","link":"https:\/\/lesrencontreseconomiques.fr\/manifeste\/","title":{"rendered":"Participez au Manifeste pour un pacte social renouvel\u00e9"},"content":{"rendered":"<div class=\"-wrapper -846 -mt-90 -mb-90\">\n<div class=\"cp-cta-focus\" data-reaix-uid-1>\n<div class=\"photo\" data-aos=\"fade-up\" data-aos-anchor-placement=\"top-bottom\" data-aos-offset=\"200\" data-aos-delay=\"1\">\n<div class=\"image -walc \" style=\"padding-top:66.61677%\"><img width=\"668\" height=\"445\" src=\"https:\/\/lesrencontreseconomiques.fr\/wp-content\/uploads\/2023\/06\/fragments-668x445.png\" class=\"attachment-large_landscape_crop size-large_landscape_crop\" alt=\"\" decoding=\"async\" loading=\"lazy\" srcset=\"https:\/\/lesrencontreseconomiques.fr\/wp-content\/uploads\/2023\/06\/fragments-668x445.png 668w, https:\/\/lesrencontreseconomiques.fr\/wp-content\/uploads\/2023\/06\/fragments-312x208.png 312w\" sizes=\"(max-width: 668px) 100vw, 668px\" \/><\/div>\n<\/p><\/div>\n<div class=\"description cp-texte\" data-aos=\"fade-up\" data-aos-anchor-placement=\"top-bottom\" data-aos-offset=\"200\" data-aos-delay=\"300\" data-aos-anchor=\"[data-reaix-uid-1]\">\n<p>Ann\u00e9e apr\u00e8s ann\u00e9e, la soci\u00e9t\u00e9 fran\u00e7aise se fragmente. \u00c9lection apr\u00e8s \u00e9lection, le paysage politique se polarise. Il faut d\u2019urgence recr\u00e9er les conditions d\u2019une soci\u00e9t\u00e9 apais\u00e9e, \u00e9quilibr\u00e9e et pr\u00eate \u00e0 \u00e9voluer pour r\u00e9pondre aux d\u00e9fis \u00e9conomiques, soci\u00e9taux et climatiques.<\/p>\n<p>Or, la soci\u00e9t\u00e9 fran\u00e7aise n&rsquo;est pas pr\u00eate.<\/p>\n<p>&nbsp;<\/p>\n<p><a class=\"cp-cta-bouton\" href=\"https:\/\/f3qw3terayi.typeform.com\/to\/uHBF3yWz\" target=\"_blank\" rel=\"noopener\">Je participe au Manifeste<\/a><\/p>\n<\/p><\/div>\n<\/p><\/div>\n<\/div>\n<div class=\"-wrapper -846 -mt-90 -mb-90\">\n<div class=\"cp-intro -texte\">\n<div class=\"description\">\n<div class=\"cp-texte\">\n<h3>Cinq chiffres doivent attirer l&rsquo;attention de chacun et chacune d&rsquo;entre nous.<\/h3>\n<\/p><\/div>\n<\/p><\/div>\n<\/p><\/div>\n<\/p><\/div>\n<div class=\"-wrapper -846 -mt-90 -mb-90\">\n<div class=\"cp-chiffres-gris\" data-reaix-uid-2>\n\t\t\t\t<span class=\"chiffre\" data-aos=\"fade-left\" data-aos-anchor-placement=\"top-bottom\" data-aos-offset=\"200\" data-aos-anchor=\"[data-reaix-uid-2]\"><br \/>\n\t\t\t<strong>1,5 million de jeunes<\/strong> ne sont ni en \u00e9tudes, ni en emploi, ni en formation (1)\t\t<\/span><br \/>\n\t\t\t\t<span class=\"chiffre\" data-aos=\"fade-left\" data-aos-anchor-placement=\"top-bottom\" data-aos-offset=\"200\" data-aos-delay=\"400\" data-aos-anchor=\"[data-reaix-uid-2]\"><br \/>\n\t\t\t<strong>15% des adultes peu qualifi\u00e9s<\/strong> suivent une formation chaque ann\u00e9e (2)\t\t<\/span><br \/>\n\t\t\t\t<span class=\"chiffre\" data-aos=\"fade-left\" data-aos-anchor-placement=\"top-bottom\" data-aos-offset=\"200\" data-aos-delay=\"800\" data-aos-anchor=\"[data-reaix-uid-2]\"><br \/>\n\t\t\t<strong>40,3% des 55-64 ans<\/strong> sont sans activit\u00e9 (3)\t\t<\/span><br \/>\n\t\t\t\t<span class=\"chiffre\" data-aos=\"fade-left\" data-aos-anchor-placement=\"top-bottom\" data-aos-offset=\"200\" data-aos-delay=\"1200\" data-aos-anchor=\"[data-reaix-uid-2]\"><br \/>\n\t\t\t<strong>95% des jeunes<\/strong> ne se sentent pas \u00e9cout\u00e9s dans les d\u00e9cisions politiques (4)\t\t<\/span><br \/>\n\t\t\t\t<span class=\"chiffre\" data-aos=\"fade-left\" data-aos-anchor-placement=\"top-bottom\" data-aos-offset=\"200\" data-aos-delay=\"1600\" data-aos-anchor=\"[data-reaix-uid-2]\"><br \/>\n\t\t\t<strong>1 500 milliards d&rsquo;euros<\/strong> montant annuel des d\u00e9penses publiques (5)\t\t<\/span>\n\t\t\t<\/div>\n<\/div>\n<div class=\"-wrapper -846 -mt-90 -mb-90\">\n<div class=\"cp-intro -texte\">\n<div class=\"description\">\n<div class=\"cp-texte\">\n<h3>Parce que nous sommes convaincus que la transformation de la soci\u00e9t\u00e9 fran\u00e7aise ne peut \u00eatre impuls\u00e9e que par la soci\u00e9t\u00e9 civile, ce <em>Manifeste<\/em> est un appel \u00e0 une mobilisation d&rsquo;ensemble autour de 5 engagements.<\/h3>\n<\/p><\/div>\n<\/p><\/div>\n<\/p><\/div>\n<\/p><\/div>\n<div class=\"-wrapper -846 -mt-90 -mb-90\">\n<div class=\"cp-cta-image-texte\">\n<div class=\"media \" data-aos=\"fade-right\" data-aos-anchor-placement=\"top-bottom\" data-aos-offset=\"200\">\n<div class=\"image -walc \" style=\"padding-top:100%\"><img width=\"224\" height=\"224\" src=\"https:\/\/lesrencontreseconomiques.fr\/wp-content\/uploads\/2023\/06\/EDUCATION-224x224.png\" class=\"attachment-small size-small\" alt=\"\" decoding=\"async\" loading=\"lazy\" srcset=\"https:\/\/lesrencontreseconomiques.fr\/wp-content\/uploads\/2023\/06\/EDUCATION-224x224.png 224w, https:\/\/lesrencontreseconomiques.fr\/wp-content\/uploads\/2023\/06\/EDUCATION-490x490.png 490w, https:\/\/lesrencontreseconomiques.fr\/wp-content\/uploads\/2023\/06\/EDUCATION-668x668.png 668w, https:\/\/lesrencontreseconomiques.fr\/wp-content\/uploads\/2023\/06\/EDUCATION-150x150.png 150w, https:\/\/lesrencontreseconomiques.fr\/wp-content\/uploads\/2023\/06\/EDUCATION-1536x1536.png 1536w, https:\/\/lesrencontreseconomiques.fr\/wp-content\/uploads\/2023\/06\/EDUCATION-140x140.png 140w, https:\/\/lesrencontreseconomiques.fr\/wp-content\/uploads\/2023\/06\/EDUCATION-290x290.png 290w, https:\/\/lesrencontreseconomiques.fr\/wp-content\/uploads\/2023\/06\/EDUCATION.png 1600w\" sizes=\"(max-width: 224px) 100vw, 224px\" \/><\/div>\n<\/p><\/div>\n<div class=\"description cp-texte\" data-aos=\"fade-up\" data-aos-anchor-placement=\"top-bottom\" data-aos-offset=\"200\">\n<h3>POUR L&rsquo;\u00c9DUCATION<\/h3>\n<p>R\u00e9int\u00e9grer dans les 5 ans \u00e0 venir les 1,5 millions de jeunes qui ne sont ni en \u00e9tudes, ni en emploi, ni en formation (NEETs).<\/p>\n<\/p><\/div>\n<\/p><\/div>\n<\/div>\n<div class=\"-wrapper -846 -mt-90 -mb-90\">\n<div class=\"cp-cta-image-texte\">\n<div class=\"media \" data-aos=\"fade-right\" data-aos-anchor-placement=\"top-bottom\" data-aos-offset=\"200\">\n<div class=\"image -walc \" style=\"padding-top:100%\"><img width=\"224\" height=\"224\" src=\"https:\/\/lesrencontreseconomiques.fr\/wp-content\/uploads\/2023\/06\/FORMATION-224x224.png\" class=\"attachment-small size-small\" alt=\"\" decoding=\"async\" loading=\"lazy\" srcset=\"https:\/\/lesrencontreseconomiques.fr\/wp-content\/uploads\/2023\/06\/FORMATION-224x224.png 224w, https:\/\/lesrencontreseconomiques.fr\/wp-content\/uploads\/2023\/06\/FORMATION-490x490.png 490w, https:\/\/lesrencontreseconomiques.fr\/wp-content\/uploads\/2023\/06\/FORMATION-668x668.png 668w, https:\/\/lesrencontreseconomiques.fr\/wp-content\/uploads\/2023\/06\/FORMATION-150x150.png 150w, https:\/\/lesrencontreseconomiques.fr\/wp-content\/uploads\/2023\/06\/FORMATION-1536x1536.png 1536w, https:\/\/lesrencontreseconomiques.fr\/wp-content\/uploads\/2023\/06\/FORMATION-140x140.png 140w, https:\/\/lesrencontreseconomiques.fr\/wp-content\/uploads\/2023\/06\/FORMATION-290x290.png 290w, https:\/\/lesrencontreseconomiques.fr\/wp-content\/uploads\/2023\/06\/FORMATION.png 1600w\" sizes=\"(max-width: 224px) 100vw, 224px\" \/><\/div>\n<\/p><\/div>\n<div class=\"description cp-texte\" data-aos=\"fade-up\" data-aos-anchor-placement=\"top-bottom\" data-aos-offset=\"200\">\n<h3>POUR LA FORMATION<\/h3>\n<p>Ins\u00e9rer dans chaque contrat de travail une clause pr\u00e9voyant l\u2019obligation d\u2019un parcours de formation qualifiante pour permettre aux salari\u00e9s les moins qualifi\u00e9s des \u00e9volutions de carri\u00e8res.<\/p>\n<\/p><\/div>\n<\/p><\/div>\n<\/div>\n<div class=\"-wrapper -846 -mt-90 -mb-90\">\n<div class=\"cp-cta-image-texte\">\n<div class=\"media \" data-aos=\"fade-right\" data-aos-anchor-placement=\"top-bottom\" data-aos-offset=\"200\">\n<div class=\"image -walc \" style=\"padding-top:100%\"><img width=\"224\" height=\"224\" src=\"https:\/\/lesrencontreseconomiques.fr\/wp-content\/uploads\/2023\/06\/TRAVAIL-224x224.png\" class=\"attachment-small size-small\" alt=\"\" decoding=\"async\" loading=\"lazy\" srcset=\"https:\/\/lesrencontreseconomiques.fr\/wp-content\/uploads\/2023\/06\/TRAVAIL-224x224.png 224w, https:\/\/lesrencontreseconomiques.fr\/wp-content\/uploads\/2023\/06\/TRAVAIL-490x490.png 490w, https:\/\/lesrencontreseconomiques.fr\/wp-content\/uploads\/2023\/06\/TRAVAIL-668x668.png 668w, https:\/\/lesrencontreseconomiques.fr\/wp-content\/uploads\/2023\/06\/TRAVAIL-150x150.png 150w, https:\/\/lesrencontreseconomiques.fr\/wp-content\/uploads\/2023\/06\/TRAVAIL-1536x1536.png 1536w, https:\/\/lesrencontreseconomiques.fr\/wp-content\/uploads\/2023\/06\/TRAVAIL-140x140.png 140w, https:\/\/lesrencontreseconomiques.fr\/wp-content\/uploads\/2023\/06\/TRAVAIL-290x290.png 290w, https:\/\/lesrencontreseconomiques.fr\/wp-content\/uploads\/2023\/06\/TRAVAIL.png 1600w\" sizes=\"(max-width: 224px) 100vw, 224px\" \/><\/div>\n<\/p><\/div>\n<div class=\"description cp-texte\" data-aos=\"fade-up\" data-aos-anchor-placement=\"top-bottom\" data-aos-offset=\"200\">\n<h3>POUR LE TRAVAIL<\/h3>\n<p>Augmenter le taux d\u2019emploi des seniors de 10% d\u2019ici 10 ans et avancer d\u2019un an l\u2019\u00e2ge moyen de l\u2019entr\u00e9e des jeunes sur le march\u00e9 du travail.<\/p>\n<\/p><\/div>\n<\/p><\/div>\n<\/div>\n<div class=\"-wrapper -846 -mt-90 -mb-90\">\n<div class=\"cp-cta-image-texte\">\n<div class=\"media \" data-aos=\"fade-right\" data-aos-anchor-placement=\"top-bottom\" data-aos-offset=\"200\">\n<div class=\"image -walc \" style=\"padding-top:100%\"><img width=\"224\" height=\"224\" src=\"https:\/\/lesrencontreseconomiques.fr\/wp-content\/uploads\/2023\/06\/CITOYENNETE-224x224.png\" class=\"attachment-small size-small\" alt=\"\" decoding=\"async\" loading=\"lazy\" srcset=\"https:\/\/lesrencontreseconomiques.fr\/wp-content\/uploads\/2023\/06\/CITOYENNETE-224x224.png 224w, https:\/\/lesrencontreseconomiques.fr\/wp-content\/uploads\/2023\/06\/CITOYENNETE-490x490.png 490w, https:\/\/lesrencontreseconomiques.fr\/wp-content\/uploads\/2023\/06\/CITOYENNETE-668x668.png 668w, https:\/\/lesrencontreseconomiques.fr\/wp-content\/uploads\/2023\/06\/CITOYENNETE-150x150.png 150w, https:\/\/lesrencontreseconomiques.fr\/wp-content\/uploads\/2023\/06\/CITOYENNETE-1536x1536.png 1536w, https:\/\/lesrencontreseconomiques.fr\/wp-content\/uploads\/2023\/06\/CITOYENNETE-140x140.png 140w, https:\/\/lesrencontreseconomiques.fr\/wp-content\/uploads\/2023\/06\/CITOYENNETE-290x290.png 290w, https:\/\/lesrencontreseconomiques.fr\/wp-content\/uploads\/2023\/06\/CITOYENNETE.png 1600w\" sizes=\"(max-width: 224px) 100vw, 224px\" \/><\/div>\n<\/p><\/div>\n<div class=\"description cp-texte\" data-aos=\"fade-up\" data-aos-anchor-placement=\"top-bottom\" data-aos-offset=\"200\">\n<h3>POUR LA CITOYENNET\u00c9<\/h3>\n<p>Recr\u00e9er un engagement citoyen obligatoire de 3 mois minimum pour les jeunes de 18-25 ans afin qu\u2019ils puissent s&rsquo;investir dans des actions de pr\u00e9servation de l\u2019environnement, des actions de solidarit\u00e9s ou qu\u2019ils puissent recevoir une formation.<\/p>\n<\/p><\/div>\n<\/p><\/div>\n<\/div>\n<div class=\"-wrapper -846 -mt-90 -mb-90\">\n<div class=\"cp-cta-image-texte\">\n<div class=\"media \" data-aos=\"fade-right\" data-aos-anchor-placement=\"top-bottom\" data-aos-offset=\"200\">\n<div class=\"image -walc \" style=\"padding-top:100%\"><img width=\"224\" height=\"224\" src=\"https:\/\/lesrencontreseconomiques.fr\/wp-content\/uploads\/2023\/06\/ACTION-PUBLIQUE-224x224.png\" class=\"attachment-small size-small\" alt=\"\" decoding=\"async\" loading=\"lazy\" srcset=\"https:\/\/lesrencontreseconomiques.fr\/wp-content\/uploads\/2023\/06\/ACTION-PUBLIQUE-224x224.png 224w, https:\/\/lesrencontreseconomiques.fr\/wp-content\/uploads\/2023\/06\/ACTION-PUBLIQUE-490x490.png 490w, https:\/\/lesrencontreseconomiques.fr\/wp-content\/uploads\/2023\/06\/ACTION-PUBLIQUE-668x668.png 668w, https:\/\/lesrencontreseconomiques.fr\/wp-content\/uploads\/2023\/06\/ACTION-PUBLIQUE-150x150.png 150w, https:\/\/lesrencontreseconomiques.fr\/wp-content\/uploads\/2023\/06\/ACTION-PUBLIQUE-1536x1536.png 1536w, https:\/\/lesrencontreseconomiques.fr\/wp-content\/uploads\/2023\/06\/ACTION-PUBLIQUE-140x140.png 140w, https:\/\/lesrencontreseconomiques.fr\/wp-content\/uploads\/2023\/06\/ACTION-PUBLIQUE-290x290.png 290w, https:\/\/lesrencontreseconomiques.fr\/wp-content\/uploads\/2023\/06\/ACTION-PUBLIQUE.png 1600w\" sizes=\"(max-width: 224px) 100vw, 224px\" \/><\/div>\n<\/p><\/div>\n<div class=\"description cp-texte\" data-aos=\"fade-up\" data-aos-anchor-placement=\"top-bottom\" data-aos-offset=\"200\">\n<h3>POUR L&rsquo;ACTION PUBLIQUE<\/h3>\n<p>Ne pas se limiter \u00e0 de simples coupes budg\u00e9taires mais transformer l\u2019action publique par une responsabilisation de l\u2019ensemble des acteurs.<\/p>\n<\/p><\/div>\n<\/p><\/div>\n<\/div>\n<div class=\"-wrapper -846 -mt-90 -mb-90\">\n<div class=\"cp-intro -texte\">\n<div class=\"description\">\n<div class=\"cp-texte\">\n<p>Seuls, nous ne pourrons pas relever ces objectifs. Mais nous pouvons, collectivement, prendre l&rsquo;engagement de faire tout ce qui est en notre pouvoir, chacun \u00e0 notre \u00e9chelle, pour y parvenir.<\/p>\n<p>Nous appelons l&rsquo;ensemble des parties prenantes (citoyens, associations, entreprises) \u00e0 prendre part \u00e0 cette d\u00e9marche positive, humaniste et constructive.\u00a0Nous vous proposons de vous associer \u00e0 cette d\u00e9marche. Surtout, si vous le souhaitez, vous pouvez ajouter les compl\u00e9ments que vous jugez n\u00e9cessaires, sur chacun des 5 th\u00e8mes.<\/p>\n<h3><a id=\"participer\" class=\"c-anchor\"><\/a>Signez et participez au <em>Manifeste<\/em>.<\/h3>\n<p>&nbsp;<\/p>\n<p><a class=\"cp-cta-bouton\" href=\"https:\/\/f3qw3terayi.typeform.com\/to\/uHBF3yWz\" target=\"_blank\" rel=\"noopener\">Je participe<\/a><\/p>\n<\/p><\/div>\n<\/p><\/div>\n<\/p><\/div>\n<\/p><\/div>\n<div class=\"-wrapper -846 -is-hr -mt-90 -mb-90\">\n<hr>\n<\/div>\n<div class=\"-wrapper -846 -mt-90 -mb-90\">\n<div class=\"cp-intro -texte\">\n<div class=\"description\">\n<div class=\"cp-texte\">\n<p>[1] Source\u00a0: Insee, 2019, jeunes de 15 \u00e0 29 ans<\/p>\n<p>[2] Source : OCDE, 2019<\/p>\n<p>[3] Source : Insee, 2021<\/p>\n<p>[4] Source : Enqu\u00eate DAC, 2023<\/p>\n<\/p><\/div>\n<\/p><\/div>\n<\/p><\/div>\n<\/p><\/div>\n","protected":false},"excerpt":{"rendered":"<p>Ann\u00e9e apr\u00e8s ann\u00e9e, la soci\u00e9t\u00e9 fran\u00e7aise se fragmente. \u00c9lection apr\u00e8s \u00e9lection, le paysage politique se polarise. Il faut d\u2019urgence recr\u00e9er les conditions d\u2019une soci\u00e9t\u00e9 apais\u00e9e, \u00e9quilibr\u00e9e et pr\u00eate \u00e0 \u00e9voluer pour r\u00e9pondre aux d\u00e9fis \u00e9conomiques, soci\u00e9taux et climatiques. Or, la soci\u00e9t\u00e9 fran\u00e7aise n&rsquo;est pas pr\u00eate. &nbsp; Je participe au Manifeste Cinq chiffres doivent attirer l&rsquo;attention [&hellip;]<\/p>\n","protected":false},"author":2,"featured_media":9105,"parent":0,"menu_order":0,"comment_status":"closed","ping_status":"closed","template":"","meta":{"footnotes":""},"acf":[],"yoast_head":"<!-- This site is optimized with the Yoast SEO plugin v22.0 - https:\/\/yoast.com\/wordpress\/plugins\/seo\/ -->\n<title>Participez au Manifeste pour un pacte social renouvel\u00e9 - Les Rencontres \u00c9conomiques<\/title>\n<meta name=\"robots\" content=\"index, follow, max-snippet:-1, max-image-preview:large, max-video-preview:-1\" \/>\n<link rel=\"canonical\" href=\"https:\/\/lesrencontreseconomiques.fr\/manifeste\/\" \/>\n<meta property=\"og:locale\" content=\"fr_FR\" \/>\n<meta property=\"og:type\" content=\"article\" \/>\n<meta property=\"og:description\" content=\"Ann\u00e9e apr\u00e8s ann\u00e9e, la soci\u00e9t\u00e9 fran\u00e7aise se fragmente. \u00c9lection apr\u00e8s \u00e9lection, le paysage politique se polarise. Il faut d\u2019urgence recr\u00e9er les conditions d\u2019une soci\u00e9t\u00e9 apais\u00e9e, \u00e9quilibr\u00e9e et pr\u00eate \u00e0 \u00e9voluer pour r\u00e9pondre aux d\u00e9fis \u00e9conomiques, soci\u00e9taux et climatiques. Or, la soci\u00e9t\u00e9 fran\u00e7aise n&rsquo;est pas pr\u00eate. &nbsp; Je participe au Manifeste Cinq chiffres doivent attirer l&rsquo;attention [&hellip;]\" \/>\n<meta property=\"og:url\" content=\"https:\/\/lesrencontreseconomiques.fr\/manifeste\/\" \/>\n<meta property=\"og:site_name\" content=\"Les Rencontres \u00c9conomiques\" \/>\n<meta property=\"article:publisher\" content=\"https:\/\/www.facebook.com\/Le.Cercle.des.Economistes\/\" \/>\n<meta property=\"article:modified_time\" content=\"2023-07-13T14:32:01+00:00\" \/>\n<meta property=\"og:image\" content=\"https:\/\/lesrencontreseconomiques.fr\/wp-content\/uploads\/2023\/06\/vignette-manifeste-23.png\" \/>\n\t<meta property=\"og:image:width\" content=\"1600\" \/>\n\t<meta property=\"og:image:height\" content=\"732\" \/>\n\t<meta property=\"og:image:type\" content=\"image\/png\" \/>\n<meta name=\"twitter:card\" content=\"summary_large_image\" \/>\n<meta name=\"twitter:site\" content=\"@Cercle_eco\" \/>\n<script type=\"application\/ld+json\" class=\"yoast-schema-graph\">{\"@context\":\"https:\/\/schema.org\",\"@graph\":[{\"@type\":\"WebPage\",\"@id\":\"https:\/\/lesrencontreseconomiques.fr\/manifeste\/\",\"url\":\"https:\/\/lesrencontreseconomiques.fr\/manifeste\/\",\"name\":\"Participez au Manifeste pour un pacte social renouvel\u00e9 - Les Rencontres \u00c9conomiques\",\"isPartOf\":{\"@id\":\"https:\/\/lesrencontreseconomiques.fr\/#website\"},\"datePublished\":\"2023-06-28T07:07:17+00:00\",\"dateModified\":\"2023-07-13T14:32:01+00:00\",\"breadcrumb\":{\"@id\":\"https:\/\/lesrencontreseconomiques.fr\/manifeste\/#breadcrumb\"},\"inLanguage\":\"fr-FR\",\"potentialAction\":[{\"@type\":\"ReadAction\",\"target\":[\"https:\/\/lesrencontreseconomiques.fr\/manifeste\/\"]}]},{\"@type\":\"BreadcrumbList\",\"@id\":\"https:\/\/lesrencontreseconomiques.fr\/manifeste\/#breadcrumb\",\"itemListElement\":[{\"@type\":\"ListItem\",\"position\":1,\"name\":\"Accueil\",\"item\":\"https:\/\/lesrencontreseconomiques.fr\/\"},{\"@type\":\"ListItem\",\"position\":2,\"name\":\"Participez au Manifeste pour un pacte social renouvel\u00e9\"}]},{\"@type\":\"WebSite\",\"@id\":\"https:\/\/lesrencontreseconomiques.fr\/#website\",\"url\":\"https:\/\/lesrencontreseconomiques.fr\/\",\"name\":\"Les Rencontres \u00c9conomiques\",\"description\":\"\",\"potentialAction\":[{\"@type\":\"SearchAction\",\"target\":{\"@type\":\"EntryPoint\",\"urlTemplate\":\"https:\/\/lesrencontreseconomiques.fr\/?s={search_term_string}\"},\"query-input\":\"required name=search_term_string\"}],\"inLanguage\":\"fr-FR\"}]}<\/script>\n<!-- \/ Yoast SEO plugin. -->","yoast_head_json":{"title":"Participez au Manifeste pour un pacte social renouvel\u00e9 - Les Rencontres \u00c9conomiques","robots":{"index":"index","follow":"follow","max-snippet":"max-snippet:-1","max-image-preview":"max-image-preview:large","max-video-preview":"max-video-preview:-1"},"canonical":"https:\/\/lesrencontreseconomiques.fr\/manifeste\/","og_locale":"fr_FR","og_type":"article","og_description":"Ann\u00e9e apr\u00e8s ann\u00e9e, la soci\u00e9t\u00e9 fran\u00e7aise se fragmente. \u00c9lection apr\u00e8s \u00e9lection, le paysage politique se polarise. Il faut d\u2019urgence recr\u00e9er les conditions d\u2019une soci\u00e9t\u00e9 apais\u00e9e, \u00e9quilibr\u00e9e et pr\u00eate \u00e0 \u00e9voluer pour r\u00e9pondre aux d\u00e9fis \u00e9conomiques, soci\u00e9taux et climatiques. Or, la soci\u00e9t\u00e9 fran\u00e7aise n&rsquo;est pas pr\u00eate. &nbsp; Je participe au Manifeste Cinq chiffres doivent attirer l&rsquo;attention [&hellip;]","og_url":"https:\/\/lesrencontreseconomiques.fr\/manifeste\/","og_site_name":"Les Rencontres \u00c9conomiques","article_publisher":"https:\/\/www.facebook.com\/Le.Cercle.des.Economistes\/","article_modified_time":"2023-07-13T14:32:01+00:00","og_image":[{"width":1600,"height":732,"url":"https:\/\/lesrencontreseconomiques.fr\/wp-content\/uploads\/2023\/06\/vignette-manifeste-23.png","type":"image\/png"}],"twitter_card":"summary_large_image","twitter_site":"@Cercle_eco","schema":{"@context":"https:\/\/schema.org","@graph":[{"@type":"WebPage","@id":"https:\/\/lesrencontreseconomiques.fr\/manifeste\/","url":"https:\/\/lesrencontreseconomiques.fr\/manifeste\/","name":"Participez au Manifeste pour un pacte social renouvel\u00e9 - Les Rencontres \u00c9conomiques","isPartOf":{"@id":"https:\/\/lesrencontreseconomiques.fr\/#website"},"datePublished":"2023-06-28T07:07:17+00:00","dateModified":"2023-07-13T14:32:01+00:00","breadcrumb":{"@id":"https:\/\/lesrencontreseconomiques.fr\/manifeste\/#breadcrumb"},"inLanguage":"fr-FR","potentialAction":[{"@type":"ReadAction","target":["https:\/\/lesrencontreseconomiques.fr\/manifeste\/"]}]},{"@type":"BreadcrumbList","@id":"https:\/\/lesrencontreseconomiques.fr\/manifeste\/#breadcrumb","itemListElement":[{"@type":"ListItem","position":1,"name":"Accueil","item":"https:\/\/lesrencontreseconomiques.fr\/"},{"@type":"ListItem","position":2,"name":"Participez au Manifeste pour un pacte social renouvel\u00e9"}]},{"@type":"WebSite","@id":"https:\/\/lesrencontreseconomiques.fr\/#website","url":"https:\/\/lesrencontreseconomiques.fr\/","name":"Les Rencontres \u00c9conomiques","description":"","potentialAction":[{"@type":"SearchAction","target":{"@type":"EntryPoint","urlTemplate":"https:\/\/lesrencontreseconomiques.fr\/?s={search_term_string}"},"query-input":"required name=search_term_string"}],"inLanguage":"fr-FR"}]}},"_links":{"self":[{"href":"https:\/\/lesrencontreseconomiques.fr\/wp-json\/wp\/v2\/pages\/8884"}],"collection":[{"href":"https:\/\/lesrencontreseconomiques.fr\/wp-json\/wp\/v2\/pages"}],"about":[{"href":"https:\/\/lesrencontreseconomiques.fr\/wp-json\/wp\/v2\/types\/page"}],"author":[{"embeddable":true,"href":"https:\/\/lesrencontreseconomiques.fr\/wp-json\/wp\/v2\/users\/2"}],"replies":[{"embeddable":true,"href":"https:\/\/lesrencontreseconomiques.fr\/wp-json\/wp\/v2\/comments?post=8884"}],"version-history":[{"count":55,"href":"https:\/\/lesrencontreseconomiques.fr\/wp-json\/wp\/v2\/pages\/8884\/revisions"}],"predecessor-version":[{"id":11610,"href":"https:\/\/lesrencontreseconomiques.fr\/wp-json\/wp\/v2\/pages\/8884\/revisions\/11610"}],"wp:featuredmedia":[{"embeddable":true,"href":"https:\/\/lesrencontreseconomiques.fr\/wp-json\/wp\/v2\/media\/9105"}],"wp:attachment":[{"href":"https:\/\/lesrencontreseconomiques.fr\/wp-json\/wp\/v2\/media?parent=8884"}],"curies":[{"name":"wp","href":"https:\/\/api.w.org\/{rel}","templated":true}]}}