{"id":8155,"date":"2023-06-14T19:05:42","date_gmt":"2023-06-14T17:05:42","guid":{"rendered":"https:\/\/lesrencontreseconomiques.fr\/?page_id=8155"},"modified":"2023-06-30T17:36:56","modified_gmt":"2023-06-30T15:36:56","slug":"parc-jourdan","status":"publish","type":"page","link":"https:\/\/lesrencontreseconomiques.fr\/autour-des-rencontres\/parc-jourdan\/","title":{"rendered":"Le parc Jourdan"},"content":{"rendered":"<div class=\"-wrapper -668 -mt-90 -mb-90\">\n<div class=\"cp-intro -texte\">\n<div class=\"description\">\n<div class=\"cp-texte\">\n<h2>Trois jours de d\u00e9bats dans le cadre exceptionnel du parc Jourdan<\/h2>\n<p>Pendant trois jours, le Parc Jourdan d&rsquo;Aix-en-Provence devient le centre du d\u00e9bat \u00e9conomique et social en Europe. Dirigeants d&rsquo;institutions internationales, chefs d&rsquo;entreprise, \u00e9lus, activistes, \u00e9tudiants&#8230; 380 intervenants de 47 pays c\u00f4toient plus de 5000 participants dans une ambiance unique, avec une proximit\u00e9 in\u00e9gal\u00e9e permettant des \u00e9changes comme nulle part ailleurs.<\/p>\n<\/p><\/div>\n<\/p><\/div>\n<\/p><\/div>\n<\/p><\/div>\n<div class=\"-wrapper -668 -mt-90 -mb-90\">\n<div class=\"cp-intro -texte\">\n<div class=\"description\">\n<div class=\"cp-texte\">\n<h2><a id=\"plan\" class=\"c-anchor\"><\/a>Le plan du parc<\/h2>\n<p><img decoding=\"async\" loading=\"lazy\" class=\"alignnone wp-image-9116 size-large\" src=\"https:\/\/lesrencontreseconomiques.fr\/wp-content\/uploads\/2023\/06\/REAIX23_badge_PLAN-horizontal-668x484.png\" alt=\"\" width=\"668\" height=\"484\" srcset=\"https:\/\/lesrencontreseconomiques.fr\/wp-content\/uploads\/2023\/06\/REAIX23_badge_PLAN-horizontal-668x484.png 668w, https:\/\/lesrencontreseconomiques.fr\/wp-content\/uploads\/2023\/06\/REAIX23_badge_PLAN-horizontal-490x355.png 490w, https:\/\/lesrencontreseconomiques.fr\/wp-content\/uploads\/2023\/06\/REAIX23_badge_PLAN-horizontal-1536x1113.png 1536w, https:\/\/lesrencontreseconomiques.fr\/wp-content\/uploads\/2023\/06\/REAIX23_badge_PLAN-horizontal-193x140.png 193w, https:\/\/lesrencontreseconomiques.fr\/wp-content\/uploads\/2023\/06\/REAIX23_badge_PLAN-horizontal-224x162.png 224w, https:\/\/lesrencontreseconomiques.fr\/wp-content\/uploads\/2023\/06\/REAIX23_badge_PLAN-horizontal.png 1600w\" sizes=\"(max-width: 668px) 100vw, 668px\" \/><\/p>\n<\/p><\/div>\n<\/p><\/div>\n<\/p><\/div>\n<\/p><\/div>\n<div class=\"-wrapper -846 -mt-90 -mb-90\">\n<div class=\"cp-cta-image-texte\">\n<div class=\"media \" data-aos=\"fade-right\" data-aos-anchor-placement=\"top-bottom\" data-aos-offset=\"200\">\n<div class=\"image -walc \" style=\"padding-top:100%\"><img width=\"224\" height=\"224\" src=\"https:\/\/lesrencontreseconomiques.fr\/wp-content\/uploads\/2023\/06\/CAFES-EPHEMERES-224x224.png\" class=\"attachment-small size-small\" alt=\"\" decoding=\"async\" loading=\"lazy\" srcset=\"https:\/\/lesrencontreseconomiques.fr\/wp-content\/uploads\/2023\/06\/CAFES-EPHEMERES-224x224.png 224w, https:\/\/lesrencontreseconomiques.fr\/wp-content\/uploads\/2023\/06\/CAFES-EPHEMERES-490x490.png 490w, https:\/\/lesrencontreseconomiques.fr\/wp-content\/uploads\/2023\/06\/CAFES-EPHEMERES-668x668.png 668w, https:\/\/lesrencontreseconomiques.fr\/wp-content\/uploads\/2023\/06\/CAFES-EPHEMERES-150x150.png 150w, https:\/\/lesrencontreseconomiques.fr\/wp-content\/uploads\/2023\/06\/CAFES-EPHEMERES-140x140.png 140w, https:\/\/lesrencontreseconomiques.fr\/wp-content\/uploads\/2023\/06\/CAFES-EPHEMERES-290x290.png 290w, https:\/\/lesrencontreseconomiques.fr\/wp-content\/uploads\/2023\/06\/CAFES-EPHEMERES.png 720w\" sizes=\"(max-width: 224px) 100vw, 224px\" \/><\/div>\n<\/p><\/div>\n<div class=\"description cp-texte\" data-aos=\"fade-up\" data-aos-anchor-placement=\"top-bottom\" data-aos-offset=\"200\">\n<h2>Les caf\u00e9s \u00e9ph\u00e9m\u00e8res<\/h2>\n<p>Deux caf\u00e9s \u00e9ph\u00e9m\u00e8res vous accueillent pendant les Rencontres. Vous y retrouverez boissons et snacks tout au long de la journ\u00e9e.<\/p>\n<\/p><\/div>\n<\/p><\/div>\n<\/div>\n<div class=\"-wrapper -846 -mt-90 -mb-90\">\n<div class=\"cp-cta-image-texte\">\n<div class=\"media \" data-aos=\"fade-right\" data-aos-anchor-placement=\"top-bottom\" data-aos-offset=\"200\">\n<div class=\"image -walc \" style=\"padding-top:100%\"><img width=\"224\" height=\"224\" src=\"https:\/\/lesrencontreseconomiques.fr\/wp-content\/uploads\/2023\/06\/4-1-224x224.png\" class=\"attachment-small size-small\" alt=\"\" decoding=\"async\" loading=\"lazy\" srcset=\"https:\/\/lesrencontreseconomiques.fr\/wp-content\/uploads\/2023\/06\/4-1-224x224.png 224w, https:\/\/lesrencontreseconomiques.fr\/wp-content\/uploads\/2023\/06\/4-1-490x490.png 490w, https:\/\/lesrencontreseconomiques.fr\/wp-content\/uploads\/2023\/06\/4-1-668x668.png 668w, https:\/\/lesrencontreseconomiques.fr\/wp-content\/uploads\/2023\/06\/4-1-150x150.png 150w, https:\/\/lesrencontreseconomiques.fr\/wp-content\/uploads\/2023\/06\/4-1-140x140.png 140w, https:\/\/lesrencontreseconomiques.fr\/wp-content\/uploads\/2023\/06\/4-1-290x290.png 290w, https:\/\/lesrencontreseconomiques.fr\/wp-content\/uploads\/2023\/06\/4-1.png 720w\" sizes=\"(max-width: 224px) 100vw, 224px\" \/><\/div>\n<\/p><\/div>\n<div class=\"description cp-texte\" data-aos=\"fade-up\" data-aos-anchor-placement=\"top-bottom\" data-aos-offset=\"200\">\n<h2>Deux expositions \u00e0 d\u00e9couvrir<\/h2>\n<p>Pendant les Rencontres, deux expositions sont organis\u00e9es dans le parc Jourdan. D\u00e9couvrez dans l&rsquo;all\u00e9e centrale l&rsquo;exposition C\u00e9zanne, qui vous donnera un avant-go\u00fbt de la saison culturelle 2025 d&rsquo;Aix-en-Provence. Vous pourrez aussi admirer au c\u0153ur du parc les plus belles photos de la cartographie \u00ab\u00a0Recr\u00e9er l&rsquo;espoir\u00a0\u00bb, organis\u00e9e par les Rencontres avec Veolia et Wipplay.<\/p>\n<p><a class=\"cp-cta-bouton\" href=\"https:\/\/lesrencontreseconomiques.fr\/autour-des-rencontres\/photo\/\">En savoir plus<\/a><\/p>\n<\/p><\/div>\n<\/p><\/div>\n<\/div>\n<div class=\"-wrapper -846 -mt-90 -mb-90\">\n<div class=\"cp-cta-image-texte\">\n<div class=\"media \" data-aos=\"fade-right\" data-aos-anchor-placement=\"top-bottom\" data-aos-offset=\"200\">\n<div class=\"image -walc \" style=\"padding-top:100%\"><img width=\"224\" height=\"224\" src=\"https:\/\/lesrencontreseconomiques.fr\/wp-content\/uploads\/2023\/06\/3-1-224x224.png\" class=\"attachment-small size-small\" alt=\"\" decoding=\"async\" loading=\"lazy\" srcset=\"https:\/\/lesrencontreseconomiques.fr\/wp-content\/uploads\/2023\/06\/3-1-224x224.png 224w, https:\/\/lesrencontreseconomiques.fr\/wp-content\/uploads\/2023\/06\/3-1-490x490.png 490w, https:\/\/lesrencontreseconomiques.fr\/wp-content\/uploads\/2023\/06\/3-1-668x668.png 668w, https:\/\/lesrencontreseconomiques.fr\/wp-content\/uploads\/2023\/06\/3-1-150x150.png 150w, https:\/\/lesrencontreseconomiques.fr\/wp-content\/uploads\/2023\/06\/3-1-140x140.png 140w, https:\/\/lesrencontreseconomiques.fr\/wp-content\/uploads\/2023\/06\/3-1-290x290.png 290w, https:\/\/lesrencontreseconomiques.fr\/wp-content\/uploads\/2023\/06\/3-1.png 720w\" sizes=\"(max-width: 224px) 100vw, 224px\" \/><\/div>\n<\/p><\/div>\n<div class=\"description cp-texte\" data-aos=\"fade-up\" data-aos-anchor-placement=\"top-bottom\" data-aos-offset=\"200\">\n<h2>Librairie Fnac<\/h2>\n<p>La Fnac, 1er libraire en France, propose lors des Rencontres \u00c9conomiques d\u2019Aix-en-Provence une s\u00e9lection de livres qui s\u2019inscrivent dans le prolongement des th\u00e9matiques abord\u00e9es lors des conf\u00e9rences : \u00e9conomie, entreprise, droit, sociologie, environnement, RSE, etc. Retrouvez \u00e0 la librairie Fnac une s\u00e9lection de vinyles et divers accessoires ainsi qu\u2019un espace o\u00f9 vous pourrez faire d\u00e9dicacer les ouvrages d\u2019auteurs invit\u00e9s.<\/p>\n<\/p><\/div>\n<\/p><\/div>\n<\/div>\n<div class=\"cp-section-header -wrapper -668 -mt-90\">\n<h2 class=\"cp-titre-2 -section\">En photos<\/h2>\n<\/div>\n<div class=\"-wrapper -668 -mb-90\">\n<div class=\"cp-photo-grid -photoswipe\">\n<p>\t\t<a href=\"https:\/\/lesrencontreseconomiques.fr\/wp-content\/uploads\/2023\/06\/E2A0627.jpg\" target=\"_blank\" data-width=\"1600\" data-height=\"1067\" rel=\"noopener\"><br \/>\n\t\t\t<img class=\"lazy\" data-src=\"https:\/\/lesrencontreseconomiques.fr\/wp-content\/uploads\/2023\/06\/E2A0627-490x327.jpg\" width=\"490\" height=\"327\" alt=\"\"><br \/>\n\t\t<\/a><\/p>\n<p>\t\t<a href=\"https:\/\/lesrencontreseconomiques.fr\/wp-content\/uploads\/2023\/06\/AIX_9470.jpg\" target=\"_blank\" data-width=\"1600\" data-height=\"1067\" rel=\"noopener\"><br \/>\n\t\t\t<img class=\"lazy\" data-src=\"https:\/\/lesrencontreseconomiques.fr\/wp-content\/uploads\/2023\/06\/AIX_9470-490x327.jpg\" width=\"490\" height=\"327\" alt=\"\"><br \/>\n\t\t<\/a><\/p>\n<p>\t\t<a href=\"https:\/\/lesrencontreseconomiques.fr\/wp-content\/uploads\/2023\/06\/AIX_9094.jpg\" target=\"_blank\" data-width=\"1600\" data-height=\"1067\" rel=\"noopener\"><br \/>\n\t\t\t<img class=\"lazy\" data-src=\"https:\/\/lesrencontreseconomiques.fr\/wp-content\/uploads\/2023\/06\/AIX_9094-490x327.jpg\" width=\"490\" height=\"327\" alt=\"\"><br \/>\n\t\t<\/a><\/p>\n<p>\t\t<a href=\"https:\/\/lesrencontreseconomiques.fr\/wp-content\/uploads\/2023\/06\/E2A0629.jpg\" target=\"_blank\" data-width=\"1600\" data-height=\"1067\" rel=\"noopener\"><br \/>\n\t\t\t<img class=\"lazy\" data-src=\"https:\/\/lesrencontreseconomiques.fr\/wp-content\/uploads\/2023\/06\/E2A0629-490x327.jpg\" width=\"490\" height=\"327\" alt=\"\"><br \/>\n\t\t<\/a><\/p><\/div>\n<\/div>\n<div class=\"-wrapper -668 -mt-90 -mb-90\">\n<div class=\"cp-intro -texte\">\n<div class=\"description\">\n<div class=\"cp-texte\">\n<h2>Acc\u00e9der au parc<\/h2>\n<p><strong>Parc Jourdan &#8211; Avenue Anatole France &#8211; 13100 Aix-en-Provence<\/strong><\/p>\n<p><iframe loading=\"lazy\" style=\"border: 0;\" src=\"https:\/\/www.google.com\/maps\/embed?pb=!1m10!1m8!1m3!1d5786.025751569379!2d5.450018789326096!3d43.5229242218129!3m2!1i1024!2i768!4f13.1!5e0!3m2!1sfr!2sfr!4v1683625184838!5m2!1sfr!2sfr\" width=\"600\" height=\"450\" allowfullscreen=\"allowfullscreen\"><\/iframe><\/p>\n<\/p><\/div>\n<\/p><\/div>\n<\/p><\/div>\n<\/p><\/div>\n","protected":false},"excerpt":{"rendered":"<p>Trois jours de d\u00e9bats dans le cadre exceptionnel du parc Jourdan Pendant trois jours, le Parc Jourdan d&rsquo;Aix-en-Provence devient le centre du d\u00e9bat \u00e9conomique et social en Europe. Dirigeants d&rsquo;institutions internationales, chefs d&rsquo;entreprise, \u00e9lus, activistes, \u00e9tudiants&#8230; 380 intervenants de 47 pays c\u00f4toient plus de 5000 participants dans une ambiance unique, avec une proximit\u00e9 in\u00e9gal\u00e9e permettant [&hellip;]<\/p>\n","protected":false},"author":2,"featured_media":0,"parent":7846,"menu_order":0,"comment_status":"closed","ping_status":"closed","template":"","meta":{"footnotes":""},"acf":[],"yoast_head":"<!-- This site is optimized with the Yoast SEO plugin v22.0 - https:\/\/yoast.com\/wordpress\/plugins\/seo\/ -->\n<title>Le parc Jourdan - Les Rencontres \u00c9conomiques<\/title>\n<meta name=\"robots\" content=\"index, follow, max-snippet:-1, max-image-preview:large, max-video-preview:-1\" \/>\n<link rel=\"canonical\" href=\"https:\/\/lesrencontreseconomiques.fr\/autour-des-rencontres\/parc-jourdan\/\" \/>\n<meta property=\"og:locale\" content=\"fr_FR\" \/>\n<meta property=\"og:type\" content=\"article\" \/>\n<meta property=\"og:description\" content=\"Trois jours de d\u00e9bats dans le cadre exceptionnel du parc Jourdan Pendant trois jours, le Parc Jourdan d&rsquo;Aix-en-Provence devient le centre du d\u00e9bat \u00e9conomique et social en Europe. Dirigeants d&rsquo;institutions internationales, chefs d&rsquo;entreprise, \u00e9lus, activistes, \u00e9tudiants&#8230; 380 intervenants de 47 pays c\u00f4toient plus de 5000 participants dans une ambiance unique, avec une proximit\u00e9 in\u00e9gal\u00e9e permettant [&hellip;]\" \/>\n<meta property=\"og:url\" content=\"https:\/\/lesrencontreseconomiques.fr\/autour-des-rencontres\/parc-jourdan\/\" \/>\n<meta property=\"og:site_name\" content=\"Les Rencontres \u00c9conomiques\" \/>\n<meta property=\"article:publisher\" content=\"https:\/\/www.facebook.com\/Le.Cercle.des.Economistes\/\" \/>\n<meta property=\"article:modified_time\" content=\"2023-06-30T15:36:56+00:00\" \/>\n<meta property=\"og:image\" content=\"https:\/\/lesrencontreseconomiques.fr\/wp-content\/uploads\/2023\/06\/REAIX23_badge_PLAN-horizontal-668x484.png\" \/>\n<meta name=\"twitter:card\" content=\"summary_large_image\" \/>\n<meta name=\"twitter:site\" content=\"@Cercle_eco\" \/>\n<script type=\"application\/ld+json\" class=\"yoast-schema-graph\">{\"@context\":\"https:\/\/schema.org\",\"@graph\":[{\"@type\":\"WebPage\",\"@id\":\"https:\/\/lesrencontreseconomiques.fr\/autour-des-rencontres\/parc-jourdan\/\",\"url\":\"https:\/\/lesrencontreseconomiques.fr\/autour-des-rencontres\/parc-jourdan\/\",\"name\":\"Le parc Jourdan - Les Rencontres \u00c9conomiques\",\"isPartOf\":{\"@id\":\"https:\/\/lesrencontreseconomiques.fr\/#website\"},\"datePublished\":\"2023-06-14T17:05:42+00:00\",\"dateModified\":\"2023-06-30T15:36:56+00:00\",\"breadcrumb\":{\"@id\":\"https:\/\/lesrencontreseconomiques.fr\/autour-des-rencontres\/parc-jourdan\/#breadcrumb\"},\"inLanguage\":\"fr-FR\",\"potentialAction\":[{\"@type\":\"ReadAction\",\"target\":[\"https:\/\/lesrencontreseconomiques.fr\/autour-des-rencontres\/parc-jourdan\/\"]}]},{\"@type\":\"BreadcrumbList\",\"@id\":\"https:\/\/lesrencontreseconomiques.fr\/autour-des-rencontres\/parc-jourdan\/#breadcrumb\",\"itemListElement\":[{\"@type\":\"ListItem\",\"position\":1,\"name\":\"Accueil\",\"item\":\"https:\/\/lesrencontreseconomiques.fr\/\"},{\"@type\":\"ListItem\",\"position\":2,\"name\":\"Autour des Rencontres\",\"item\":\"https:\/\/lesrencontreseconomiques.fr\/autour-des-rencontres\/\"},{\"@type\":\"ListItem\",\"position\":3,\"name\":\"Le parc Jourdan\"}]},{\"@type\":\"WebSite\",\"@id\":\"https:\/\/lesrencontreseconomiques.fr\/#website\",\"url\":\"https:\/\/lesrencontreseconomiques.fr\/\",\"name\":\"Les Rencontres \u00c9conomiques\",\"description\":\"\",\"potentialAction\":[{\"@type\":\"SearchAction\",\"target\":{\"@type\":\"EntryPoint\",\"urlTemplate\":\"https:\/\/lesrencontreseconomiques.fr\/?s={search_term_string}\"},\"query-input\":\"required name=search_term_string\"}],\"inLanguage\":\"fr-FR\"}]}<\/script>\n<!-- \/ Yoast SEO plugin. -->","yoast_head_json":{"title":"Le parc Jourdan - Les Rencontres \u00c9conomiques","robots":{"index":"index","follow":"follow","max-snippet":"max-snippet:-1","max-image-preview":"max-image-preview:large","max-video-preview":"max-video-preview:-1"},"canonical":"https:\/\/lesrencontreseconomiques.fr\/autour-des-rencontres\/parc-jourdan\/","og_locale":"fr_FR","og_type":"article","og_description":"Trois jours de d\u00e9bats dans le cadre exceptionnel du parc Jourdan Pendant trois jours, le Parc Jourdan d&rsquo;Aix-en-Provence devient le centre du d\u00e9bat \u00e9conomique et social en Europe. Dirigeants d&rsquo;institutions internationales, chefs d&rsquo;entreprise, \u00e9lus, activistes, \u00e9tudiants&#8230; 380 intervenants de 47 pays c\u00f4toient plus de 5000 participants dans une ambiance unique, avec une proximit\u00e9 in\u00e9gal\u00e9e permettant [&hellip;]","og_url":"https:\/\/lesrencontreseconomiques.fr\/autour-des-rencontres\/parc-jourdan\/","og_site_name":"Les Rencontres \u00c9conomiques","article_publisher":"https:\/\/www.facebook.com\/Le.Cercle.des.Economistes\/","article_modified_time":"2023-06-30T15:36:56+00:00","og_image":[{"url":"https:\/\/lesrencontreseconomiques.fr\/wp-content\/uploads\/2023\/06\/REAIX23_badge_PLAN-horizontal-668x484.png"}],"twitter_card":"summary_large_image","twitter_site":"@Cercle_eco","schema":{"@context":"https:\/\/schema.org","@graph":[{"@type":"WebPage","@id":"https:\/\/lesrencontreseconomiques.fr\/autour-des-rencontres\/parc-jourdan\/","url":"https:\/\/lesrencontreseconomiques.fr\/autour-des-rencontres\/parc-jourdan\/","name":"Le parc Jourdan - Les Rencontres \u00c9conomiques","isPartOf":{"@id":"https:\/\/lesrencontreseconomiques.fr\/#website"},"datePublished":"2023-06-14T17:05:42+00:00","dateModified":"2023-06-30T15:36:56+00:00","breadcrumb":{"@id":"https:\/\/lesrencontreseconomiques.fr\/autour-des-rencontres\/parc-jourdan\/#breadcrumb"},"inLanguage":"fr-FR","potentialAction":[{"@type":"ReadAction","target":["https:\/\/lesrencontreseconomiques.fr\/autour-des-rencontres\/parc-jourdan\/"]}]},{"@type":"BreadcrumbList","@id":"https:\/\/lesrencontreseconomiques.fr\/autour-des-rencontres\/parc-jourdan\/#breadcrumb","itemListElement":[{"@type":"ListItem","position":1,"name":"Accueil","item":"https:\/\/lesrencontreseconomiques.fr\/"},{"@type":"ListItem","position":2,"name":"Autour des Rencontres","item":"https:\/\/lesrencontreseconomiques.fr\/autour-des-rencontres\/"},{"@type":"ListItem","position":3,"name":"Le parc Jourdan"}]},{"@type":"WebSite","@id":"https:\/\/lesrencontreseconomiques.fr\/#website","url":"https:\/\/lesrencontreseconomiques.fr\/","name":"Les Rencontres \u00c9conomiques","description":"","potentialAction":[{"@type":"SearchAction","target":{"@type":"EntryPoint","urlTemplate":"https:\/\/lesrencontreseconomiques.fr\/?s={search_term_string}"},"query-input":"required name=search_term_string"}],"inLanguage":"fr-FR"}]}},"_links":{"self":[{"href":"https:\/\/lesrencontreseconomiques.fr\/wp-json\/wp\/v2\/pages\/8155"}],"collection":[{"href":"https:\/\/lesrencontreseconomiques.fr\/wp-json\/wp\/v2\/pages"}],"about":[{"href":"https:\/\/lesrencontreseconomiques.fr\/wp-json\/wp\/v2\/types\/page"}],"author":[{"embeddable":true,"href":"https:\/\/lesrencontreseconomiques.fr\/wp-json\/wp\/v2\/users\/2"}],"replies":[{"embeddable":true,"href":"https:\/\/lesrencontreseconomiques.fr\/wp-json\/wp\/v2\/comments?post=8155"}],"version-history":[{"count":18,"href":"https:\/\/lesrencontreseconomiques.fr\/wp-json\/wp\/v2\/pages\/8155\/revisions"}],"predecessor-version":[{"id":9120,"href":"https:\/\/lesrencontreseconomiques.fr\/wp-json\/wp\/v2\/pages\/8155\/revisions\/9120"}],"up":[{"embeddable":true,"href":"https:\/\/lesrencontreseconomiques.fr\/wp-json\/wp\/v2\/pages\/7846"}],"wp:attachment":[{"href":"https:\/\/lesrencontreseconomiques.fr\/wp-json\/wp\/v2\/media?parent=8155"}],"curies":[{"name":"wp","href":"https:\/\/api.w.org\/{rel}","templated":true}]}}