{"id":7978,"date":"2023-06-13T17:43:33","date_gmt":"2023-06-13T15:43:33","guid":{"rendered":"https:\/\/lesrencontreseconomiques.fr\/?page_id=7978"},"modified":"2023-08-11T10:22:22","modified_gmt":"2023-08-11T08:22:22","slug":"cahiers","status":"publish","type":"page","link":"https:\/\/lesrencontreseconomiques.fr\/autour-des-rencontres\/cahiers\/","title":{"rendered":"Les Cahiers des Rencontres \u00c9conomiques d&rsquo;Aix-en-Provence"},"content":{"rendered":"<div class=\"-wrapper -668 -mt-90 -mb-90\">\n<div class=\"cp-intro -texte\">\n<div class=\"description\">\n<div class=\"cp-texte\">\n<h3>Pour vous aider \u00e0 pr\u00e9parer les Rencontres \u00c9conomiques d\u2019Aix-en-Provence, le Cercle des \u00e9conomistes publie une s\u00e9rie de quatre Cahiers, suivant la logique en quatre temps qui structure le <a href=\"https:\/\/lesrencontreseconomiques.fr\/programme\/\">programme des 23\u1d49 Rencontres<\/a> : Dissiper les incertitudes, Recr\u00e9er les espoirs, Faire des choix, Amorcer les rebonds.<\/h3>\n<\/p><\/div>\n<\/p><\/div>\n<\/p><\/div>\n<\/p><\/div>\n<div class=\"-wrapper -846 -mt-90 -mb-90\">\n<div class=\"cp-cta-image-texte\">\n<div class=\"media \" data-aos=\"fade-right\" data-aos-anchor-placement=\"top-bottom\" data-aos-offset=\"200\">\n<div class=\"image -walc \" style=\"padding-top:100%\"><img width=\"224\" height=\"224\" src=\"https:\/\/lesrencontreseconomiques.fr\/wp-content\/uploads\/2023\/06\/Sans-titre-4-224x224.png\" class=\"attachment-small size-small\" alt=\"\" decoding=\"async\" loading=\"lazy\" srcset=\"https:\/\/lesrencontreseconomiques.fr\/wp-content\/uploads\/2023\/06\/Sans-titre-4-224x224.png 224w, https:\/\/lesrencontreseconomiques.fr\/wp-content\/uploads\/2023\/06\/Sans-titre-4-490x490.png 490w, https:\/\/lesrencontreseconomiques.fr\/wp-content\/uploads\/2023\/06\/Sans-titre-4-668x668.png 668w, https:\/\/lesrencontreseconomiques.fr\/wp-content\/uploads\/2023\/06\/Sans-titre-4-150x150.png 150w, https:\/\/lesrencontreseconomiques.fr\/wp-content\/uploads\/2023\/06\/Sans-titre-4-140x140.png 140w, https:\/\/lesrencontreseconomiques.fr\/wp-content\/uploads\/2023\/06\/Sans-titre-4-290x290.png 290w, https:\/\/lesrencontreseconomiques.fr\/wp-content\/uploads\/2023\/06\/Sans-titre-4.png 1080w\" sizes=\"(max-width: 224px) 100vw, 224px\" \/><\/div>\n<\/p><\/div>\n<div class=\"description cp-texte\" data-aos=\"fade-up\" data-aos-anchor-placement=\"top-bottom\" data-aos-offset=\"200\">\n<h2>Dissiper des incertitudes<\/h2>\n<p>Dans ce premier Cahier, huit auteurs abordent les grandes incertitudes qui planent sur le monde d\u2019une mani\u00e8re originale, croisant la science \u00e9conomique et les sciences humaines et sociales. Sur des th\u00e8mes cl\u00e9s, des analyses et propositions \u00e9clairent le d\u00e9bat actuel et permettent au lecteur de dissiper l\u2019incertitude\u2026 ou d\u2019apprendre \u00e0 vivre avec.<\/p>\n<p><strong>Avec les contributions de Christian Gollier, Pascale Hebel, Martin Hirsch, Patrice Huerre, Samuel Jequier, Etienne Klein, Andr\u00e9 Loesekrug-Pietri, Catherine Lubochinsky<\/strong><\/p>\n<p><a class=\"cp-cta-bouton -telecharger\" href=\"https:\/\/lecercledeseconomistes.fr\/wp-content\/uploads\/2023\/03\/230224_cercle-eco_cahier-1-incertitudes-web.pdf\" target=\"_blank\" rel=\"noopener\">T\u00e9l\u00e9charger le Cahier<\/a><\/p>\n<\/p><\/div>\n<\/p><\/div>\n<\/div>\n<div class=\"-wrapper -846 -mt-90 -mb-90\">\n<div class=\"cp-cta-image-texte\">\n<div class=\"media \" data-aos=\"fade-right\" data-aos-anchor-placement=\"top-bottom\" data-aos-offset=\"200\">\n<div class=\"image -walc \" style=\"padding-top:100%\"><img width=\"224\" height=\"224\" src=\"https:\/\/lesrencontreseconomiques.fr\/wp-content\/uploads\/2023\/08\/cahier-2-carre-224x224.png\" class=\"attachment-small size-small\" alt=\"\" decoding=\"async\" loading=\"lazy\" srcset=\"https:\/\/lesrencontreseconomiques.fr\/wp-content\/uploads\/2023\/08\/cahier-2-carre-224x224.png 224w, https:\/\/lesrencontreseconomiques.fr\/wp-content\/uploads\/2023\/08\/cahier-2-carre-490x490.png 490w, https:\/\/lesrencontreseconomiques.fr\/wp-content\/uploads\/2023\/08\/cahier-2-carre-150x150.png 150w, https:\/\/lesrencontreseconomiques.fr\/wp-content\/uploads\/2023\/08\/cahier-2-carre-140x140.png 140w, https:\/\/lesrencontreseconomiques.fr\/wp-content\/uploads\/2023\/08\/cahier-2-carre-290x290.png 290w, https:\/\/lesrencontreseconomiques.fr\/wp-content\/uploads\/2023\/08\/cahier-2-carre.png 494w\" sizes=\"(max-width: 224px) 100vw, 224px\" \/><\/div>\n<\/p><\/div>\n<div class=\"description cp-texte\" data-aos=\"fade-up\" data-aos-anchor-placement=\"top-bottom\" data-aos-offset=\"200\">\n<h2>Recr\u00e9er les espoirs<\/h2>\n<p>Dans ce deuxi\u00e8me Cahier, neuf auteurs \u00e9tudient des domaines, qui touchent au bien-\u00eatre, \u00e0 la prise de conscience \u00e9cologique, aux innovations technologiques, humaines ou aux grandes tendances soci\u00e9tales, sur lesquels nous pouvons nous appuyer pour insuffler un renouveau de nos soci\u00e9t\u00e9s. Ils montrent chacun que d\u2019une difficult\u00e9, d\u2019une contestation ou d\u2019une peur, peut sortir une raison d\u2019esp\u00e9rer.<\/p>\n<p><strong>Avec les contributions de Steven Erlanger, Patrice Geoffron, Aur\u00e9lie Jean, Axelle Lemaire, Jean-Herv\u00e9 Lorenzi, Sylvie Matelly, Juliette Quef, Claire Thoury, Helen Verryser<\/strong><\/p>\n<p><a class=\"cp-cta-bouton -telecharger\" href=\"https:\/\/lecercledeseconomistes.fr\/wp-content\/uploads\/2023\/05\/230519_cercle-eco_cahier-2-espoirs-web.pdf\" target=\"_blank\" rel=\"noopener\">T\u00e9l\u00e9charger le Cahier<\/a><\/p>\n<\/p><\/div>\n<\/p><\/div>\n<\/div>\n<div class=\"-wrapper -846 -mt-90 -mb-90\">\n<div class=\"cp-cta-image-texte\">\n<div class=\"media \" data-aos=\"fade-right\" data-aos-anchor-placement=\"top-bottom\" data-aos-offset=\"200\">\n<div class=\"image -walc \" style=\"padding-top:100%\"><img width=\"224\" height=\"224\" src=\"https:\/\/lesrencontreseconomiques.fr\/wp-content\/uploads\/2023\/06\/Cahier-3-224x224.png\" class=\"attachment-small size-small\" alt=\"\" decoding=\"async\" loading=\"lazy\" srcset=\"https:\/\/lesrencontreseconomiques.fr\/wp-content\/uploads\/2023\/06\/Cahier-3-224x224.png 224w, https:\/\/lesrencontreseconomiques.fr\/wp-content\/uploads\/2023\/06\/Cahier-3-490x490.png 490w, https:\/\/lesrencontreseconomiques.fr\/wp-content\/uploads\/2023\/06\/Cahier-3-150x150.png 150w, https:\/\/lesrencontreseconomiques.fr\/wp-content\/uploads\/2023\/06\/Cahier-3-140x140.png 140w, https:\/\/lesrencontreseconomiques.fr\/wp-content\/uploads\/2023\/06\/Cahier-3-290x290.png 290w, https:\/\/lesrencontreseconomiques.fr\/wp-content\/uploads\/2023\/06\/Cahier-3.png 494w\" sizes=\"(max-width: 224px) 100vw, 224px\" \/><\/div>\n<\/p><\/div>\n<div class=\"description cp-texte\" data-aos=\"fade-up\" data-aos-anchor-placement=\"top-bottom\" data-aos-offset=\"200\">\n<h2>Faire des choix<\/h2>\n<p>Dans ce Cahier, le Cercle des \u00e9conomistes a rassembl\u00e9 les contributions de huit auteurs, nous montrant que pour chaque question qui se pose \u00e0 nous, il est possible de faire des choix, qu\u2019il s\u2019agisse de l\u2019\u00e9volution de la d\u00e9mographie, de la gestion des ressources naturelles, de l\u2019atteinte du plein emploi ou encore du logement pour tous.<\/p>\n<p><strong>Avec les contributions de : Caroline Douay, Louis Gallois, Anne-Marie Idrac, Mary-Fran\u00e7oise Renard, Pauline Rossi, Katheline Schubert, Stefanie Stantcheva<\/strong><\/p>\n<p><a class=\"cp-cta-bouton -telecharger\" href=\"https:\/\/lecercledeseconomistes.fr\/wp-content\/uploads\/2023\/07\/230626_cercle-eco_cahier-3-choix_web-pages.pdf\" target=\"_blank\" rel=\"noopener\">T\u00e9l\u00e9charger le Cahier<\/a><\/p>\n<\/p><\/div>\n<\/p><\/div>\n<\/div>\n<div class=\"-wrapper -846 -mt-90 -mb-90\">\n<div class=\"cp-cta-image-texte\">\n<div class=\"media \" data-aos=\"fade-right\" data-aos-anchor-placement=\"top-bottom\" data-aos-offset=\"200\">\n<div class=\"image -walc \" style=\"padding-top:100%\"><img width=\"224\" height=\"224\" src=\"https:\/\/lesrencontreseconomiques.fr\/wp-content\/uploads\/2023\/06\/Cahier-4-224x224.png\" class=\"attachment-small size-small\" alt=\"\" decoding=\"async\" loading=\"lazy\" srcset=\"https:\/\/lesrencontreseconomiques.fr\/wp-content\/uploads\/2023\/06\/Cahier-4-224x224.png 224w, https:\/\/lesrencontreseconomiques.fr\/wp-content\/uploads\/2023\/06\/Cahier-4-490x490.png 490w, https:\/\/lesrencontreseconomiques.fr\/wp-content\/uploads\/2023\/06\/Cahier-4-150x150.png 150w, https:\/\/lesrencontreseconomiques.fr\/wp-content\/uploads\/2023\/06\/Cahier-4-140x140.png 140w, https:\/\/lesrencontreseconomiques.fr\/wp-content\/uploads\/2023\/06\/Cahier-4-290x290.png 290w, https:\/\/lesrencontreseconomiques.fr\/wp-content\/uploads\/2023\/06\/Cahier-4.png 494w\" sizes=\"(max-width: 224px) 100vw, 224px\" \/><\/div>\n<\/p><\/div>\n<div class=\"description cp-texte\" data-aos=\"fade-up\" data-aos-anchor-placement=\"top-bottom\" data-aos-offset=\"200\">\n<h2>Amorcer les rebonds<\/h2>\n<p>A para\u00eetre en septembre 2023<\/p>\n<\/p><\/div>\n<\/p><\/div>\n<\/div>\n","protected":false},"excerpt":{"rendered":"<p>Pour vous aider \u00e0 pr\u00e9parer les Rencontres \u00c9conomiques d\u2019Aix-en-Provence, le Cercle des \u00e9conomistes publie une s\u00e9rie de quatre Cahiers, suivant la logique en quatre temps qui structure le programme des 23\u1d49 Rencontres : Dissiper les incertitudes, Recr\u00e9er les espoirs, Faire des choix, Amorcer les rebonds. Dissiper des incertitudes Dans ce premier Cahier, huit auteurs abordent [&hellip;]<\/p>\n","protected":false},"author":2,"featured_media":0,"parent":7846,"menu_order":0,"comment_status":"closed","ping_status":"closed","template":"","meta":{"footnotes":""},"acf":[],"yoast_head":"<!-- This site is optimized with the Yoast SEO plugin v22.0 - https:\/\/yoast.com\/wordpress\/plugins\/seo\/ -->\n<title>Les Cahiers des Rencontres \u00c9conomiques d&#039;Aix-en-Provence - Les Rencontres \u00c9conomiques<\/title>\n<meta name=\"robots\" content=\"index, follow, max-snippet:-1, max-image-preview:large, max-video-preview:-1\" \/>\n<link rel=\"canonical\" href=\"https:\/\/lesrencontreseconomiques.fr\/autour-des-rencontres\/cahiers\/\" \/>\n<meta property=\"og:locale\" content=\"fr_FR\" \/>\n<meta property=\"og:type\" content=\"article\" \/>\n<meta property=\"og:description\" content=\"Pour vous aider \u00e0 pr\u00e9parer les Rencontres \u00c9conomiques d\u2019Aix-en-Provence, le Cercle des \u00e9conomistes publie une s\u00e9rie de quatre Cahiers, suivant la logique en quatre temps qui structure le programme des 23\u1d49 Rencontres : Dissiper les incertitudes, Recr\u00e9er les espoirs, Faire des choix, Amorcer les rebonds. Dissiper des incertitudes Dans ce premier Cahier, huit auteurs abordent [&hellip;]\" \/>\n<meta property=\"og:url\" content=\"https:\/\/lesrencontreseconomiques.fr\/autour-des-rencontres\/cahiers\/\" \/>\n<meta property=\"og:site_name\" content=\"Les Rencontres \u00c9conomiques\" \/>\n<meta property=\"article:publisher\" content=\"https:\/\/www.facebook.com\/Le.Cercle.des.Economistes\/\" \/>\n<meta property=\"article:modified_time\" content=\"2023-08-11T08:22:22+00:00\" \/>\n<meta property=\"og:image\" content=\"https:\/\/lesrencontreseconomiques.fr\/wp-content\/uploads\/2023\/06\/Sans-titre-4-224x224.png\" \/>\n<meta name=\"twitter:card\" content=\"summary_large_image\" \/>\n<meta name=\"twitter:site\" content=\"@Cercle_eco\" \/>\n<script type=\"application\/ld+json\" class=\"yoast-schema-graph\">{\"@context\":\"https:\/\/schema.org\",\"@graph\":[{\"@type\":\"WebPage\",\"@id\":\"https:\/\/lesrencontreseconomiques.fr\/autour-des-rencontres\/cahiers\/\",\"url\":\"https:\/\/lesrencontreseconomiques.fr\/autour-des-rencontres\/cahiers\/\",\"name\":\"Les Cahiers des Rencontres \u00c9conomiques d'Aix-en-Provence - Les Rencontres \u00c9conomiques\",\"isPartOf\":{\"@id\":\"https:\/\/lesrencontreseconomiques.fr\/#website\"},\"datePublished\":\"2023-06-13T15:43:33+00:00\",\"dateModified\":\"2023-08-11T08:22:22+00:00\",\"breadcrumb\":{\"@id\":\"https:\/\/lesrencontreseconomiques.fr\/autour-des-rencontres\/cahiers\/#breadcrumb\"},\"inLanguage\":\"fr-FR\",\"potentialAction\":[{\"@type\":\"ReadAction\",\"target\":[\"https:\/\/lesrencontreseconomiques.fr\/autour-des-rencontres\/cahiers\/\"]}]},{\"@type\":\"BreadcrumbList\",\"@id\":\"https:\/\/lesrencontreseconomiques.fr\/autour-des-rencontres\/cahiers\/#breadcrumb\",\"itemListElement\":[{\"@type\":\"ListItem\",\"position\":1,\"name\":\"Accueil\",\"item\":\"https:\/\/lesrencontreseconomiques.fr\/\"},{\"@type\":\"ListItem\",\"position\":2,\"name\":\"Autour des Rencontres\",\"item\":\"https:\/\/lesrencontreseconomiques.fr\/autour-des-rencontres\/\"},{\"@type\":\"ListItem\",\"position\":3,\"name\":\"Les Cahiers des Rencontres \u00c9conomiques d&rsquo;Aix-en-Provence\"}]},{\"@type\":\"WebSite\",\"@id\":\"https:\/\/lesrencontreseconomiques.fr\/#website\",\"url\":\"https:\/\/lesrencontreseconomiques.fr\/\",\"name\":\"Les Rencontres \u00c9conomiques\",\"description\":\"\",\"potentialAction\":[{\"@type\":\"SearchAction\",\"target\":{\"@type\":\"EntryPoint\",\"urlTemplate\":\"https:\/\/lesrencontreseconomiques.fr\/?s={search_term_string}\"},\"query-input\":\"required name=search_term_string\"}],\"inLanguage\":\"fr-FR\"}]}<\/script>\n<!-- \/ Yoast SEO plugin. -->","yoast_head_json":{"title":"Les Cahiers des Rencontres \u00c9conomiques d'Aix-en-Provence - Les Rencontres \u00c9conomiques","robots":{"index":"index","follow":"follow","max-snippet":"max-snippet:-1","max-image-preview":"max-image-preview:large","max-video-preview":"max-video-preview:-1"},"canonical":"https:\/\/lesrencontreseconomiques.fr\/autour-des-rencontres\/cahiers\/","og_locale":"fr_FR","og_type":"article","og_description":"Pour vous aider \u00e0 pr\u00e9parer les Rencontres \u00c9conomiques d\u2019Aix-en-Provence, le Cercle des \u00e9conomistes publie une s\u00e9rie de quatre Cahiers, suivant la logique en quatre temps qui structure le programme des 23\u1d49 Rencontres : Dissiper les incertitudes, Recr\u00e9er les espoirs, Faire des choix, Amorcer les rebonds. Dissiper des incertitudes Dans ce premier Cahier, huit auteurs abordent [&hellip;]","og_url":"https:\/\/lesrencontreseconomiques.fr\/autour-des-rencontres\/cahiers\/","og_site_name":"Les Rencontres \u00c9conomiques","article_publisher":"https:\/\/www.facebook.com\/Le.Cercle.des.Economistes\/","article_modified_time":"2023-08-11T08:22:22+00:00","og_image":[{"url":"https:\/\/lesrencontreseconomiques.fr\/wp-content\/uploads\/2023\/06\/Sans-titre-4-224x224.png"}],"twitter_card":"summary_large_image","twitter_site":"@Cercle_eco","schema":{"@context":"https:\/\/schema.org","@graph":[{"@type":"WebPage","@id":"https:\/\/lesrencontreseconomiques.fr\/autour-des-rencontres\/cahiers\/","url":"https:\/\/lesrencontreseconomiques.fr\/autour-des-rencontres\/cahiers\/","name":"Les Cahiers des Rencontres \u00c9conomiques d'Aix-en-Provence - Les Rencontres \u00c9conomiques","isPartOf":{"@id":"https:\/\/lesrencontreseconomiques.fr\/#website"},"datePublished":"2023-06-13T15:43:33+00:00","dateModified":"2023-08-11T08:22:22+00:00","breadcrumb":{"@id":"https:\/\/lesrencontreseconomiques.fr\/autour-des-rencontres\/cahiers\/#breadcrumb"},"inLanguage":"fr-FR","potentialAction":[{"@type":"ReadAction","target":["https:\/\/lesrencontreseconomiques.fr\/autour-des-rencontres\/cahiers\/"]}]},{"@type":"BreadcrumbList","@id":"https:\/\/lesrencontreseconomiques.fr\/autour-des-rencontres\/cahiers\/#breadcrumb","itemListElement":[{"@type":"ListItem","position":1,"name":"Accueil","item":"https:\/\/lesrencontreseconomiques.fr\/"},{"@type":"ListItem","position":2,"name":"Autour des Rencontres","item":"https:\/\/lesrencontreseconomiques.fr\/autour-des-rencontres\/"},{"@type":"ListItem","position":3,"name":"Les Cahiers des Rencontres \u00c9conomiques d&rsquo;Aix-en-Provence"}]},{"@type":"WebSite","@id":"https:\/\/lesrencontreseconomiques.fr\/#website","url":"https:\/\/lesrencontreseconomiques.fr\/","name":"Les Rencontres \u00c9conomiques","description":"","potentialAction":[{"@type":"SearchAction","target":{"@type":"EntryPoint","urlTemplate":"https:\/\/lesrencontreseconomiques.fr\/?s={search_term_string}"},"query-input":"required name=search_term_string"}],"inLanguage":"fr-FR"}]}},"_links":{"self":[{"href":"https:\/\/lesrencontreseconomiques.fr\/wp-json\/wp\/v2\/pages\/7978"}],"collection":[{"href":"https:\/\/lesrencontreseconomiques.fr\/wp-json\/wp\/v2\/pages"}],"about":[{"href":"https:\/\/lesrencontreseconomiques.fr\/wp-json\/wp\/v2\/types\/page"}],"author":[{"embeddable":true,"href":"https:\/\/lesrencontreseconomiques.fr\/wp-json\/wp\/v2\/users\/2"}],"replies":[{"embeddable":true,"href":"https:\/\/lesrencontreseconomiques.fr\/wp-json\/wp\/v2\/comments?post=7978"}],"version-history":[{"count":16,"href":"https:\/\/lesrencontreseconomiques.fr\/wp-json\/wp\/v2\/pages\/7978\/revisions"}],"predecessor-version":[{"id":11740,"href":"https:\/\/lesrencontreseconomiques.fr\/wp-json\/wp\/v2\/pages\/7978\/revisions\/11740"}],"up":[{"embeddable":true,"href":"https:\/\/lesrencontreseconomiques.fr\/wp-json\/wp\/v2\/pages\/7846"}],"wp:attachment":[{"href":"https:\/\/lesrencontreseconomiques.fr\/wp-json\/wp\/v2\/media?parent=7978"}],"curies":[{"name":"wp","href":"https:\/\/api.w.org\/{rel}","templated":true}]}}