{"id":7933,"date":"2023-06-13T16:44:09","date_gmt":"2023-06-13T14:44:09","guid":{"rendered":"https:\/\/lesrencontreseconomiques.fr\/?page_id=7933"},"modified":"2023-06-23T16:56:20","modified_gmt":"2023-06-23T14:56:20","slug":"generation-economie","status":"publish","type":"page","link":"https:\/\/lesrencontreseconomiques.fr\/autour-des-rencontres\/generation-economie\/","title":{"rendered":"G\u00e9n\u00e9ration \u00c9conomie &#8211; Assistez \u00e0 l&rsquo;enregistrement du dernier \u00e9pisode de la saison"},"content":{"rendered":"<div class=\"-wrapper -668 -mt-90 -mb-90\">\n<div class=\"cp-intro -texte\">\n<div class=\"description\">\n<div class=\"cp-texte\">\n<h2>SAMEDI 8 JUILLET\u00a0 |\u00a0 7H30<\/h2>\n<h3>Alors que la premi\u00e8re saison de G\u00e9n\u00e9ration \u00c9conomie touche \u00e0 sa fin, assistez en direct \u00e0 l&rsquo;enregistrement du douzi\u00e8me \u00e9pisode.<\/h3>\n<p><strong>L&rsquo;enregistrement aura lieu entre les amphis 3 et 4 de 7h30 \u00e0 8h10.<\/strong><\/p>\n<p>Qui ne s\u2019est jamais demand\u00e9 pourquoi les imp\u00f4ts existent, si la d\u00e9mocratie est obsol\u00e8te, si les in\u00e9galit\u00e9s vont un jour dispara\u00eetre ou pourquoi il est si compliqu\u00e9 de faire de la lutte contre le changement climatique une priorit\u00e9 ? Gr\u00e2ce aux travaux de jeunes \u00e9conomistes, G\u00e9n\u00e9ration \u00c9conomie d\u00e9crypte ces sujets qui agitent les d\u00e9bats de notre soci\u00e9t\u00e9 et impactent notre vie au quotidien. A leurs c\u00f4t\u00e9s pour en discuter : de jeunes adultes qui cherchent \u00e0 comprendre les enjeux de notre si\u00e8cle et, pourquoi pas, \u00e0 changer les choses.<\/p>\n<\/p><\/div>\n<\/p><\/div>\n<\/p><\/div>\n<\/p><\/div>\n<div class=\"-wrapper -668 -mt-90 -mb-minus-50\">\n<h2 class=\"cp-titre-rouge\">\u00c9coutez les \u00e9pisodes de la saison 1<\/h2>\n<\/div>\n<div class=\"-wrapper -668 -mt-90 -mb-90\">\n<div class=\"cp-intro -texte\">\n<div class=\"description\">\n<div class=\"cp-texte\">\n\t\t\t\t<iframe name=\"Ausha Podcast Player\" frameborder=\"0\" loading=\"lazy\" id=\"ausha-2vv0\" height=\"220\" style=\"border: none; width:100%; height:220px\" src=\"https:\/\/player.ausha.co\/index.html?showId=YPrXOiGkn9KQ&#038;color=%234f26db&#038;podcastId=5r0pvUmX1xn2&#038;v=3&#038;playerId=ausha-2vv0\"><\/iframe><script src=\"https:\/\/player.ausha.co\/ausha-player.js\"><\/script>\t\t\t<\/div>\n<\/p><\/div>\n<\/p><\/div>\n<\/div>\n<div class=\"-wrapper -668 -mt-90 -mb-90\">\n<div class=\"cp-intro -texte\">\n<div class=\"description\">\n<div class=\"cp-texte\">\n\t\t\t\t<iframe class=\"no-responsive\" name=\"Ausha Podcast Player\" frameborder=\"0\" loading=\"lazy\" id=\"ausha-HtGI\" height=\"220\" style=\"border: none; width:100%; height:220px\" src=\"https:\/\/player.ausha.co\/index.html?showId=YPrXOiGkn9KQ&#038;color=%234f26db&#038;podcastId=vp1MaTdYYp0N&#038;v=3&#038;playerId=ausha-HtGI\"><\/iframe><script src=\"https:\/\/player.ausha.co\/ausha-player.js\"><\/script>\t\t\t<\/div>\n<\/p><\/div>\n<\/p><\/div>\n<\/div>\n<div class=\"-wrapper -668 -mt-90 -mb-90\">\n<div class=\"cp-intro -texte\">\n<div class=\"description\">\n<div class=\"cp-texte\">\n\t\t\t\t<iframe class=\"no-responsive\" name=\"Ausha Podcast Player\" frameborder=\"0\" loading=\"lazy\" id=\"ausha-B2AK\" height=\"220\" style=\"border: none; width:100%; height:220px\" src=\"https:\/\/player.ausha.co\/index.html?showId=YPrXOiGkn9KQ&#038;color=%234f26db&#038;podcastId=lDmzVFLk48lQ&#038;v=3&#038;playerId=ausha-B2AK\"><\/iframe><script src=\"https:\/\/player.ausha.co\/ausha-player.js\"><\/script>\t\t\t<\/div>\n<\/p><\/div>\n<\/p><\/div>\n<\/div>\n<div class=\"-wrapper -668 -mt-90 -mb-90\">\n<div class=\"cp-intro -texte\">\n<div class=\"description\">\n<div class=\"cp-texte\">\n\t\t\t\t<iframe class=\"no-responsive\" name=\"Ausha Podcast Player\" frameborder=\"0\" loading=\"lazy\" id=\"ausha-WJWD\" height=\"220\" style=\"border: none; width:100%; height:220px\" src=\"https:\/\/player.ausha.co\/index.html?showId=YPrXOiGkn9KQ&#038;color=%234f26db&#038;podcastId=aKWY5FNJMvL0&#038;v=3&#038;playerId=ausha-WJWD\"><\/iframe><script src=\"https:\/\/player.ausha.co\/ausha-player.js\"><\/script>\t\t\t<\/div>\n<\/p><\/div>\n<\/p><\/div>\n<\/div>\n<div class=\"-wrapper -668 -mt-90 -mb-90\">\n<div class=\"cp-intro -texte\">\n<div class=\"description\">\n<div class=\"cp-texte\">\n\t\t\t\t<iframe class=\"no-responsive\" name=\"Ausha Podcast Player\" frameborder=\"0\" loading=\"lazy\" id=\"ausha-nrfe\" height=\"220\" style=\"border: none; width:100%; height:220px\" src=\"https:\/\/player.ausha.co\/index.html?showId=YPrXOiGkn9KQ&#038;color=%234f26db&#038;podcastId=nrgq1ULnngPm&#038;v=3&#038;playerId=ausha-nrfe\"><\/iframe><script src=\"https:\/\/player.ausha.co\/ausha-player.js\"><\/script>\t\t\t<\/div>\n<\/p><\/div>\n<\/p><\/div>\n<\/div>\n<div class=\"-wrapper -668 -mt-90 -mb-90\">\n<div class=\"cp-intro -texte\">\n<div class=\"description\">\n<div class=\"cp-texte\">\n\t\t\t\t<iframe class=\"no-responsive\" name=\"Ausha Podcast Player\" frameborder=\"0\" loading=\"lazy\" id=\"ausha-tddM\" height=\"220\" style=\"border: none; width:100%; height:220px\" src=\"https:\/\/player.ausha.co\/index.html?showId=YPrXOiGkn9KQ&#038;color=%234f26db&#038;podcastId=mXgKNIGN97Gm&#038;v=3&#038;playerId=ausha-tddM\"><\/iframe><script src=\"https:\/\/player.ausha.co\/ausha-player.js\"><\/script>\t\t\t<\/div>\n<\/p><\/div>\n<\/p><\/div>\n<\/div>\n<div class=\"-wrapper -668 -mt-90 -mb-90\">\n<div class=\"cp-intro -texte\">\n<div class=\"description\">\n<div class=\"cp-texte\">\n\t\t\t\t<iframe class=\"no-responsive\" name=\"Ausha Podcast Player\" frameborder=\"0\" loading=\"lazy\" id=\"ausha-11uq\" height=\"220\" style=\"border: none; width:100%; height:220px\" src=\"https:\/\/player.ausha.co\/index.html?showId=YPrXOiGkn9KQ&#038;color=%234f26db&#038;podcastId=WxWmViDXAGnQ&#038;v=3&#038;playerId=ausha-11uq\"><\/iframe><script src=\"https:\/\/player.ausha.co\/ausha-player.js\"><\/script>\t\t\t<\/div>\n<\/p><\/div>\n<\/p><\/div>\n<\/div>\n<div class=\"-wrapper -668 -mt-90 -mb-90\">\n<div class=\"cp-intro -texte\">\n<div class=\"description\">\n<div class=\"cp-texte\">\n\t\t\t\t<iframe class=\"no-responsive\" name=\"Ausha Podcast Player\" frameborder=\"0\" loading=\"lazy\" id=\"ausha-U1Cx\" height=\"220\" style=\"border: none; width:100%; height:220px\" src=\"https:\/\/player.ausha.co\/index.html?showId=YPrXOiGkn9KQ&#038;color=%234f26db&#038;podcastId=10vNrIE7gNOP&#038;v=3&#038;playerId=ausha-U1Cx\"><\/iframe><script src=\"https:\/\/player.ausha.co\/ausha-player.js\"><\/script>\t\t\t<\/div>\n<\/p><\/div>\n<\/p><\/div>\n<\/div>\n<div class=\"-wrapper -668 -mt-90 -mb-90\">\n<div class=\"cp-intro -texte\">\n<div class=\"description\">\n<div class=\"cp-texte\">\n\t\t\t\t<iframe class=\"no-responsive\" name=\"Ausha Podcast Player\" frameborder=\"0\" loading=\"lazy\" id=\"ausha-AKve\" height=\"220\" style=\"border: none; width:100%; height:220px\" src=\"https:\/\/player.ausha.co\/index.html?showId=YPrXOiGkn9KQ&#038;color=%234f26db&#038;podcastId=8wdLWTpL71Dw&#038;v=3&#038;playerId=ausha-AKve\"><\/iframe><script src=\"https:\/\/player.ausha.co\/ausha-player.js\"><\/script>\t\t\t<\/div>\n<\/p><\/div>\n<\/p><\/div>\n<\/div>\n<div class=\"-wrapper -668 -mt-90 -mb-90\">\n<div class=\"cp-intro -texte\">\n<div class=\"description\">\n<div class=\"cp-texte\">\n\t\t\t\t<iframe class=\"no-responsive\" name=\"Ausha Podcast Player\" frameborder=\"0\" loading=\"lazy\" id=\"ausha-kOOV\" height=\"220\" style=\"border: none; width:100%; height:220px\" src=\"https:\/\/player.ausha.co\/index.html?showId=YPrXOiGkn9KQ&#038;color=%234f26db&#038;podcastId=5r0pvUngjm0Y&#038;v=3&#038;playerId=ausha-kOOV\"><\/iframe><script src=\"https:\/\/player.ausha.co\/ausha-player.js\"><\/script>\t\t\t<\/div>\n<\/p><\/div>\n<\/p><\/div>\n<\/div>\n<div class=\"-wrapper -668 -mt-90 -mb-90\">\n<div class=\"cp-intro -texte\">\n<div class=\"description\">\n<div class=\"cp-texte\">\n\t\t\t\t<iframe class=\"no-responsive\" name=\"Ausha Podcast Player\" frameborder=\"0\" loading=\"lazy\" id=\"ausha-DVAb\" height=\"220\" style=\"border: none; width:100%; height:220px\" src=\"https:\/\/player.ausha.co\/index.html?showId=YPrXOiGkn9KQ&#038;color=%234f26db&#038;podcastId=XZ6VNcX88pJJ&#038;v=3&#038;playerId=ausha-DVAb\"><\/iframe><script src=\"https:\/\/player.ausha.co\/ausha-player.js\"><\/script>\t\t\t<\/div>\n<\/p><\/div>\n<\/p><\/div>\n<\/div>\n","protected":false},"excerpt":{"rendered":"<p>SAMEDI 8 JUILLET\u00a0 |\u00a0 7H30 Alors que la premi\u00e8re saison de G\u00e9n\u00e9ration \u00c9conomie touche \u00e0 sa fin, assistez en direct \u00e0 l&rsquo;enregistrement du douzi\u00e8me \u00e9pisode. L&rsquo;enregistrement aura lieu entre les amphis 3 et 4 de 7h30 \u00e0 8h10. Qui ne s\u2019est jamais demand\u00e9 pourquoi les imp\u00f4ts existent, si la d\u00e9mocratie est obsol\u00e8te, si les in\u00e9galit\u00e9s [&hellip;]<\/p>\n","protected":false},"author":2,"featured_media":0,"parent":7846,"menu_order":0,"comment_status":"closed","ping_status":"closed","template":"","meta":{"footnotes":""},"acf":[],"yoast_head":"<!-- This site is optimized with the Yoast SEO plugin v22.0 - https:\/\/yoast.com\/wordpress\/plugins\/seo\/ -->\n<title>G\u00e9n\u00e9ration \u00c9conomie - Assistez \u00e0 l&#039;enregistrement du dernier \u00e9pisode de la saison - Les Rencontres \u00c9conomiques<\/title>\n<meta name=\"robots\" content=\"index, follow, max-snippet:-1, max-image-preview:large, max-video-preview:-1\" \/>\n<link rel=\"canonical\" href=\"https:\/\/lesrencontreseconomiques.fr\/autour-des-rencontres\/generation-economie\/\" \/>\n<meta property=\"og:locale\" content=\"fr_FR\" \/>\n<meta property=\"og:type\" content=\"article\" \/>\n<meta property=\"og:description\" content=\"SAMEDI 8 JUILLET\u00a0 |\u00a0 7H30 Alors que la premi\u00e8re saison de G\u00e9n\u00e9ration \u00c9conomie touche \u00e0 sa fin, assistez en direct \u00e0 l&rsquo;enregistrement du douzi\u00e8me \u00e9pisode. L&rsquo;enregistrement aura lieu entre les amphis 3 et 4 de 7h30 \u00e0 8h10. Qui ne s\u2019est jamais demand\u00e9 pourquoi les imp\u00f4ts existent, si la d\u00e9mocratie est obsol\u00e8te, si les in\u00e9galit\u00e9s [&hellip;]\" \/>\n<meta property=\"og:url\" content=\"https:\/\/lesrencontreseconomiques.fr\/autour-des-rencontres\/generation-economie\/\" \/>\n<meta property=\"og:site_name\" content=\"Les Rencontres \u00c9conomiques\" \/>\n<meta property=\"article:publisher\" content=\"https:\/\/www.facebook.com\/Le.Cercle.des.Economistes\/\" \/>\n<meta property=\"article:modified_time\" content=\"2023-06-23T14:56:20+00:00\" \/>\n<meta name=\"twitter:card\" content=\"summary_large_image\" \/>\n<meta name=\"twitter:site\" content=\"@Cercle_eco\" \/>\n<script type=\"application\/ld+json\" class=\"yoast-schema-graph\">{\"@context\":\"https:\/\/schema.org\",\"@graph\":[{\"@type\":\"WebPage\",\"@id\":\"https:\/\/lesrencontreseconomiques.fr\/autour-des-rencontres\/generation-economie\/\",\"url\":\"https:\/\/lesrencontreseconomiques.fr\/autour-des-rencontres\/generation-economie\/\",\"name\":\"G\u00e9n\u00e9ration \u00c9conomie - Assistez \u00e0 l'enregistrement du dernier \u00e9pisode de la saison - Les Rencontres \u00c9conomiques\",\"isPartOf\":{\"@id\":\"https:\/\/lesrencontreseconomiques.fr\/#website\"},\"datePublished\":\"2023-06-13T14:44:09+00:00\",\"dateModified\":\"2023-06-23T14:56:20+00:00\",\"breadcrumb\":{\"@id\":\"https:\/\/lesrencontreseconomiques.fr\/autour-des-rencontres\/generation-economie\/#breadcrumb\"},\"inLanguage\":\"fr-FR\",\"potentialAction\":[{\"@type\":\"ReadAction\",\"target\":[\"https:\/\/lesrencontreseconomiques.fr\/autour-des-rencontres\/generation-economie\/\"]}]},{\"@type\":\"BreadcrumbList\",\"@id\":\"https:\/\/lesrencontreseconomiques.fr\/autour-des-rencontres\/generation-economie\/#breadcrumb\",\"itemListElement\":[{\"@type\":\"ListItem\",\"position\":1,\"name\":\"Accueil\",\"item\":\"https:\/\/lesrencontreseconomiques.fr\/\"},{\"@type\":\"ListItem\",\"position\":2,\"name\":\"Autour des Rencontres\",\"item\":\"https:\/\/lesrencontreseconomiques.fr\/autour-des-rencontres\/\"},{\"@type\":\"ListItem\",\"position\":3,\"name\":\"G\u00e9n\u00e9ration \u00c9conomie &#8211; Assistez \u00e0 l&rsquo;enregistrement du dernier \u00e9pisode de la saison\"}]},{\"@type\":\"WebSite\",\"@id\":\"https:\/\/lesrencontreseconomiques.fr\/#website\",\"url\":\"https:\/\/lesrencontreseconomiques.fr\/\",\"name\":\"Les Rencontres \u00c9conomiques\",\"description\":\"\",\"potentialAction\":[{\"@type\":\"SearchAction\",\"target\":{\"@type\":\"EntryPoint\",\"urlTemplate\":\"https:\/\/lesrencontreseconomiques.fr\/?s={search_term_string}\"},\"query-input\":\"required name=search_term_string\"}],\"inLanguage\":\"fr-FR\"}]}<\/script>\n<!-- \/ Yoast SEO plugin. -->","yoast_head_json":{"title":"G\u00e9n\u00e9ration \u00c9conomie - Assistez \u00e0 l'enregistrement du dernier \u00e9pisode de la saison - Les Rencontres \u00c9conomiques","robots":{"index":"index","follow":"follow","max-snippet":"max-snippet:-1","max-image-preview":"max-image-preview:large","max-video-preview":"max-video-preview:-1"},"canonical":"https:\/\/lesrencontreseconomiques.fr\/autour-des-rencontres\/generation-economie\/","og_locale":"fr_FR","og_type":"article","og_description":"SAMEDI 8 JUILLET\u00a0 |\u00a0 7H30 Alors que la premi\u00e8re saison de G\u00e9n\u00e9ration \u00c9conomie touche \u00e0 sa fin, assistez en direct \u00e0 l&rsquo;enregistrement du douzi\u00e8me \u00e9pisode. L&rsquo;enregistrement aura lieu entre les amphis 3 et 4 de 7h30 \u00e0 8h10. Qui ne s\u2019est jamais demand\u00e9 pourquoi les imp\u00f4ts existent, si la d\u00e9mocratie est obsol\u00e8te, si les in\u00e9galit\u00e9s [&hellip;]","og_url":"https:\/\/lesrencontreseconomiques.fr\/autour-des-rencontres\/generation-economie\/","og_site_name":"Les Rencontres \u00c9conomiques","article_publisher":"https:\/\/www.facebook.com\/Le.Cercle.des.Economistes\/","article_modified_time":"2023-06-23T14:56:20+00:00","twitter_card":"summary_large_image","twitter_site":"@Cercle_eco","schema":{"@context":"https:\/\/schema.org","@graph":[{"@type":"WebPage","@id":"https:\/\/lesrencontreseconomiques.fr\/autour-des-rencontres\/generation-economie\/","url":"https:\/\/lesrencontreseconomiques.fr\/autour-des-rencontres\/generation-economie\/","name":"G\u00e9n\u00e9ration \u00c9conomie - Assistez \u00e0 l'enregistrement du dernier \u00e9pisode de la saison - Les Rencontres \u00c9conomiques","isPartOf":{"@id":"https:\/\/lesrencontreseconomiques.fr\/#website"},"datePublished":"2023-06-13T14:44:09+00:00","dateModified":"2023-06-23T14:56:20+00:00","breadcrumb":{"@id":"https:\/\/lesrencontreseconomiques.fr\/autour-des-rencontres\/generation-economie\/#breadcrumb"},"inLanguage":"fr-FR","potentialAction":[{"@type":"ReadAction","target":["https:\/\/lesrencontreseconomiques.fr\/autour-des-rencontres\/generation-economie\/"]}]},{"@type":"BreadcrumbList","@id":"https:\/\/lesrencontreseconomiques.fr\/autour-des-rencontres\/generation-economie\/#breadcrumb","itemListElement":[{"@type":"ListItem","position":1,"name":"Accueil","item":"https:\/\/lesrencontreseconomiques.fr\/"},{"@type":"ListItem","position":2,"name":"Autour des Rencontres","item":"https:\/\/lesrencontreseconomiques.fr\/autour-des-rencontres\/"},{"@type":"ListItem","position":3,"name":"G\u00e9n\u00e9ration \u00c9conomie &#8211; Assistez \u00e0 l&rsquo;enregistrement du dernier \u00e9pisode de la saison"}]},{"@type":"WebSite","@id":"https:\/\/lesrencontreseconomiques.fr\/#website","url":"https:\/\/lesrencontreseconomiques.fr\/","name":"Les Rencontres \u00c9conomiques","description":"","potentialAction":[{"@type":"SearchAction","target":{"@type":"EntryPoint","urlTemplate":"https:\/\/lesrencontreseconomiques.fr\/?s={search_term_string}"},"query-input":"required name=search_term_string"}],"inLanguage":"fr-FR"}]}},"_links":{"self":[{"href":"https:\/\/lesrencontreseconomiques.fr\/wp-json\/wp\/v2\/pages\/7933"}],"collection":[{"href":"https:\/\/lesrencontreseconomiques.fr\/wp-json\/wp\/v2\/pages"}],"about":[{"href":"https:\/\/lesrencontreseconomiques.fr\/wp-json\/wp\/v2\/types\/page"}],"author":[{"embeddable":true,"href":"https:\/\/lesrencontreseconomiques.fr\/wp-json\/wp\/v2\/users\/2"}],"replies":[{"embeddable":true,"href":"https:\/\/lesrencontreseconomiques.fr\/wp-json\/wp\/v2\/comments?post=7933"}],"version-history":[{"count":11,"href":"https:\/\/lesrencontreseconomiques.fr\/wp-json\/wp\/v2\/pages\/7933\/revisions"}],"predecessor-version":[{"id":8704,"href":"https:\/\/lesrencontreseconomiques.fr\/wp-json\/wp\/v2\/pages\/7933\/revisions\/8704"}],"up":[{"embeddable":true,"href":"https:\/\/lesrencontreseconomiques.fr\/wp-json\/wp\/v2\/pages\/7846"}],"wp:attachment":[{"href":"https:\/\/lesrencontreseconomiques.fr\/wp-json\/wp\/v2\/media?parent=7933"}],"curies":[{"name":"wp","href":"https:\/\/api.w.org\/{rel}","templated":true}]}}