{"id":7846,"date":"2023-06-12T17:05:23","date_gmt":"2023-06-12T15:05:23","guid":{"rendered":"https:\/\/lesrencontreseconomiques.fr\/?page_id=7846"},"modified":"2023-06-13T17:06:35","modified_gmt":"2023-06-13T15:06:35","slug":"autour-des-rencontres","status":"publish","type":"page","link":"https:\/\/lesrencontreseconomiques.fr\/autour-des-rencontres\/","title":{"rendered":"Autour des Rencontres"},"content":{"rendered":"<div class=\"-wrapper -846 -mt-90 -mb-90\">\n<div class=\"cp-cta-image-texte\">\n<div class=\"media \" data-aos=\"fade-right\" data-aos-anchor-placement=\"top-bottom\" data-aos-offset=\"200\">\n<div class=\"image -walc \" style=\"padding-top:100%\"><img width=\"224\" height=\"224\" src=\"https:\/\/lesrencontreseconomiques.fr\/wp-content\/uploads\/2023\/06\/13_Daesung_Lee_futuristic_archaeology_2014_South_Korea-224x224.jpg\" class=\"attachment-small size-small\" alt=\"\" decoding=\"async\" loading=\"lazy\" srcset=\"https:\/\/lesrencontreseconomiques.fr\/wp-content\/uploads\/2023\/06\/13_Daesung_Lee_futuristic_archaeology_2014_South_Korea-224x224.jpg 224w, https:\/\/lesrencontreseconomiques.fr\/wp-content\/uploads\/2023\/06\/13_Daesung_Lee_futuristic_archaeology_2014_South_Korea-150x150.jpg 150w, https:\/\/lesrencontreseconomiques.fr\/wp-content\/uploads\/2023\/06\/13_Daesung_Lee_futuristic_archaeology_2014_South_Korea-140x140.jpg 140w, https:\/\/lesrencontreseconomiques.fr\/wp-content\/uploads\/2023\/06\/13_Daesung_Lee_futuristic_archaeology_2014_South_Korea-290x290.jpg 290w, https:\/\/lesrencontreseconomiques.fr\/wp-content\/uploads\/2023\/06\/13_Daesung_Lee_futuristic_archaeology_2014_South_Korea.jpg 379w\" sizes=\"(max-width: 224px) 100vw, 224px\" \/><\/div>\n<\/p><\/div>\n<div class=\"description cp-texte\" data-aos=\"fade-up\" data-aos-anchor-placement=\"top-bottom\" data-aos-offset=\"200\">\n<h2>Collecte photographique \u00ab\u00a0Recr\u00e9er l&rsquo;espoir\u00a0\u00bb<\/h2>\n<p>Investir de nouvelles \u00e9nergies, changer notre rapport aux autres et au monde, \u00e9veiller les consciences\u2026 qu\u2019est-ce qui vous donne de l\u2019espoir pour demain ? Participez \u00e0 notre grande collecte photographique, dont les photos gagnantes seront expos\u00e9es \u00e0 Aix-en-Provence les 7-8-9 juillet !<\/p>\n<p><a class=\"cp-cta-bouton\" href=\"https:\/\/lesrencontreseconomiques.fr\/photo\/\">En savoir plus<\/a><\/p>\n<p>&nbsp;<\/p>\n<\/p><\/div>\n<\/p><\/div>\n<\/div>\n<div class=\"-wrapper -846 -mt-90 -mb-90\">\n<div class=\"cp-cta-image-texte\">\n<div class=\"media \" data-aos=\"fade-right\" data-aos-anchor-placement=\"top-bottom\" data-aos-offset=\"200\">\n<div class=\"image -walc \" style=\"padding-top:100%\"><img width=\"224\" height=\"224\" src=\"https:\/\/lesrencontreseconomiques.fr\/wp-content\/uploads\/2023\/06\/230110_CERCLE-ECO_generation-eco_300dpi-224x224.jpg\" class=\"attachment-small size-small\" alt=\"\" decoding=\"async\" loading=\"lazy\" srcset=\"https:\/\/lesrencontreseconomiques.fr\/wp-content\/uploads\/2023\/06\/230110_CERCLE-ECO_generation-eco_300dpi-224x224.jpg 224w, https:\/\/lesrencontreseconomiques.fr\/wp-content\/uploads\/2023\/06\/230110_CERCLE-ECO_generation-eco_300dpi-490x490.jpg 490w, https:\/\/lesrencontreseconomiques.fr\/wp-content\/uploads\/2023\/06\/230110_CERCLE-ECO_generation-eco_300dpi-668x668.jpg 668w, https:\/\/lesrencontreseconomiques.fr\/wp-content\/uploads\/2023\/06\/230110_CERCLE-ECO_generation-eco_300dpi-150x150.jpg 150w, https:\/\/lesrencontreseconomiques.fr\/wp-content\/uploads\/2023\/06\/230110_CERCLE-ECO_generation-eco_300dpi-1536x1536.jpg 1536w, https:\/\/lesrencontreseconomiques.fr\/wp-content\/uploads\/2023\/06\/230110_CERCLE-ECO_generation-eco_300dpi-140x140.jpg 140w, https:\/\/lesrencontreseconomiques.fr\/wp-content\/uploads\/2023\/06\/230110_CERCLE-ECO_generation-eco_300dpi-290x290.jpg 290w, https:\/\/lesrencontreseconomiques.fr\/wp-content\/uploads\/2023\/06\/230110_CERCLE-ECO_generation-eco_300dpi.jpg 1600w\" sizes=\"(max-width: 224px) 100vw, 224px\" \/><\/div>\n<\/p><\/div>\n<div class=\"description cp-texte\" data-aos=\"fade-up\" data-aos-anchor-placement=\"top-bottom\" data-aos-offset=\"200\">\n<h2>G\u00e9n\u00e9ration \u00c9conomie &#8211; Enregistrement en public du dernier \u00e9pisode de la saison<\/h2>\n<p>Alors que la premi\u00e8re saison de G\u00e9n\u00e9ration \u00c9conomie touche \u00e0 sa fin, assistez en direct \u00e0 l&rsquo;enregistrement du douzi\u00e8me \u00e9pisode, samedi 8 juillet.<\/p>\n<p><a class=\"cp-cta-bouton\" href=\"https:\/\/lesrencontreseconomiques.fr\/autour-des-rencontres\/generation-economie\/\">En savoir plus<\/a><\/p>\n<\/p><\/div>\n<\/p><\/div>\n<\/div>\n","protected":false},"excerpt":{"rendered":"<p>Collecte photographique \u00ab\u00a0Recr\u00e9er l&rsquo;espoir\u00a0\u00bb Investir de nouvelles \u00e9nergies, changer notre rapport aux autres et au monde, \u00e9veiller les consciences\u2026 qu\u2019est-ce qui vous donne de l\u2019espoir pour demain ? Participez \u00e0 notre grande collecte photographique, dont les photos gagnantes seront expos\u00e9es \u00e0 Aix-en-Provence les 7-8-9 juillet ! En savoir plus &nbsp; G\u00e9n\u00e9ration \u00c9conomie &#8211; Enregistrement en [&hellip;]<\/p>\n","protected":false},"author":2,"featured_media":0,"parent":0,"menu_order":0,"comment_status":"closed","ping_status":"closed","template":"","meta":{"footnotes":""},"acf":[],"yoast_head":"<!-- This site is optimized with the Yoast SEO plugin v22.0 - https:\/\/yoast.com\/wordpress\/plugins\/seo\/ -->\n<title>Autour des Rencontres - Les Rencontres \u00c9conomiques<\/title>\n<meta name=\"robots\" content=\"index, follow, max-snippet:-1, max-image-preview:large, max-video-preview:-1\" \/>\n<link rel=\"canonical\" href=\"https:\/\/lesrencontreseconomiques.fr\/autour-des-rencontres\/\" \/>\n<meta property=\"og:locale\" content=\"fr_FR\" \/>\n<meta property=\"og:type\" content=\"article\" \/>\n<meta property=\"og:description\" content=\"Collecte photographique \u00ab\u00a0Recr\u00e9er l&rsquo;espoir\u00a0\u00bb Investir de nouvelles \u00e9nergies, changer notre rapport aux autres et au monde, \u00e9veiller les consciences\u2026 qu\u2019est-ce qui vous donne de l\u2019espoir pour demain ? Participez \u00e0 notre grande collecte photographique, dont les photos gagnantes seront expos\u00e9es \u00e0 Aix-en-Provence les 7-8-9 juillet ! En savoir plus &nbsp; G\u00e9n\u00e9ration \u00c9conomie &#8211; Enregistrement en [&hellip;]\" \/>\n<meta property=\"og:url\" content=\"https:\/\/lesrencontreseconomiques.fr\/autour-des-rencontres\/\" \/>\n<meta property=\"og:site_name\" content=\"Les Rencontres \u00c9conomiques\" \/>\n<meta property=\"article:publisher\" content=\"https:\/\/www.facebook.com\/Le.Cercle.des.Economistes\/\" \/>\n<meta property=\"article:modified_time\" content=\"2023-06-13T15:06:35+00:00\" \/>\n<meta property=\"og:image\" content=\"https:\/\/lesrencontreseconomiques.fr\/wp-content\/uploads\/2023\/06\/13_Daesung_Lee_futuristic_archaeology_2014_South_Korea-224x224.jpg\" \/>\n<meta name=\"twitter:card\" content=\"summary_large_image\" \/>\n<meta name=\"twitter:site\" content=\"@Cercle_eco\" \/>\n<script type=\"application\/ld+json\" class=\"yoast-schema-graph\">{\"@context\":\"https:\/\/schema.org\",\"@graph\":[{\"@type\":\"WebPage\",\"@id\":\"https:\/\/lesrencontreseconomiques.fr\/autour-des-rencontres\/\",\"url\":\"https:\/\/lesrencontreseconomiques.fr\/autour-des-rencontres\/\",\"name\":\"Autour des Rencontres - Les Rencontres \u00c9conomiques\",\"isPartOf\":{\"@id\":\"https:\/\/lesrencontreseconomiques.fr\/#website\"},\"datePublished\":\"2023-06-12T15:05:23+00:00\",\"dateModified\":\"2023-06-13T15:06:35+00:00\",\"breadcrumb\":{\"@id\":\"https:\/\/lesrencontreseconomiques.fr\/autour-des-rencontres\/#breadcrumb\"},\"inLanguage\":\"fr-FR\",\"potentialAction\":[{\"@type\":\"ReadAction\",\"target\":[\"https:\/\/lesrencontreseconomiques.fr\/autour-des-rencontres\/\"]}]},{\"@type\":\"BreadcrumbList\",\"@id\":\"https:\/\/lesrencontreseconomiques.fr\/autour-des-rencontres\/#breadcrumb\",\"itemListElement\":[{\"@type\":\"ListItem\",\"position\":1,\"name\":\"Accueil\",\"item\":\"https:\/\/lesrencontreseconomiques.fr\/\"},{\"@type\":\"ListItem\",\"position\":2,\"name\":\"Autour des Rencontres\"}]},{\"@type\":\"WebSite\",\"@id\":\"https:\/\/lesrencontreseconomiques.fr\/#website\",\"url\":\"https:\/\/lesrencontreseconomiques.fr\/\",\"name\":\"Les Rencontres \u00c9conomiques\",\"description\":\"\",\"potentialAction\":[{\"@type\":\"SearchAction\",\"target\":{\"@type\":\"EntryPoint\",\"urlTemplate\":\"https:\/\/lesrencontreseconomiques.fr\/?s={search_term_string}\"},\"query-input\":\"required name=search_term_string\"}],\"inLanguage\":\"fr-FR\"}]}<\/script>\n<!-- \/ Yoast SEO plugin. -->","yoast_head_json":{"title":"Autour des Rencontres - Les Rencontres \u00c9conomiques","robots":{"index":"index","follow":"follow","max-snippet":"max-snippet:-1","max-image-preview":"max-image-preview:large","max-video-preview":"max-video-preview:-1"},"canonical":"https:\/\/lesrencontreseconomiques.fr\/autour-des-rencontres\/","og_locale":"fr_FR","og_type":"article","og_description":"Collecte photographique \u00ab\u00a0Recr\u00e9er l&rsquo;espoir\u00a0\u00bb Investir de nouvelles \u00e9nergies, changer notre rapport aux autres et au monde, \u00e9veiller les consciences\u2026 qu\u2019est-ce qui vous donne de l\u2019espoir pour demain ? Participez \u00e0 notre grande collecte photographique, dont les photos gagnantes seront expos\u00e9es \u00e0 Aix-en-Provence les 7-8-9 juillet ! En savoir plus &nbsp; G\u00e9n\u00e9ration \u00c9conomie &#8211; Enregistrement en [&hellip;]","og_url":"https:\/\/lesrencontreseconomiques.fr\/autour-des-rencontres\/","og_site_name":"Les Rencontres \u00c9conomiques","article_publisher":"https:\/\/www.facebook.com\/Le.Cercle.des.Economistes\/","article_modified_time":"2023-06-13T15:06:35+00:00","og_image":[{"url":"https:\/\/lesrencontreseconomiques.fr\/wp-content\/uploads\/2023\/06\/13_Daesung_Lee_futuristic_archaeology_2014_South_Korea-224x224.jpg"}],"twitter_card":"summary_large_image","twitter_site":"@Cercle_eco","schema":{"@context":"https:\/\/schema.org","@graph":[{"@type":"WebPage","@id":"https:\/\/lesrencontreseconomiques.fr\/autour-des-rencontres\/","url":"https:\/\/lesrencontreseconomiques.fr\/autour-des-rencontres\/","name":"Autour des Rencontres - Les Rencontres \u00c9conomiques","isPartOf":{"@id":"https:\/\/lesrencontreseconomiques.fr\/#website"},"datePublished":"2023-06-12T15:05:23+00:00","dateModified":"2023-06-13T15:06:35+00:00","breadcrumb":{"@id":"https:\/\/lesrencontreseconomiques.fr\/autour-des-rencontres\/#breadcrumb"},"inLanguage":"fr-FR","potentialAction":[{"@type":"ReadAction","target":["https:\/\/lesrencontreseconomiques.fr\/autour-des-rencontres\/"]}]},{"@type":"BreadcrumbList","@id":"https:\/\/lesrencontreseconomiques.fr\/autour-des-rencontres\/#breadcrumb","itemListElement":[{"@type":"ListItem","position":1,"name":"Accueil","item":"https:\/\/lesrencontreseconomiques.fr\/"},{"@type":"ListItem","position":2,"name":"Autour des Rencontres"}]},{"@type":"WebSite","@id":"https:\/\/lesrencontreseconomiques.fr\/#website","url":"https:\/\/lesrencontreseconomiques.fr\/","name":"Les Rencontres \u00c9conomiques","description":"","potentialAction":[{"@type":"SearchAction","target":{"@type":"EntryPoint","urlTemplate":"https:\/\/lesrencontreseconomiques.fr\/?s={search_term_string}"},"query-input":"required name=search_term_string"}],"inLanguage":"fr-FR"}]}},"_links":{"self":[{"href":"https:\/\/lesrencontreseconomiques.fr\/wp-json\/wp\/v2\/pages\/7846"}],"collection":[{"href":"https:\/\/lesrencontreseconomiques.fr\/wp-json\/wp\/v2\/pages"}],"about":[{"href":"https:\/\/lesrencontreseconomiques.fr\/wp-json\/wp\/v2\/types\/page"}],"author":[{"embeddable":true,"href":"https:\/\/lesrencontreseconomiques.fr\/wp-json\/wp\/v2\/users\/2"}],"replies":[{"embeddable":true,"href":"https:\/\/lesrencontreseconomiques.fr\/wp-json\/wp\/v2\/comments?post=7846"}],"version-history":[{"count":6,"href":"https:\/\/lesrencontreseconomiques.fr\/wp-json\/wp\/v2\/pages\/7846\/revisions"}],"predecessor-version":[{"id":7955,"href":"https:\/\/lesrencontreseconomiques.fr\/wp-json\/wp\/v2\/pages\/7846\/revisions\/7955"}],"wp:attachment":[{"href":"https:\/\/lesrencontreseconomiques.fr\/wp-json\/wp\/v2\/media?parent=7846"}],"curies":[{"name":"wp","href":"https:\/\/api.w.org\/{rel}","templated":true}]}}