{"id":7476,"date":"2023-06-06T15:10:45","date_gmt":"2023-06-06T13:10:45","guid":{"rendered":"https:\/\/lesrencontreseconomiques.fr\/?page_id=7476"},"modified":"2023-06-06T15:34:52","modified_gmt":"2023-06-06T13:34:52","slug":"conversations","status":"publish","type":"page","link":"https:\/\/lesrencontreseconomiques.fr\/jeunesses\/conversations\/","title":{"rendered":"Conversations"},"content":{"rendered":"<div class=\"-wrapper -846 -mt-90 -mb-90\">\n<div class=\"cp-intro -texte\">\n<div class=\"description\">\n<div class=\"cp-texte\">\n<h3>Pendant deux mois, le Cercle des \u00e9conomistes, en collaboration avec le m\u00e9dia Jam, initie une grande conversation avec plus de 35 000 jeunes de tous horizons, de 18 \u00e0 30 ans. Une discussion ouverte, sans tabous, sans pr\u00e9jug\u00e9s, via la messagerie instantan\u00e9e Messenger. Avec un objectif : dresser un portrait r\u00e9aliste des enjeux auxquels les jeunes sont confront\u00e9s, autour de quatre th\u00e8mes :\u00a0Sant\u00e9 &amp; Bien-\u00eatre, Formation &amp; Travail, Environnement, D\u00e9mocratie &amp; Citoyennet\u00e9.<\/h3>\n<p>&nbsp;<\/p>\n<p><a class=\"cp-cta-bouton -telecharger\" href=\"https:\/\/lesrencontreseconomiques.fr\/wp-content\/uploads\/2023\/06\/JEUNESSES_infographie.pdf\" target=\"_blank\" rel=\"noopener\">T\u00e9l\u00e9charger la synth\u00e8se des r\u00e9sultats<\/a><\/p>\n<\/p><\/div>\n<\/p><\/div>\n<\/p><\/div>\n<\/p><\/div>\n<div class=\"-wrapper -846 -mt-90 -mb-90\">\n<div class=\"cp-intro -texte\">\n<div class=\"description\">\n<div class=\"cp-texte\">\n<h2>Mieux accompagner les jeunes vers le futur du travail<\/h2>\n<p>Les jeunes, indiff\u00e9rents aux dipl\u00f4mes, tous entrepreneurs et d\u00e9sireux de donner un sens \u00e0 leur travail ? Pas tout \u00e0 fait. L\u2019\u00e9tude dresse le portrait d\u2019une jeunesse bien plus \u00ab terre \u00e0 terre \u00bb qu\u2019on pourrait le croire quant \u00e0 son rapport au travail et en phase avec un monde incertain o\u00f9 l\u2019adaptation et la ma\u00eetrise des nouveaux enjeux seront essentielles.<\/p>\n<\/p><\/div>\n<\/p><\/div>\n<\/p><\/div>\n<\/p><\/div>\n<div class=\"-wrapper -846 -mt-90 -mb-90\">\n<div class=\"cp-chiffres-rouges\" data-reaix-uid-1>\n<div class=\"titre\" data-aos=\"fade-right\" data-aos-anchor-placement=\"top-bottom\" data-aos-offset=\"200\" data-aos-anchor=\"[data-reaix-uid-1]\">\n\t\t\tFormation &#038; Travail\t\t<\/div>\n<div class=\"focus\" data-aos=\"fade-up\" data-aos-anchor-placement=\"top-bottom\" data-aos-offset=\"200\" data-aos-delay=\"200\" data-aos-anchor=\"[data-reaix-uid-1]\">\n<div class=\"data\">75%<\/div>\n<div class=\"texte\">trouvent la transition entre vie \u00e9tudiante et vie professionnelle trop brusque<\/div>\n<\/p><\/div>\n<div class=\"focus\" data-aos=\"fade-up\" data-aos-anchor-placement=\"top-bottom\" data-aos-offset=\"200\" data-aos-delay=\"400\" data-aos-anchor=\"[data-reaix-uid-1]\">\n<div class=\"data\">58%<\/div>\n<div class=\"texte\">voient le travail avant tout comme un moyen de se financer, bien avant un moyen de s\u2019\u00e9panouir (28%)<\/div>\n<\/p><\/div>\n<div class=\"focus\" data-aos=\"fade-up\" data-aos-anchor-placement=\"top-bottom\" data-aos-offset=\"200\" data-aos-delay=\"600\" data-aos-anchor=\"[data-reaix-uid-1]\">\n<div class=\"data\">82%<\/div>\n<div class=\"texte\">sont convaincus de la n\u00e9cessit\u00e9 de former aux nouveaux enjeux (climat, \u00e9galit\u00e9)<\/div>\n<\/p><\/div>\n<\/p><\/div>\n<\/div>\n<div class=\"-wrapper -846 -mt-90 -mb-90\">\n<div class=\"cp-intro -texte\">\n<div class=\"description\">\n<div class=\"cp-texte\">\n<h2>L&rsquo;urgence d&rsquo;agir pour la sant\u00e9 et le bien-\u00eatre des jeunes<\/h2>\n<p>Alors que l\u2019inflation alimentaire atteint des sommets, que les prix de l\u2019immobilier rendent impossible de se loger dans les centres-villes, il devient difficile de se projeter dans l\u2019avenir quand leurs besoins essentiels ne sont pas satisfaits. A l\u2019inverse de ce qui pouvait \u00eatre observ\u00e9 chez les g\u00e9n\u00e9rations pr\u00e9c\u00e9dentes, les jeunes ne font plus un tabou de leur sant\u00e9 mentale, sujet prioritaire pour eux.<\/p>\n<\/p><\/div>\n<\/p><\/div>\n<\/p><\/div>\n<\/p><\/div>\n<div class=\"-wrapper -846 -mt-90 -mb-90\">\n<div class=\"cp-chiffres-rouges\" data-reaix-uid-2>\n<div class=\"titre\" data-aos=\"fade-right\" data-aos-anchor-placement=\"top-bottom\" data-aos-offset=\"200\" data-aos-anchor=\"[data-reaix-uid-2]\">\n\t\t\tSant\u00e9 &#038; Bien-\u00eatre\t\t<\/div>\n<div class=\"focus\" data-aos=\"fade-up\" data-aos-anchor-placement=\"top-bottom\" data-aos-offset=\"200\" data-aos-delay=\"200\" data-aos-anchor=\"[data-reaix-uid-2]\">\n<div class=\"data\">52%<\/div>\n<div class=\"texte\">d\u00e9clarent une forme de mal-\u00eatre<\/div>\n<\/p><\/div>\n<div class=\"focus\" data-aos=\"fade-up\" data-aos-anchor-placement=\"top-bottom\" data-aos-offset=\"200\" data-aos-delay=\"400\" data-aos-anchor=\"[data-reaix-uid-2]\">\n<div class=\"data\">53%<\/div>\n<div class=\"texte\">ont d\u00e9j\u00e0 \u00e9t\u00e9 discrimin\u00e9s (64% chez les femmes)<\/div>\n<\/p><\/div>\n<div class=\"focus\" data-aos=\"fade-up\" data-aos-anchor-placement=\"top-bottom\" data-aos-offset=\"200\" data-aos-delay=\"600\" data-aos-anchor=\"[data-reaix-uid-2]\">\n<div class=\"data\">45%<\/div>\n<div class=\"texte\">d\u00e9pendent d\u2019une aide financi\u00e8re (1 jeune sur 4 entre 26 et 30 ans)<\/div>\n<\/p><\/div>\n<\/p><\/div>\n<\/div>\n<div class=\"-wrapper -846 -mt-90 -mb-90\">\n<div class=\"cp-intro -texte\">\n<div class=\"description\">\n<div class=\"cp-texte\">\n<h2>Recr\u00e9er du commun dans une France fractur\u00e9e<\/h2>\n<p>Si les jeunes sont pr\u00e9occup\u00e9s par leur avenir, ils le sont aussi par celui de la soci\u00e9t\u00e9. Contrairement aux id\u00e9es re\u00e7ues, la fracture qu\u2019ils d\u00e9plorent le plus n\u2019est pas g\u00e9n\u00e9rationnelle. Les jeunes se r\u00e9v\u00e8lent aussi tr\u00e8s conscients du r\u00f4le ambigu des nouvelles technologies sur la soci\u00e9t\u00e9. Dans leur majorit\u00e9, ils sont pr\u00eats \u00e0 b\u00e2tir un nouveau mod\u00e8le d\u00e9mocratique plus direct, plus \u00e9galitaire, plus inclusif&#8230; pourvu qu\u2019on les \u00e9coute.<\/p>\n<\/p><\/div>\n<\/p><\/div>\n<\/p><\/div>\n<\/p><\/div>\n<div class=\"-wrapper -846 -mt-90 -mb-90\">\n<div class=\"cp-chiffres-rouges\" data-reaix-uid-3>\n<div class=\"titre\" data-aos=\"fade-right\" data-aos-anchor-placement=\"top-bottom\" data-aos-offset=\"200\" data-aos-anchor=\"[data-reaix-uid-3]\">\n\t\t\tCitoyennet\u00e9 &#038; D\u00e9mocratie\t\t<\/div>\n<div class=\"focus\" data-aos=\"fade-up\" data-aos-anchor-placement=\"top-bottom\" data-aos-offset=\"200\" data-aos-delay=\"200\" data-aos-anchor=\"[data-reaix-uid-3]\">\n<div class=\"data\">5%<\/div>\n<div class=\"texte\">se sentent \u00e9cout\u00e9s dans les d\u00e9cisions et les d\u00e9bats politiques<\/div>\n<\/p><\/div>\n<div class=\"focus\" data-aos=\"fade-up\" data-aos-anchor-placement=\"top-bottom\" data-aos-offset=\"200\" data-aos-delay=\"400\" data-aos-anchor=\"[data-reaix-uid-3]\">\n<div class=\"data\">58%<\/div>\n<div class=\"texte\">trouvent que l\u2019argent est la principale fracture en France<\/div>\n<\/p><\/div>\n<div class=\"focus\" data-aos=\"fade-up\" data-aos-anchor-placement=\"top-bottom\" data-aos-offset=\"200\" data-aos-delay=\"600\" data-aos-anchor=\"[data-reaix-uid-3]\">\n<div class=\"data\">60%<\/div>\n<div class=\"texte\">voient les r\u00e9seaux sociaux comme une menace pour la d\u00e9mocratie<\/div>\n<\/p><\/div>\n<\/p><\/div>\n<\/div>\n<div class=\"-wrapper -846 -mt-90 -mb-90\">\n<div class=\"cp-intro -texte\">\n<div class=\"description\">\n<div class=\"cp-texte\">\n<h2>La \u00ab\u00a0g\u00e9n\u00e9ration climat\u00a0\u00bb partag\u00e9e entre anxi\u00e9t\u00e9 et engagement<\/h2>\n<p>Le climat et la biodiversit\u00e9 sont des sujets de pr\u00e9occupation majeurs pour les moins de 30 ans. Tiraill\u00e9s entre des injonctions contradictoires, ils sont conscients de l\u2019urgence d\u2019adapter leurs comportements sans toutefois consid\u00e9rer en faire assez. Au-del\u00e0 des<br \/>\nactions volontaires et de leurs choix individuels, ils attendent beaucoup d\u2019efforts de la part des entreprises et des mesures fortes des pouvoirs publics&#8230; quitte \u00e0 ce qu\u2019elles soient autoritaires.<\/p>\n<\/p><\/div>\n<\/p><\/div>\n<\/p><\/div>\n<\/p><\/div>\n<div class=\"-wrapper -846 -mt-90 -mb-90\">\n<div class=\"cp-chiffres-rouges\" data-reaix-uid-4>\n<div class=\"titre\" data-aos=\"fade-right\" data-aos-anchor-placement=\"top-bottom\" data-aos-offset=\"200\" data-aos-anchor=\"[data-reaix-uid-4]\">\n\t\t\tEnviron-nement\t\t<\/div>\n<div class=\"focus\" data-aos=\"fade-up\" data-aos-anchor-placement=\"top-bottom\" data-aos-offset=\"200\" data-aos-delay=\"200\" data-aos-anchor=\"[data-reaix-uid-4]\">\n<div class=\"data\">87%<\/div>\n<div class=\"texte\">sont inquiets de la situation climatique<\/div>\n<\/p><\/div>\n<div class=\"focus\" data-aos=\"fade-up\" data-aos-anchor-placement=\"top-bottom\" data-aos-offset=\"200\" data-aos-delay=\"400\" data-aos-anchor=\"[data-reaix-uid-4]\">\n<div class=\"data\">+ de 60%<\/div>\n<div class=\"texte\">font attention \u00e0 l\u2019environnement en termes de d\u00e9placements et d\u2019\u00e9nergie<\/div>\n<\/p><\/div>\n<div class=\"focus\" data-aos=\"fade-up\" data-aos-anchor-placement=\"top-bottom\" data-aos-offset=\"200\" data-aos-delay=\"600\" data-aos-anchor=\"[data-reaix-uid-4]\">\n<div class=\"data\">pr\u00e8s de 50%<\/div>\n<div class=\"texte\">se consid\u00e8rent comme de gros consommateurs<\/div>\n<\/p><\/div>\n<\/p><\/div>\n<\/div>\n","protected":false},"excerpt":{"rendered":"<p>Pendant deux mois, le Cercle des \u00e9conomistes, en collaboration avec le m\u00e9dia Jam, initie une grande conversation avec plus de 35 000 jeunes de tous horizons, de 18 \u00e0 30 ans. Une discussion ouverte, sans tabous, sans pr\u00e9jug\u00e9s, via la messagerie instantan\u00e9e Messenger. Avec un objectif : dresser un portrait r\u00e9aliste des enjeux auxquels les [&hellip;]<\/p>\n","protected":false},"author":2,"featured_media":0,"parent":8,"menu_order":0,"comment_status":"closed","ping_status":"closed","template":"","meta":{"footnotes":""},"acf":[],"yoast_head":"<!-- This site is optimized with the Yoast SEO plugin v22.0 - https:\/\/yoast.com\/wordpress\/plugins\/seo\/ -->\n<title>Conversations - Les Rencontres \u00c9conomiques<\/title>\n<meta name=\"robots\" content=\"index, follow, max-snippet:-1, max-image-preview:large, max-video-preview:-1\" \/>\n<link rel=\"canonical\" href=\"https:\/\/lesrencontreseconomiques.fr\/jeunesses\/conversations\/\" \/>\n<meta property=\"og:locale\" content=\"fr_FR\" \/>\n<meta property=\"og:type\" content=\"article\" \/>\n<meta property=\"og:description\" content=\"Pendant deux mois, le Cercle des \u00e9conomistes, en collaboration avec le m\u00e9dia Jam, initie une grande conversation avec plus de 35 000 jeunes de tous horizons, de 18 \u00e0 30 ans. Une discussion ouverte, sans tabous, sans pr\u00e9jug\u00e9s, via la messagerie instantan\u00e9e Messenger. Avec un objectif : dresser un portrait r\u00e9aliste des enjeux auxquels les [&hellip;]\" \/>\n<meta property=\"og:url\" content=\"https:\/\/lesrencontreseconomiques.fr\/jeunesses\/conversations\/\" \/>\n<meta property=\"og:site_name\" content=\"Les Rencontres \u00c9conomiques\" \/>\n<meta property=\"article:publisher\" content=\"https:\/\/www.facebook.com\/Le.Cercle.des.Economistes\/\" \/>\n<meta property=\"article:modified_time\" content=\"2023-06-06T13:34:52+00:00\" \/>\n<meta name=\"twitter:card\" content=\"summary_large_image\" \/>\n<meta name=\"twitter:site\" content=\"@Cercle_eco\" \/>\n<script type=\"application\/ld+json\" class=\"yoast-schema-graph\">{\"@context\":\"https:\/\/schema.org\",\"@graph\":[{\"@type\":\"WebPage\",\"@id\":\"https:\/\/lesrencontreseconomiques.fr\/jeunesses\/conversations\/\",\"url\":\"https:\/\/lesrencontreseconomiques.fr\/jeunesses\/conversations\/\",\"name\":\"Conversations - Les Rencontres \u00c9conomiques\",\"isPartOf\":{\"@id\":\"https:\/\/lesrencontreseconomiques.fr\/#website\"},\"datePublished\":\"2023-06-06T13:10:45+00:00\",\"dateModified\":\"2023-06-06T13:34:52+00:00\",\"breadcrumb\":{\"@id\":\"https:\/\/lesrencontreseconomiques.fr\/jeunesses\/conversations\/#breadcrumb\"},\"inLanguage\":\"fr-FR\",\"potentialAction\":[{\"@type\":\"ReadAction\",\"target\":[\"https:\/\/lesrencontreseconomiques.fr\/jeunesses\/conversations\/\"]}]},{\"@type\":\"BreadcrumbList\",\"@id\":\"https:\/\/lesrencontreseconomiques.fr\/jeunesses\/conversations\/#breadcrumb\",\"itemListElement\":[{\"@type\":\"ListItem\",\"position\":1,\"name\":\"Accueil\",\"item\":\"https:\/\/lesrencontreseconomiques.fr\/\"},{\"@type\":\"ListItem\",\"position\":2,\"name\":\"Jeunesses\",\"item\":\"https:\/\/lesrencontreseconomiques.fr\/jeunesses\/\"},{\"@type\":\"ListItem\",\"position\":3,\"name\":\"Conversations\"}]},{\"@type\":\"WebSite\",\"@id\":\"https:\/\/lesrencontreseconomiques.fr\/#website\",\"url\":\"https:\/\/lesrencontreseconomiques.fr\/\",\"name\":\"Les Rencontres \u00c9conomiques\",\"description\":\"\",\"potentialAction\":[{\"@type\":\"SearchAction\",\"target\":{\"@type\":\"EntryPoint\",\"urlTemplate\":\"https:\/\/lesrencontreseconomiques.fr\/?s={search_term_string}\"},\"query-input\":\"required name=search_term_string\"}],\"inLanguage\":\"fr-FR\"}]}<\/script>\n<!-- \/ Yoast SEO plugin. -->","yoast_head_json":{"title":"Conversations - Les Rencontres \u00c9conomiques","robots":{"index":"index","follow":"follow","max-snippet":"max-snippet:-1","max-image-preview":"max-image-preview:large","max-video-preview":"max-video-preview:-1"},"canonical":"https:\/\/lesrencontreseconomiques.fr\/jeunesses\/conversations\/","og_locale":"fr_FR","og_type":"article","og_description":"Pendant deux mois, le Cercle des \u00e9conomistes, en collaboration avec le m\u00e9dia Jam, initie une grande conversation avec plus de 35 000 jeunes de tous horizons, de 18 \u00e0 30 ans. Une discussion ouverte, sans tabous, sans pr\u00e9jug\u00e9s, via la messagerie instantan\u00e9e Messenger. Avec un objectif : dresser un portrait r\u00e9aliste des enjeux auxquels les [&hellip;]","og_url":"https:\/\/lesrencontreseconomiques.fr\/jeunesses\/conversations\/","og_site_name":"Les Rencontres \u00c9conomiques","article_publisher":"https:\/\/www.facebook.com\/Le.Cercle.des.Economistes\/","article_modified_time":"2023-06-06T13:34:52+00:00","twitter_card":"summary_large_image","twitter_site":"@Cercle_eco","schema":{"@context":"https:\/\/schema.org","@graph":[{"@type":"WebPage","@id":"https:\/\/lesrencontreseconomiques.fr\/jeunesses\/conversations\/","url":"https:\/\/lesrencontreseconomiques.fr\/jeunesses\/conversations\/","name":"Conversations - Les Rencontres \u00c9conomiques","isPartOf":{"@id":"https:\/\/lesrencontreseconomiques.fr\/#website"},"datePublished":"2023-06-06T13:10:45+00:00","dateModified":"2023-06-06T13:34:52+00:00","breadcrumb":{"@id":"https:\/\/lesrencontreseconomiques.fr\/jeunesses\/conversations\/#breadcrumb"},"inLanguage":"fr-FR","potentialAction":[{"@type":"ReadAction","target":["https:\/\/lesrencontreseconomiques.fr\/jeunesses\/conversations\/"]}]},{"@type":"BreadcrumbList","@id":"https:\/\/lesrencontreseconomiques.fr\/jeunesses\/conversations\/#breadcrumb","itemListElement":[{"@type":"ListItem","position":1,"name":"Accueil","item":"https:\/\/lesrencontreseconomiques.fr\/"},{"@type":"ListItem","position":2,"name":"Jeunesses","item":"https:\/\/lesrencontreseconomiques.fr\/jeunesses\/"},{"@type":"ListItem","position":3,"name":"Conversations"}]},{"@type":"WebSite","@id":"https:\/\/lesrencontreseconomiques.fr\/#website","url":"https:\/\/lesrencontreseconomiques.fr\/","name":"Les Rencontres \u00c9conomiques","description":"","potentialAction":[{"@type":"SearchAction","target":{"@type":"EntryPoint","urlTemplate":"https:\/\/lesrencontreseconomiques.fr\/?s={search_term_string}"},"query-input":"required name=search_term_string"}],"inLanguage":"fr-FR"}]}},"_links":{"self":[{"href":"https:\/\/lesrencontreseconomiques.fr\/wp-json\/wp\/v2\/pages\/7476"}],"collection":[{"href":"https:\/\/lesrencontreseconomiques.fr\/wp-json\/wp\/v2\/pages"}],"about":[{"href":"https:\/\/lesrencontreseconomiques.fr\/wp-json\/wp\/v2\/types\/page"}],"author":[{"embeddable":true,"href":"https:\/\/lesrencontreseconomiques.fr\/wp-json\/wp\/v2\/users\/2"}],"replies":[{"embeddable":true,"href":"https:\/\/lesrencontreseconomiques.fr\/wp-json\/wp\/v2\/comments?post=7476"}],"version-history":[{"count":16,"href":"https:\/\/lesrencontreseconomiques.fr\/wp-json\/wp\/v2\/pages\/7476\/revisions"}],"predecessor-version":[{"id":7509,"href":"https:\/\/lesrencontreseconomiques.fr\/wp-json\/wp\/v2\/pages\/7476\/revisions\/7509"}],"up":[{"embeddable":true,"href":"https:\/\/lesrencontreseconomiques.fr\/wp-json\/wp\/v2\/pages\/8"}],"wp:attachment":[{"href":"https:\/\/lesrencontreseconomiques.fr\/wp-json\/wp\/v2\/media?parent=7476"}],"curies":[{"name":"wp","href":"https:\/\/api.w.org\/{rel}","templated":true}]}}