{"id":5504,"date":"2023-05-26T11:23:17","date_gmt":"2023-05-26T09:23:17","guid":{"rendered":"https:\/\/lesrencontreseconomiques.fr\/?page_id=5504"},"modified":"2023-05-31T12:00:38","modified_gmt":"2023-05-31T10:00:38","slug":"accreditation","status":"publish","type":"page","link":"https:\/\/lesrencontreseconomiques.fr\/media\/accreditation\/","title":{"rendered":"Accr\u00e9ditation M\u00e9dia"},"content":{"rendered":"\n<div class=\"-wrapper -668 -mt-90 -mb-90\">\n<div class=\"cp-texte\">\n<form action=\"https:\/\/lesrencontreseconomiques.fr\/wp-login.php?action=postpass\" class=\"post-password-form\" method=\"post\">\n<p>Cette publication est prot\u00e9g\u00e9e par un mot de passe. Pour la voir, veuillez saisir votre mot de passe ci-dessous\u00a0:<\/p>\n<p><label for=\"pwbox-5504\">Mot de passe\u00a0: <input name=\"post_password\" id=\"pwbox-5504\" type=\"password\" spellcheck=\"false\" size=\"20\" \/><\/label> <input type=\"submit\" name=\"Submit\" value=\"Valider\" \/><\/p>\n<\/form><\/div>\n<\/p><\/div>\n","protected":false},"excerpt":{"rendered":"<p>Cette publication est prot\u00e9g\u00e9e par un mot de passe. Pour la voir, veuillez saisir votre mot de passe ci-dessous\u00a0: Mot de passe\u00a0:<\/p>\n","protected":false},"author":2,"featured_media":0,"parent":2255,"menu_order":0,"comment_status":"closed","ping_status":"closed","template":"","meta":{"footnotes":""},"acf":[],"yoast_head":"<!-- This site is optimized with the Yoast SEO plugin v22.0 - https:\/\/yoast.com\/wordpress\/plugins\/seo\/ -->\n<title>Accr\u00e9ditation M\u00e9dia - Les Rencontres \u00c9conomiques<\/title>\n<meta name=\"robots\" content=\"index, follow, max-snippet:-1, max-image-preview:large, max-video-preview:-1\" \/>\n<link rel=\"canonical\" href=\"https:\/\/lesrencontreseconomiques.fr\/media\/accreditation\/\" \/>\n<meta property=\"og:locale\" content=\"fr_FR\" \/>\n<meta property=\"og:type\" content=\"article\" \/>\n<meta property=\"og:description\" content=\"Cette publication est prot\u00e9g\u00e9e par un mot de passe. Pour la voir, veuillez saisir votre mot de passe ci-dessous\u00a0: Mot de passe\u00a0:\" \/>\n<meta property=\"og:url\" content=\"https:\/\/lesrencontreseconomiques.fr\/media\/accreditation\/\" \/>\n<meta property=\"og:site_name\" content=\"Les Rencontres \u00c9conomiques\" \/>\n<meta property=\"article:publisher\" content=\"https:\/\/www.facebook.com\/Le.Cercle.des.Economistes\/\" \/>\n<meta property=\"article:modified_time\" content=\"2023-05-31T10:00:38+00:00\" \/>\n<meta name=\"twitter:card\" content=\"summary_large_image\" \/>\n<meta name=\"twitter:site\" content=\"@Cercle_eco\" \/>\n<script type=\"application\/ld+json\" class=\"yoast-schema-graph\">{\"@context\":\"https:\/\/schema.org\",\"@graph\":[{\"@type\":\"WebPage\",\"@id\":\"https:\/\/lesrencontreseconomiques.fr\/media\/accreditation\/\",\"url\":\"https:\/\/lesrencontreseconomiques.fr\/media\/accreditation\/\",\"name\":\"Accr\u00e9ditation M\u00e9dia - Les Rencontres \u00c9conomiques\",\"isPartOf\":{\"@id\":\"https:\/\/lesrencontreseconomiques.fr\/#website\"},\"datePublished\":\"2023-05-26T09:23:17+00:00\",\"dateModified\":\"2023-05-31T10:00:38+00:00\",\"breadcrumb\":{\"@id\":\"https:\/\/lesrencontreseconomiques.fr\/media\/accreditation\/#breadcrumb\"},\"inLanguage\":\"fr-FR\",\"potentialAction\":[{\"@type\":\"ReadAction\",\"target\":[\"https:\/\/lesrencontreseconomiques.fr\/media\/accreditation\/\"]}]},{\"@type\":\"BreadcrumbList\",\"@id\":\"https:\/\/lesrencontreseconomiques.fr\/media\/accreditation\/#breadcrumb\",\"itemListElement\":[{\"@type\":\"ListItem\",\"position\":1,\"name\":\"Accueil\",\"item\":\"https:\/\/lesrencontreseconomiques.fr\/\"},{\"@type\":\"ListItem\",\"position\":2,\"name\":\"Media\",\"item\":\"https:\/\/lesrencontreseconomiques.fr\/media\/\"},{\"@type\":\"ListItem\",\"position\":3,\"name\":\"Accr\u00e9ditation M\u00e9dia\"}]},{\"@type\":\"WebSite\",\"@id\":\"https:\/\/lesrencontreseconomiques.fr\/#website\",\"url\":\"https:\/\/lesrencontreseconomiques.fr\/\",\"name\":\"Les Rencontres \u00c9conomiques\",\"description\":\"\",\"potentialAction\":[{\"@type\":\"SearchAction\",\"target\":{\"@type\":\"EntryPoint\",\"urlTemplate\":\"https:\/\/lesrencontreseconomiques.fr\/?s={search_term_string}\"},\"query-input\":\"required name=search_term_string\"}],\"inLanguage\":\"fr-FR\"}]}<\/script>\n<!-- \/ Yoast SEO plugin. -->","yoast_head_json":{"title":"Accr\u00e9ditation M\u00e9dia - Les Rencontres \u00c9conomiques","robots":{"index":"index","follow":"follow","max-snippet":"max-snippet:-1","max-image-preview":"max-image-preview:large","max-video-preview":"max-video-preview:-1"},"canonical":"https:\/\/lesrencontreseconomiques.fr\/media\/accreditation\/","og_locale":"fr_FR","og_type":"article","og_description":"Cette publication est prot\u00e9g\u00e9e par un mot de passe. Pour la voir, veuillez saisir votre mot de passe ci-dessous\u00a0: Mot de passe\u00a0:","og_url":"https:\/\/lesrencontreseconomiques.fr\/media\/accreditation\/","og_site_name":"Les Rencontres \u00c9conomiques","article_publisher":"https:\/\/www.facebook.com\/Le.Cercle.des.Economistes\/","article_modified_time":"2023-05-31T10:00:38+00:00","twitter_card":"summary_large_image","twitter_site":"@Cercle_eco","schema":{"@context":"https:\/\/schema.org","@graph":[{"@type":"WebPage","@id":"https:\/\/lesrencontreseconomiques.fr\/media\/accreditation\/","url":"https:\/\/lesrencontreseconomiques.fr\/media\/accreditation\/","name":"Accr\u00e9ditation M\u00e9dia - Les Rencontres \u00c9conomiques","isPartOf":{"@id":"https:\/\/lesrencontreseconomiques.fr\/#website"},"datePublished":"2023-05-26T09:23:17+00:00","dateModified":"2023-05-31T10:00:38+00:00","breadcrumb":{"@id":"https:\/\/lesrencontreseconomiques.fr\/media\/accreditation\/#breadcrumb"},"inLanguage":"fr-FR","potentialAction":[{"@type":"ReadAction","target":["https:\/\/lesrencontreseconomiques.fr\/media\/accreditation\/"]}]},{"@type":"BreadcrumbList","@id":"https:\/\/lesrencontreseconomiques.fr\/media\/accreditation\/#breadcrumb","itemListElement":[{"@type":"ListItem","position":1,"name":"Accueil","item":"https:\/\/lesrencontreseconomiques.fr\/"},{"@type":"ListItem","position":2,"name":"Media","item":"https:\/\/lesrencontreseconomiques.fr\/media\/"},{"@type":"ListItem","position":3,"name":"Accr\u00e9ditation M\u00e9dia"}]},{"@type":"WebSite","@id":"https:\/\/lesrencontreseconomiques.fr\/#website","url":"https:\/\/lesrencontreseconomiques.fr\/","name":"Les Rencontres \u00c9conomiques","description":"","potentialAction":[{"@type":"SearchAction","target":{"@type":"EntryPoint","urlTemplate":"https:\/\/lesrencontreseconomiques.fr\/?s={search_term_string}"},"query-input":"required name=search_term_string"}],"inLanguage":"fr-FR"}]}},"_links":{"self":[{"href":"https:\/\/lesrencontreseconomiques.fr\/wp-json\/wp\/v2\/pages\/5504"}],"collection":[{"href":"https:\/\/lesrencontreseconomiques.fr\/wp-json\/wp\/v2\/pages"}],"about":[{"href":"https:\/\/lesrencontreseconomiques.fr\/wp-json\/wp\/v2\/types\/page"}],"author":[{"embeddable":true,"href":"https:\/\/lesrencontreseconomiques.fr\/wp-json\/wp\/v2\/users\/2"}],"replies":[{"embeddable":true,"href":"https:\/\/lesrencontreseconomiques.fr\/wp-json\/wp\/v2\/comments?post=5504"}],"version-history":[{"count":5,"href":"https:\/\/lesrencontreseconomiques.fr\/wp-json\/wp\/v2\/pages\/5504\/revisions"}],"predecessor-version":[{"id":5940,"href":"https:\/\/lesrencontreseconomiques.fr\/wp-json\/wp\/v2\/pages\/5504\/revisions\/5940"}],"up":[{"embeddable":true,"href":"https:\/\/lesrencontreseconomiques.fr\/wp-json\/wp\/v2\/pages\/2255"}],"wp:attachment":[{"href":"https:\/\/lesrencontreseconomiques.fr\/wp-json\/wp\/v2\/media?parent=5504"}],"curies":[{"name":"wp","href":"https:\/\/api.w.org\/{rel}","templated":true}]}}