{"id":5203,"date":"2023-05-25T18:10:02","date_gmt":"2023-05-25T16:10:02","guid":{"rendered":"https:\/\/lesrencontreseconomiques.fr\/?page_id=5203"},"modified":"2023-07-27T16:58:14","modified_gmt":"2023-07-27T14:58:14","slug":"photo","status":"publish","type":"page","link":"https:\/\/lesrencontreseconomiques.fr\/autour-des-rencontres\/photo\/","title":{"rendered":"Collecte photographique \u00ab\u00a0Recr\u00e9er l&rsquo;espoir\u00a0\u00bb"},"content":{"rendered":"<div class=\"-wrapper -846 -mt-90 -mb-90\">\n<div class=\"cp-intro -texte\">\n<div class=\"description\">\n<div class=\"cp-texte\">\n<h2>Le th\u00e8me des 23e Rencontres\u00a0\u00c9conomiques d\u2019Aix en Provence est aussi l&rsquo;objet d&rsquo;une grande enqu\u00eate photographique men\u00e9e dans toute la France avec Wipplay, en coop\u00e9ration avec Veolia.<\/h2>\n<p>L&rsquo;espoir est une force puissante qui anime les \u00eatres humains et les pousse \u00e0 agir pour transformer le monde. La transformation \u00e9cologique est justement la raison d&rsquo;\u00eatre de Veolia, dont l&rsquo;action vise \u00e0 concilier progr\u00e8s humain et protection de l&rsquo;environnement.<\/p>\n<p>Plus de 60% des citoyens pensent que l&rsquo;avenir est entre nos mains et que l&rsquo;inaction co\u00fbtera plus cher que l&rsquo;action (Elabe). Il faut donc agir. Le monde peut \u00eatre d\u00e9carbon\u00e9, d\u00e9pollu\u00e9 et r\u00e9g\u00e9n\u00e9r\u00e9. Une partie des solutions existe et une partie reste \u00e0 inventer. Ce qui est certain, c&rsquo;est que l&rsquo;avenir peut \u00eatre durable et d\u00e9sirable.<\/p>\n<p>Loin d&rsquo;un fatalisme passif, c&rsquo;est une vision volontariste du monde qui se dessine. Et c&rsquo;est aux citoyens de la plan\u00e8te de d&rsquo;imaginer cet avenir en le nourrissant d&rsquo;espoir. Car c&rsquo;est bien l&rsquo;espoir qui est le moteur de l&rsquo;action. Encore faut-il pouvoir le trouver, l&rsquo;entretenir, le fa\u00e7onner. Pendant 4 semaines, nous avons re\u00e7u des milliers de clich\u00e9s, tout autant de regards remplis d&rsquo;optimisme.<\/p>\n<p>Et c&rsquo;est le r\u00e9sultat de cette enqu\u00eate que nous vous pr\u00e9sentons ici. Une exp\u00e9rience visuelle et \u00e9motionnelle au c\u0153ur de ce qui nous anime, nous r\u00e9unit, nous transforme.<\/p>\n<p>Un jury compos\u00e9 de photographes, d&rsquo;\u00e9conomistes, de journalistes, de repr\u00e9sentants de la soci\u00e9t\u00e9 civile et de personnalit\u00e9s engag\u00e9es a distingu\u00e9 12 photographies.<\/p>\n<hr \/>\n<p>Les membres du jury : <strong>Brigitte Ad\u00e8s<\/strong> (Grand reporter et \u00e9crivaine), <strong>Fran\u00e7oise Benhamou<\/strong> (Pr\u00e9sidente du Cercle des \u00e9conomistes), <strong>Thierry Bou\u00ebt<\/strong> (Photographe et auteur), <strong>Philippe Gassmann<\/strong> (Pr\u00e9sident directeur g\u00e9n\u00e9ral du Groupe Picto), <strong>Johan Hufnagel<\/strong> (Co-fondateur de Loopsider), <strong>Marion Joubert<\/strong> (Directrice Editorial et Contenus du Cercle des \u00e9conomistes), <strong>Gabriella Lazzoni<\/strong> (Directrice de la Marque et des Contenus de Veolia), <strong>Daesung Lee<\/strong> (Photographe), <strong>Nicolas R\u00e9gnier<\/strong> (Fondateur du programme Ville de demain \u00e0 Station F), <strong>S\u00e9bastien Ruiz<\/strong> (Secr\u00e9taire g\u00e9n\u00e9ral de la Fondation Tara Oc\u00e9an)<\/p>\n<hr \/>\n<p>&nbsp;<\/p>\n<\/p><\/div>\n<\/p><\/div>\n<\/p><\/div>\n<\/p><\/div>\n<div class=\"cp-section-header -wrapper -846 -mt-90\">\n<h2 class=\"cp-titre-2 -section\">Les 3 Prix du Jury<\/h2>\n<\/div>\n<div class=\"-wrapper -846 -mb-90\">\n<div class=\"cp-photo-grid -photoswipe\">\n<p>\t\t<a href=\"https:\/\/lesrencontreseconomiques.fr\/wp-content\/uploads\/2023\/07\/230623_REAix23_expo-planches-photos_exe-vecto_Page_10.png\" target=\"_blank\" data-width=\"1600\" data-height=\"1600\" rel=\"noopener\"><br \/>\n\t\t\t<img class=\"lazy\" data-src=\"https:\/\/lesrencontreseconomiques.fr\/wp-content\/uploads\/2023\/07\/230623_REAix23_expo-planches-photos_exe-vecto_Page_10-490x490.png\" width=\"490\" height=\"490\" alt=\"\"><br \/>\n\t\t<\/a><\/p>\n<p>\t\t<a href=\"https:\/\/lesrencontreseconomiques.fr\/wp-content\/uploads\/2023\/07\/230623_REAix23_expo-planches-photos_exe-vecto_Page_07.png\" target=\"_blank\" data-width=\"1600\" data-height=\"1600\" rel=\"noopener\"><br \/>\n\t\t\t<img class=\"lazy\" data-src=\"https:\/\/lesrencontreseconomiques.fr\/wp-content\/uploads\/2023\/07\/230623_REAix23_expo-planches-photos_exe-vecto_Page_07-490x490.png\" width=\"490\" height=\"490\" alt=\"\"><br \/>\n\t\t<\/a><\/p>\n<p>\t\t<a href=\"https:\/\/lesrencontreseconomiques.fr\/wp-content\/uploads\/2023\/07\/230623_REAix23_expo-planches-photos_exe-vecto_Page_06.png\" target=\"_blank\" data-width=\"1600\" data-height=\"1067\" rel=\"noopener\"><br \/>\n\t\t\t<img class=\"lazy\" data-src=\"https:\/\/lesrencontreseconomiques.fr\/wp-content\/uploads\/2023\/07\/230623_REAix23_expo-planches-photos_exe-vecto_Page_06-490x327.png\" width=\"490\" height=\"327\" alt=\"\"><br \/>\n\t\t<\/a><\/p><\/div>\n<\/div>\n<div class=\"cp-section-header -wrapper -846 -mt-90\">\n<h2 class=\"cp-titre-2 -section\">Les 9 Coups de c\u0153ur<\/h2>\n<\/div>\n<div class=\"-wrapper -846 -mb-90\">\n<div class=\"cp-photo-grid -photoswipe\">\n<p>\t\t<a href=\"https:\/\/lesrencontreseconomiques.fr\/wp-content\/uploads\/2023\/07\/230623_REAix23_expo-planches-photos_exe-vecto_Page_12.png\" target=\"_blank\" data-width=\"1600\" data-height=\"1067\" rel=\"noopener\"><br \/>\n\t\t\t<img class=\"lazy\" data-src=\"https:\/\/lesrencontreseconomiques.fr\/wp-content\/uploads\/2023\/07\/230623_REAix23_expo-planches-photos_exe-vecto_Page_12-490x327.png\" width=\"490\" height=\"327\" alt=\"\"><br \/>\n\t\t<\/a><\/p>\n<p>\t\t<a href=\"https:\/\/lesrencontreseconomiques.fr\/wp-content\/uploads\/2023\/07\/230623_REAix23_expo-planches-photos_exe-vecto_Page_11.png\" target=\"_blank\" data-width=\"1600\" data-height=\"1067\" rel=\"noopener\"><br \/>\n\t\t\t<img class=\"lazy\" data-src=\"https:\/\/lesrencontreseconomiques.fr\/wp-content\/uploads\/2023\/07\/230623_REAix23_expo-planches-photos_exe-vecto_Page_11-490x327.png\" width=\"490\" height=\"327\" alt=\"\"><br \/>\n\t\t<\/a><\/p>\n<p>\t\t<a href=\"https:\/\/lesrencontreseconomiques.fr\/wp-content\/uploads\/2023\/07\/230623_REAix23_expo-planches-photos_exe-vecto_Page_02.png\" target=\"_blank\" data-width=\"1600\" data-height=\"1067\" rel=\"noopener\"><br \/>\n\t\t\t<img class=\"lazy\" data-src=\"https:\/\/lesrencontreseconomiques.fr\/wp-content\/uploads\/2023\/07\/230623_REAix23_expo-planches-photos_exe-vecto_Page_02-490x327.png\" width=\"490\" height=\"327\" alt=\"\"><br \/>\n\t\t<\/a><\/p>\n<p>\t\t<a href=\"https:\/\/lesrencontreseconomiques.fr\/wp-content\/uploads\/2023\/07\/230623_REAix23_expo-planches-photos_exe-vecto_Page_01.png\" target=\"_blank\" data-width=\"1600\" data-height=\"1067\" rel=\"noopener\"><br \/>\n\t\t\t<img class=\"lazy\" data-src=\"https:\/\/lesrencontreseconomiques.fr\/wp-content\/uploads\/2023\/07\/230623_REAix23_expo-planches-photos_exe-vecto_Page_01-490x327.png\" width=\"490\" height=\"327\" alt=\"\"><br \/>\n\t\t<\/a><\/p>\n<p>\t\t<a href=\"https:\/\/lesrencontreseconomiques.fr\/wp-content\/uploads\/2023\/07\/230623_REAix23_expo-planches-photos_exe-vecto_Page_09.png\" target=\"_blank\" data-width=\"1600\" data-height=\"1067\" rel=\"noopener\"><br \/>\n\t\t\t<img class=\"lazy\" data-src=\"https:\/\/lesrencontreseconomiques.fr\/wp-content\/uploads\/2023\/07\/230623_REAix23_expo-planches-photos_exe-vecto_Page_09-490x327.png\" width=\"490\" height=\"327\" alt=\"\"><br \/>\n\t\t<\/a><\/p>\n<p>\t\t<a href=\"https:\/\/lesrencontreseconomiques.fr\/wp-content\/uploads\/2023\/07\/230623_REAix23_expo-planches-photos_exe-vecto_Page_08.png\" target=\"_blank\" data-width=\"1600\" data-height=\"1067\" rel=\"noopener\"><br \/>\n\t\t\t<img class=\"lazy\" data-src=\"https:\/\/lesrencontreseconomiques.fr\/wp-content\/uploads\/2023\/07\/230623_REAix23_expo-planches-photos_exe-vecto_Page_08-490x327.png\" width=\"490\" height=\"327\" alt=\"\"><br \/>\n\t\t<\/a><\/p>\n<p>\t\t<a href=\"https:\/\/lesrencontreseconomiques.fr\/wp-content\/uploads\/2023\/07\/230623_REAix23_expo-planches-photos_exe-vecto_Page_05.png\" target=\"_blank\" data-width=\"1600\" data-height=\"1600\" rel=\"noopener\"><br \/>\n\t\t\t<img class=\"lazy\" data-src=\"https:\/\/lesrencontreseconomiques.fr\/wp-content\/uploads\/2023\/07\/230623_REAix23_expo-planches-photos_exe-vecto_Page_05-490x490.png\" width=\"490\" height=\"490\" alt=\"\"><br \/>\n\t\t<\/a><\/p>\n<p>\t\t<a href=\"https:\/\/lesrencontreseconomiques.fr\/wp-content\/uploads\/2023\/07\/230623_REAix23_expo-planches-photos_exe-vecto_Page_03.png\" target=\"_blank\" data-width=\"1423\" data-height=\"948\" rel=\"noopener\"><br \/>\n\t\t\t<img class=\"lazy\" data-src=\"https:\/\/lesrencontreseconomiques.fr\/wp-content\/uploads\/2023\/07\/230623_REAix23_expo-planches-photos_exe-vecto_Page_03-490x326.png\" width=\"490\" height=\"326\" alt=\"\"><br \/>\n\t\t<\/a><\/p>\n<p>\t\t<a href=\"https:\/\/lesrencontreseconomiques.fr\/wp-content\/uploads\/2023\/07\/230623_REAix23_expo-planches-photos_exe-vecto_Page_04.png\" target=\"_blank\" data-width=\"1600\" data-height=\"1067\" rel=\"noopener\"><br \/>\n\t\t\t<img class=\"lazy\" data-src=\"https:\/\/lesrencontreseconomiques.fr\/wp-content\/uploads\/2023\/07\/230623_REAix23_expo-planches-photos_exe-vecto_Page_04-490x327.png\" width=\"490\" height=\"327\" alt=\"\"><br \/>\n\t\t<\/a><\/p><\/div>\n<\/div>\n<div class=\"-wrapper -668 -mt-90 -mb-90\">\n<div class=\"cp-intro -texte\">\n<div class=\"description\">\n<div class=\"cp-texte\">\n<p><a class=\"cp-cta-bouton\" href=\"https:\/\/www.wipplay.com\/fr_FR\/concours-photo\/recr%C3%A9erl'espoir\/#home\" target=\"_blank\" rel=\"noopener\">Voir toutes les photos sur le site de Wipplay<\/a><\/p>\n<\/p><\/div>\n<\/p><\/div>\n<\/p><\/div>\n<\/p><\/div>\n","protected":false},"excerpt":{"rendered":"<p>Le th\u00e8me des 23e Rencontres\u00a0\u00c9conomiques d\u2019Aix en Provence est aussi l&rsquo;objet d&rsquo;une grande enqu\u00eate photographique men\u00e9e dans toute la France avec Wipplay, en coop\u00e9ration avec Veolia. L&rsquo;espoir est une force puissante qui anime les \u00eatres humains et les pousse \u00e0 agir pour transformer le monde. La transformation \u00e9cologique est justement la raison d&rsquo;\u00eatre de Veolia, [&hellip;]<\/p>\n","protected":false},"author":2,"featured_media":11705,"parent":7846,"menu_order":0,"comment_status":"closed","ping_status":"closed","template":"","meta":{"footnotes":""},"acf":[],"yoast_head":"<!-- This site is optimized with the Yoast SEO plugin v22.0 - https:\/\/yoast.com\/wordpress\/plugins\/seo\/ -->\n<title>Collecte photographique &quot;Recr\u00e9er l&#039;espoir&quot; - Les Rencontres \u00c9conomiques<\/title>\n<meta name=\"robots\" content=\"index, follow, max-snippet:-1, max-image-preview:large, max-video-preview:-1\" \/>\n<link rel=\"canonical\" href=\"https:\/\/lesrencontreseconomiques.fr\/autour-des-rencontres\/photo\/\" \/>\n<meta property=\"og:locale\" content=\"fr_FR\" \/>\n<meta property=\"og:type\" content=\"article\" \/>\n<meta property=\"og:description\" content=\"Le th\u00e8me des 23e Rencontres\u00a0\u00c9conomiques d\u2019Aix en Provence est aussi l&rsquo;objet d&rsquo;une grande enqu\u00eate photographique men\u00e9e dans toute la France avec Wipplay, en coop\u00e9ration avec Veolia. L&rsquo;espoir est une force puissante qui anime les \u00eatres humains et les pousse \u00e0 agir pour transformer le monde. La transformation \u00e9cologique est justement la raison d&rsquo;\u00eatre de Veolia, [&hellip;]\" \/>\n<meta property=\"og:url\" content=\"https:\/\/lesrencontreseconomiques.fr\/autour-des-rencontres\/photo\/\" \/>\n<meta property=\"og:site_name\" content=\"Les Rencontres \u00c9conomiques\" \/>\n<meta property=\"article:publisher\" content=\"https:\/\/www.facebook.com\/Le.Cercle.des.Economistes\/\" \/>\n<meta property=\"article:modified_time\" content=\"2023-07-27T14:58:14+00:00\" \/>\n<meta property=\"og:image\" content=\"https:\/\/lesrencontreseconomiques.fr\/wp-content\/uploads\/2023\/07\/laureat-concours-photo.png\" \/>\n\t<meta property=\"og:image:width\" content=\"725\" \/>\n\t<meta property=\"og:image:height\" content=\"725\" \/>\n\t<meta property=\"og:image:type\" content=\"image\/png\" \/>\n<meta name=\"twitter:card\" content=\"summary_large_image\" \/>\n<meta name=\"twitter:site\" content=\"@Cercle_eco\" \/>\n<script type=\"application\/ld+json\" class=\"yoast-schema-graph\">{\"@context\":\"https:\/\/schema.org\",\"@graph\":[{\"@type\":\"WebPage\",\"@id\":\"https:\/\/lesrencontreseconomiques.fr\/autour-des-rencontres\/photo\/\",\"url\":\"https:\/\/lesrencontreseconomiques.fr\/autour-des-rencontres\/photo\/\",\"name\":\"Collecte photographique \\\"Recr\u00e9er l'espoir\\\" - Les Rencontres \u00c9conomiques\",\"isPartOf\":{\"@id\":\"https:\/\/lesrencontreseconomiques.fr\/#website\"},\"datePublished\":\"2023-05-25T16:10:02+00:00\",\"dateModified\":\"2023-07-27T14:58:14+00:00\",\"breadcrumb\":{\"@id\":\"https:\/\/lesrencontreseconomiques.fr\/autour-des-rencontres\/photo\/#breadcrumb\"},\"inLanguage\":\"fr-FR\",\"potentialAction\":[{\"@type\":\"ReadAction\",\"target\":[\"https:\/\/lesrencontreseconomiques.fr\/autour-des-rencontres\/photo\/\"]}]},{\"@type\":\"BreadcrumbList\",\"@id\":\"https:\/\/lesrencontreseconomiques.fr\/autour-des-rencontres\/photo\/#breadcrumb\",\"itemListElement\":[{\"@type\":\"ListItem\",\"position\":1,\"name\":\"Accueil\",\"item\":\"https:\/\/lesrencontreseconomiques.fr\/\"},{\"@type\":\"ListItem\",\"position\":2,\"name\":\"Autour des Rencontres\",\"item\":\"https:\/\/lesrencontreseconomiques.fr\/autour-des-rencontres\/\"},{\"@type\":\"ListItem\",\"position\":3,\"name\":\"Collecte photographique \u00ab\u00a0Recr\u00e9er l&rsquo;espoir\u00a0\u00bb\"}]},{\"@type\":\"WebSite\",\"@id\":\"https:\/\/lesrencontreseconomiques.fr\/#website\",\"url\":\"https:\/\/lesrencontreseconomiques.fr\/\",\"name\":\"Les Rencontres \u00c9conomiques\",\"description\":\"\",\"potentialAction\":[{\"@type\":\"SearchAction\",\"target\":{\"@type\":\"EntryPoint\",\"urlTemplate\":\"https:\/\/lesrencontreseconomiques.fr\/?s={search_term_string}\"},\"query-input\":\"required name=search_term_string\"}],\"inLanguage\":\"fr-FR\"}]}<\/script>\n<!-- \/ Yoast SEO plugin. -->","yoast_head_json":{"title":"Collecte photographique \"Recr\u00e9er l'espoir\" - Les Rencontres \u00c9conomiques","robots":{"index":"index","follow":"follow","max-snippet":"max-snippet:-1","max-image-preview":"max-image-preview:large","max-video-preview":"max-video-preview:-1"},"canonical":"https:\/\/lesrencontreseconomiques.fr\/autour-des-rencontres\/photo\/","og_locale":"fr_FR","og_type":"article","og_description":"Le th\u00e8me des 23e Rencontres\u00a0\u00c9conomiques d\u2019Aix en Provence est aussi l&rsquo;objet d&rsquo;une grande enqu\u00eate photographique men\u00e9e dans toute la France avec Wipplay, en coop\u00e9ration avec Veolia. L&rsquo;espoir est une force puissante qui anime les \u00eatres humains et les pousse \u00e0 agir pour transformer le monde. La transformation \u00e9cologique est justement la raison d&rsquo;\u00eatre de Veolia, [&hellip;]","og_url":"https:\/\/lesrencontreseconomiques.fr\/autour-des-rencontres\/photo\/","og_site_name":"Les Rencontres \u00c9conomiques","article_publisher":"https:\/\/www.facebook.com\/Le.Cercle.des.Economistes\/","article_modified_time":"2023-07-27T14:58:14+00:00","og_image":[{"width":725,"height":725,"url":"https:\/\/lesrencontreseconomiques.fr\/wp-content\/uploads\/2023\/07\/laureat-concours-photo.png","type":"image\/png"}],"twitter_card":"summary_large_image","twitter_site":"@Cercle_eco","schema":{"@context":"https:\/\/schema.org","@graph":[{"@type":"WebPage","@id":"https:\/\/lesrencontreseconomiques.fr\/autour-des-rencontres\/photo\/","url":"https:\/\/lesrencontreseconomiques.fr\/autour-des-rencontres\/photo\/","name":"Collecte photographique \"Recr\u00e9er l'espoir\" - Les Rencontres \u00c9conomiques","isPartOf":{"@id":"https:\/\/lesrencontreseconomiques.fr\/#website"},"datePublished":"2023-05-25T16:10:02+00:00","dateModified":"2023-07-27T14:58:14+00:00","breadcrumb":{"@id":"https:\/\/lesrencontreseconomiques.fr\/autour-des-rencontres\/photo\/#breadcrumb"},"inLanguage":"fr-FR","potentialAction":[{"@type":"ReadAction","target":["https:\/\/lesrencontreseconomiques.fr\/autour-des-rencontres\/photo\/"]}]},{"@type":"BreadcrumbList","@id":"https:\/\/lesrencontreseconomiques.fr\/autour-des-rencontres\/photo\/#breadcrumb","itemListElement":[{"@type":"ListItem","position":1,"name":"Accueil","item":"https:\/\/lesrencontreseconomiques.fr\/"},{"@type":"ListItem","position":2,"name":"Autour des Rencontres","item":"https:\/\/lesrencontreseconomiques.fr\/autour-des-rencontres\/"},{"@type":"ListItem","position":3,"name":"Collecte photographique \u00ab\u00a0Recr\u00e9er l&rsquo;espoir\u00a0\u00bb"}]},{"@type":"WebSite","@id":"https:\/\/lesrencontreseconomiques.fr\/#website","url":"https:\/\/lesrencontreseconomiques.fr\/","name":"Les Rencontres \u00c9conomiques","description":"","potentialAction":[{"@type":"SearchAction","target":{"@type":"EntryPoint","urlTemplate":"https:\/\/lesrencontreseconomiques.fr\/?s={search_term_string}"},"query-input":"required name=search_term_string"}],"inLanguage":"fr-FR"}]}},"_links":{"self":[{"href":"https:\/\/lesrencontreseconomiques.fr\/wp-json\/wp\/v2\/pages\/5203"}],"collection":[{"href":"https:\/\/lesrencontreseconomiques.fr\/wp-json\/wp\/v2\/pages"}],"about":[{"href":"https:\/\/lesrencontreseconomiques.fr\/wp-json\/wp\/v2\/types\/page"}],"author":[{"embeddable":true,"href":"https:\/\/lesrencontreseconomiques.fr\/wp-json\/wp\/v2\/users\/2"}],"replies":[{"embeddable":true,"href":"https:\/\/lesrencontreseconomiques.fr\/wp-json\/wp\/v2\/comments?post=5203"}],"version-history":[{"count":16,"href":"https:\/\/lesrencontreseconomiques.fr\/wp-json\/wp\/v2\/pages\/5203\/revisions"}],"predecessor-version":[{"id":11709,"href":"https:\/\/lesrencontreseconomiques.fr\/wp-json\/wp\/v2\/pages\/5203\/revisions\/11709"}],"up":[{"embeddable":true,"href":"https:\/\/lesrencontreseconomiques.fr\/wp-json\/wp\/v2\/pages\/7846"}],"wp:featuredmedia":[{"embeddable":true,"href":"https:\/\/lesrencontreseconomiques.fr\/wp-json\/wp\/v2\/media\/11705"}],"wp:attachment":[{"href":"https:\/\/lesrencontreseconomiques.fr\/wp-json\/wp\/v2\/media?parent=5203"}],"curies":[{"name":"wp","href":"https:\/\/api.w.org\/{rel}","templated":true}]}}