{"id":3708,"date":"2023-01-11T13:05:06","date_gmt":"2023-01-11T12:05:06","guid":{"rendered":"https:\/\/lesrencontreseconomiques.fr\/?page_id=3708"},"modified":"2023-01-11T13:05:06","modified_gmt":"2023-01-11T12:05:06","slug":"recreer-lespoir","status":"publish","type":"page","link":"https:\/\/lesrencontreseconomiques.fr\/recreer-lespoir\/","title":{"rendered":"Recr\u00e9er l&rsquo;espoir"},"content":{"rendered":"<div class=\"-wrapper -668 -mt-90 -mb-90\">\n<div class=\"cp-intro -texte\">\n<div class=\"description\">\n<div class=\"cp-texte\">\n<p>Pour la premi\u00e8re fois et en un temps tr\u00e8s limit\u00e9, nous assistons \u00e0 la convergence de crises \u00e9conomiques, sociales, sanitaires, \u00e9cologiques et g\u00e9ostrat\u00e9giques. Face \u00e0 cette situation in\u00e9dite, si difficile \u00e0 appr\u00e9hender, face \u00e0 la tentation de c\u00e9der au pessimisme et \u00e0 la r\u00e9signation, il faut agir et cr\u00e9er les conditions de la sortie de crise. Il nous faut pour cela recr\u00e9er l\u2019espoir.<\/p>\n<p>Pourtant, notre monde est travers\u00e9 d\u2019incertitudes. Quels seront les effets d\u2019une r\u00e9cession mondiale\u00a0? Quels enjeux et d\u00e9fis face \u00e0 une raret\u00e9 dont la centralit\u00e9 \u00e9conomique est de plus en plus grande\u00a0? La pand\u00e9mie de Covid a r\u00e9install\u00e9 la question de la sant\u00e9 et de son acc\u00e8s au premier plan alors que l\u2019\u00e9mergence de nouveau blocs g\u00e9opolitiques rebattent les cartes du monde. Il nous faudra donc \u00a0\u00e9valuer, en premier lieu, l\u2019impact sur les \u00e9conomies et la coh\u00e9sion sociale de ces incertitudes majeures.<\/p>\n<p>Les espoirs sont cependant nombreux, qu\u2019ils touchent au bien-\u00eatre, au travail, \u00e0 la prise de conscience \u00e9cologique, aux innovations technologiques, humaines ou aux grandes tendances sociales et soci\u00e9tales. Notre approche mettra en lumi\u00e8re, de mani\u00e8re prioritaire, douze domaines dans lesquels les espoirs sont forts.<\/p>\n<p>Des crises peut ressortir le pire ou le meilleur. Sur cette ligne de cr\u00eate, tout nous ram\u00e8ne \u00e0 la question des choix, d\u00e9cisifs, car de ceux-ci d\u00e9coulent la soci\u00e9t\u00e9, le monde de demain. Ces choix seront complexes et co\u00fbteux. Ils demandent de prendre des positions fortes et argument\u00e9es. Pour cela nous avons cr\u00e9\u00e9 un nouveau format\u00a0: les controverses. Ces formats d\u2019\u00e9change d\u2019une demi-heure permettront \u00e0 deux personnalit\u00e9s de pr\u00e9senter leurs id\u00e9es de mani\u00e8re moins consensuelle, de r\u00e9affirmer que les d\u00e9bats sont possibles, n\u00e9cessaires et utiles. Il s\u2019agira de tester des choix, de questionner leur r\u00e9alisme et leur validit\u00e9.<\/p>\n<p>Parce que chacun et chacune doit pouvoir agir \u00e0 son niveau, nous d\u00e9clinerons nos analyses, nos id\u00e9es et nos propositions aux diff\u00e9rents niveaux d\u2019impact\u00a0: celui des individus, celui des territoires et des entreprises, celui des pays et, enfin, celui de l\u2019Europe et du monde.<\/p>\n<p>La logique novatrice de ces 23<sup>\u00e8me<\/sup> Rencontres repose sur deux piliers\u00a0: celui des espoirs face aux incertitudes (le vendredi) et celui des choix \u00e9clair\u00e9s par des d\u00e9bats et controverses (le samedi). Pour donner r\u00e9alit\u00e9 \u00e0 ces rebonds, quinze sessions tenues le dimanche permettront d\u2019acter les grands choix de ces Rencontres.<\/p>\n<\/p><\/div>\n<\/p><\/div>\n<\/p><\/div>\n<\/p><\/div>\n","protected":false},"excerpt":{"rendered":"<p>Pour la premi\u00e8re fois et en un temps tr\u00e8s limit\u00e9, nous assistons \u00e0 la convergence de crises \u00e9conomiques, sociales, sanitaires, \u00e9cologiques et g\u00e9ostrat\u00e9giques. Face \u00e0 cette situation in\u00e9dite, si difficile \u00e0 appr\u00e9hender, face \u00e0 la tentation de c\u00e9der au pessimisme et \u00e0 la r\u00e9signation, il faut agir et cr\u00e9er les conditions de la sortie de [&hellip;]<\/p>\n","protected":false},"author":6,"featured_media":0,"parent":0,"menu_order":0,"comment_status":"closed","ping_status":"closed","template":"","meta":{"footnotes":""},"acf":[],"yoast_head":"<!-- This site is optimized with the Yoast SEO plugin v22.0 - https:\/\/yoast.com\/wordpress\/plugins\/seo\/ -->\n<title>Recr\u00e9er l&#039;espoir - Les Rencontres \u00c9conomiques<\/title>\n<meta name=\"robots\" content=\"index, follow, max-snippet:-1, max-image-preview:large, max-video-preview:-1\" \/>\n<link rel=\"canonical\" href=\"https:\/\/lesrencontreseconomiques.fr\/recreer-lespoir\/\" \/>\n<meta property=\"og:locale\" content=\"fr_FR\" \/>\n<meta property=\"og:type\" content=\"article\" \/>\n<meta property=\"og:description\" content=\"Pour la premi\u00e8re fois et en un temps tr\u00e8s limit\u00e9, nous assistons \u00e0 la convergence de crises \u00e9conomiques, sociales, sanitaires, \u00e9cologiques et g\u00e9ostrat\u00e9giques. Face \u00e0 cette situation in\u00e9dite, si difficile \u00e0 appr\u00e9hender, face \u00e0 la tentation de c\u00e9der au pessimisme et \u00e0 la r\u00e9signation, il faut agir et cr\u00e9er les conditions de la sortie de [&hellip;]\" \/>\n<meta property=\"og:url\" content=\"https:\/\/lesrencontreseconomiques.fr\/recreer-lespoir\/\" \/>\n<meta property=\"og:site_name\" content=\"Les Rencontres \u00c9conomiques\" \/>\n<meta property=\"article:publisher\" content=\"https:\/\/www.facebook.com\/Le.Cercle.des.Economistes\/\" \/>\n<meta name=\"twitter:card\" content=\"summary_large_image\" \/>\n<meta name=\"twitter:site\" content=\"@Cercle_eco\" \/>\n<script type=\"application\/ld+json\" class=\"yoast-schema-graph\">{\"@context\":\"https:\/\/schema.org\",\"@graph\":[{\"@type\":\"WebPage\",\"@id\":\"https:\/\/lesrencontreseconomiques.fr\/recreer-lespoir\/\",\"url\":\"https:\/\/lesrencontreseconomiques.fr\/recreer-lespoir\/\",\"name\":\"Recr\u00e9er l'espoir - Les Rencontres \u00c9conomiques\",\"isPartOf\":{\"@id\":\"https:\/\/lesrencontreseconomiques.fr\/#website\"},\"datePublished\":\"2023-01-11T12:05:06+00:00\",\"dateModified\":\"2023-01-11T12:05:06+00:00\",\"breadcrumb\":{\"@id\":\"https:\/\/lesrencontreseconomiques.fr\/recreer-lespoir\/#breadcrumb\"},\"inLanguage\":\"fr-FR\",\"potentialAction\":[{\"@type\":\"ReadAction\",\"target\":[\"https:\/\/lesrencontreseconomiques.fr\/recreer-lespoir\/\"]}]},{\"@type\":\"BreadcrumbList\",\"@id\":\"https:\/\/lesrencontreseconomiques.fr\/recreer-lespoir\/#breadcrumb\",\"itemListElement\":[{\"@type\":\"ListItem\",\"position\":1,\"name\":\"Accueil\",\"item\":\"https:\/\/lesrencontreseconomiques.fr\/\"},{\"@type\":\"ListItem\",\"position\":2,\"name\":\"Recr\u00e9er l&rsquo;espoir\"}]},{\"@type\":\"WebSite\",\"@id\":\"https:\/\/lesrencontreseconomiques.fr\/#website\",\"url\":\"https:\/\/lesrencontreseconomiques.fr\/\",\"name\":\"Les Rencontres \u00c9conomiques\",\"description\":\"\",\"potentialAction\":[{\"@type\":\"SearchAction\",\"target\":{\"@type\":\"EntryPoint\",\"urlTemplate\":\"https:\/\/lesrencontreseconomiques.fr\/?s={search_term_string}\"},\"query-input\":\"required name=search_term_string\"}],\"inLanguage\":\"fr-FR\"}]}<\/script>\n<!-- \/ Yoast SEO plugin. -->","yoast_head_json":{"title":"Recr\u00e9er l'espoir - Les Rencontres \u00c9conomiques","robots":{"index":"index","follow":"follow","max-snippet":"max-snippet:-1","max-image-preview":"max-image-preview:large","max-video-preview":"max-video-preview:-1"},"canonical":"https:\/\/lesrencontreseconomiques.fr\/recreer-lespoir\/","og_locale":"fr_FR","og_type":"article","og_description":"Pour la premi\u00e8re fois et en un temps tr\u00e8s limit\u00e9, nous assistons \u00e0 la convergence de crises \u00e9conomiques, sociales, sanitaires, \u00e9cologiques et g\u00e9ostrat\u00e9giques. Face \u00e0 cette situation in\u00e9dite, si difficile \u00e0 appr\u00e9hender, face \u00e0 la tentation de c\u00e9der au pessimisme et \u00e0 la r\u00e9signation, il faut agir et cr\u00e9er les conditions de la sortie de [&hellip;]","og_url":"https:\/\/lesrencontreseconomiques.fr\/recreer-lespoir\/","og_site_name":"Les Rencontres \u00c9conomiques","article_publisher":"https:\/\/www.facebook.com\/Le.Cercle.des.Economistes\/","twitter_card":"summary_large_image","twitter_site":"@Cercle_eco","schema":{"@context":"https:\/\/schema.org","@graph":[{"@type":"WebPage","@id":"https:\/\/lesrencontreseconomiques.fr\/recreer-lespoir\/","url":"https:\/\/lesrencontreseconomiques.fr\/recreer-lespoir\/","name":"Recr\u00e9er l'espoir - Les Rencontres \u00c9conomiques","isPartOf":{"@id":"https:\/\/lesrencontreseconomiques.fr\/#website"},"datePublished":"2023-01-11T12:05:06+00:00","dateModified":"2023-01-11T12:05:06+00:00","breadcrumb":{"@id":"https:\/\/lesrencontreseconomiques.fr\/recreer-lespoir\/#breadcrumb"},"inLanguage":"fr-FR","potentialAction":[{"@type":"ReadAction","target":["https:\/\/lesrencontreseconomiques.fr\/recreer-lespoir\/"]}]},{"@type":"BreadcrumbList","@id":"https:\/\/lesrencontreseconomiques.fr\/recreer-lespoir\/#breadcrumb","itemListElement":[{"@type":"ListItem","position":1,"name":"Accueil","item":"https:\/\/lesrencontreseconomiques.fr\/"},{"@type":"ListItem","position":2,"name":"Recr\u00e9er l&rsquo;espoir"}]},{"@type":"WebSite","@id":"https:\/\/lesrencontreseconomiques.fr\/#website","url":"https:\/\/lesrencontreseconomiques.fr\/","name":"Les Rencontres \u00c9conomiques","description":"","potentialAction":[{"@type":"SearchAction","target":{"@type":"EntryPoint","urlTemplate":"https:\/\/lesrencontreseconomiques.fr\/?s={search_term_string}"},"query-input":"required name=search_term_string"}],"inLanguage":"fr-FR"}]}},"_links":{"self":[{"href":"https:\/\/lesrencontreseconomiques.fr\/wp-json\/wp\/v2\/pages\/3708"}],"collection":[{"href":"https:\/\/lesrencontreseconomiques.fr\/wp-json\/wp\/v2\/pages"}],"about":[{"href":"https:\/\/lesrencontreseconomiques.fr\/wp-json\/wp\/v2\/types\/page"}],"author":[{"embeddable":true,"href":"https:\/\/lesrencontreseconomiques.fr\/wp-json\/wp\/v2\/users\/6"}],"replies":[{"embeddable":true,"href":"https:\/\/lesrencontreseconomiques.fr\/wp-json\/wp\/v2\/comments?post=3708"}],"version-history":[{"count":0,"href":"https:\/\/lesrencontreseconomiques.fr\/wp-json\/wp\/v2\/pages\/3708\/revisions"}],"wp:attachment":[{"href":"https:\/\/lesrencontreseconomiques.fr\/wp-json\/wp\/v2\/media?parent=3708"}],"curies":[{"name":"wp","href":"https:\/\/api.w.org\/{rel}","templated":true}]}}