{"id":10829,"date":"2023-07-09T12:54:25","date_gmt":"2023-07-09T10:54:25","guid":{"rendered":"https:\/\/lesrencontreseconomiques.fr\/?page_id=10829"},"modified":"2023-09-28T13:01:06","modified_gmt":"2023-09-28T11:01:06","slug":"propositions","status":"publish","type":"page","link":"https:\/\/lesrencontreseconomiques.fr\/jeunesses\/propositions\/","title":{"rendered":"D\u00e9couvrez les 4 propositions du projet Jeunesse(s)"},"content":{"rendered":"<div class=\"-wrapper -846 -mt-90 -mb-90\">\n<div class=\"cp-cta-image-texte\">\n<div class=\"media \" data-aos=\"fade-right\" data-aos-anchor-placement=\"top-bottom\" data-aos-offset=\"200\">\n<div class=\"image -walc \" style=\"padding-top:100%\"><img width=\"224\" height=\"224\" src=\"https:\/\/lesrencontreseconomiques.fr\/wp-content\/uploads\/2023\/07\/democratie-224x224.png\" class=\"attachment-small size-small\" alt=\"\" decoding=\"async\" loading=\"lazy\" srcset=\"https:\/\/lesrencontreseconomiques.fr\/wp-content\/uploads\/2023\/07\/democratie-224x224.png 224w, https:\/\/lesrencontreseconomiques.fr\/wp-content\/uploads\/2023\/07\/democratie-490x490.png 490w, https:\/\/lesrencontreseconomiques.fr\/wp-content\/uploads\/2023\/07\/democratie-668x668.png 668w, https:\/\/lesrencontreseconomiques.fr\/wp-content\/uploads\/2023\/07\/democratie-150x150.png 150w, https:\/\/lesrencontreseconomiques.fr\/wp-content\/uploads\/2023\/07\/democratie-1536x1536.png 1536w, https:\/\/lesrencontreseconomiques.fr\/wp-content\/uploads\/2023\/07\/democratie-140x140.png 140w, https:\/\/lesrencontreseconomiques.fr\/wp-content\/uploads\/2023\/07\/democratie-290x290.png 290w, https:\/\/lesrencontreseconomiques.fr\/wp-content\/uploads\/2023\/07\/democratie.png 1600w\" sizes=\"(max-width: 224px) 100vw, 224px\" \/><\/div>\n<\/p><\/div>\n<div class=\"description cp-texte\" data-aos=\"fade-up\" data-aos-anchor-placement=\"top-bottom\" data-aos-offset=\"200\">\n<h3>Instaurer des quotas jeunes (18-30 ans) sur les listes municipales, proportionnels au nombre de jeunes dans la municipalit\u00e9, sans pouvoir exc\u00e9der 30% des candidats inscrits sur la liste<\/h3>\n<p>Un contr\u00f4le des candidatures devra \u00eatre mis en place pour pr\u00e9venir l\u2019apparition de conflits d\u2019int\u00e9r\u00eat notamment d\u2019ordre familial (ex : mettre les enfants de la t\u00eate de liste). Ce dispositif devra \u00eatre accompagn\u00e9 d\u2019une v\u00e9ritable \u00e9ducation a\u0300 la citoyennet\u00e9 dans les \u00e9tablissements scolaires, de m\u00eame qu\u2019une promotion des fonctions de conseillers municipaux aupr\u00e8s des publics jeunes.<\/p>\n<\/p><\/div>\n<\/p><\/div>\n<\/div>\n<div class=\"-wrapper -846 -mt-90 -mb-90\">\n<div class=\"cp-cta-image-texte\">\n<div class=\"media \" data-aos=\"fade-right\" data-aos-anchor-placement=\"top-bottom\" data-aos-offset=\"200\">\n<div class=\"image -walc \" style=\"padding-top:100%\"><img width=\"224\" height=\"224\" src=\"https:\/\/lesrencontreseconomiques.fr\/wp-content\/uploads\/2023\/07\/environnement-1-224x224.png\" class=\"attachment-small size-small\" alt=\"\" decoding=\"async\" loading=\"lazy\" srcset=\"https:\/\/lesrencontreseconomiques.fr\/wp-content\/uploads\/2023\/07\/environnement-1-224x224.png 224w, https:\/\/lesrencontreseconomiques.fr\/wp-content\/uploads\/2023\/07\/environnement-1-490x490.png 490w, https:\/\/lesrencontreseconomiques.fr\/wp-content\/uploads\/2023\/07\/environnement-1-668x668.png 668w, https:\/\/lesrencontreseconomiques.fr\/wp-content\/uploads\/2023\/07\/environnement-1-150x150.png 150w, https:\/\/lesrencontreseconomiques.fr\/wp-content\/uploads\/2023\/07\/environnement-1-1536x1536.png 1536w, https:\/\/lesrencontreseconomiques.fr\/wp-content\/uploads\/2023\/07\/environnement-1-140x140.png 140w, https:\/\/lesrencontreseconomiques.fr\/wp-content\/uploads\/2023\/07\/environnement-1-290x290.png 290w, https:\/\/lesrencontreseconomiques.fr\/wp-content\/uploads\/2023\/07\/environnement-1.png 1600w\" sizes=\"(max-width: 224px) 100vw, 224px\" \/><\/div>\n<\/p><\/div>\n<div class=\"description cp-texte\" data-aos=\"fade-up\" data-aos-anchor-placement=\"top-bottom\" data-aos-offset=\"200\">\n<h3>Cr\u00e9er et rendre obligatoire pour chaque jeune \u00e0 compter de ses 18 ans de participer \u00e0 un \u201cPacte Jeune Citoyen\u201d compos\u00e9 de deux phases<\/h3>\n<p>Une premi\u00e8re phase de formation aux probl\u00e9matiques environnementales, puis une intervention obligatoire aupr\u00e8s des enfants scolaris\u00e9s et \u00e2g\u00e9s de 3 a\u0300 12 ans pour les sensibiliser a\u0300 l\u2019\u00e9cologie.<\/p>\n<p>Pour de nombreux jeunes, cet engagement \u00e9cologique citoyen r\u00e9pondra \u00e0 un manque exprim\u00e9 de ne pas savoir comment s\u2019engager dans cette cause et faciliter leur passage \u00e0 l\u2019action. Il permettra \u00e9galement une convergence des plaidoyers de jeunes pour l&rsquo;environnement et de d\u00e9ployer des r\u00e9cits positifs de l\u2019engagement en faveur de l\u2019\u00e9cologie.<\/p>\n<p>Cette sensibilisation, d\u00e8s le plus jeune \u00e2ge, pourra passer par la pratique et l\u2019apprentissage de gestes responsables dans le contexte scolaire (\u00e9laboration d\u2019un potager, v\u00e9g\u00e9talisation des cours de r\u00e9cr\u00e9ation, \u00e9ducation au tri des d\u00e9chets, sensibilisation a\u0300 l\u2019utilisation de \u00e9nergies, a\u0300 la gestion de l\u2019eau\u2026).<\/p>\n<\/p><\/div>\n<\/p><\/div>\n<\/div>\n<div class=\"-wrapper -846 -mt-90 -mb-90\">\n<div class=\"cp-cta-image-texte\">\n<div class=\"media \" data-aos=\"fade-right\" data-aos-anchor-placement=\"top-bottom\" data-aos-offset=\"200\">\n<div class=\"image -walc \" style=\"padding-top:100%\"><img width=\"224\" height=\"224\" src=\"https:\/\/lesrencontreseconomiques.fr\/wp-content\/uploads\/2023\/07\/formation-1-224x224.png\" class=\"attachment-small size-small\" alt=\"\" decoding=\"async\" loading=\"lazy\" srcset=\"https:\/\/lesrencontreseconomiques.fr\/wp-content\/uploads\/2023\/07\/formation-1-224x224.png 224w, https:\/\/lesrencontreseconomiques.fr\/wp-content\/uploads\/2023\/07\/formation-1-490x490.png 490w, https:\/\/lesrencontreseconomiques.fr\/wp-content\/uploads\/2023\/07\/formation-1-668x668.png 668w, https:\/\/lesrencontreseconomiques.fr\/wp-content\/uploads\/2023\/07\/formation-1-150x150.png 150w, https:\/\/lesrencontreseconomiques.fr\/wp-content\/uploads\/2023\/07\/formation-1-1536x1536.png 1536w, https:\/\/lesrencontreseconomiques.fr\/wp-content\/uploads\/2023\/07\/formation-1-140x140.png 140w, https:\/\/lesrencontreseconomiques.fr\/wp-content\/uploads\/2023\/07\/formation-1-290x290.png 290w, https:\/\/lesrencontreseconomiques.fr\/wp-content\/uploads\/2023\/07\/formation-1.png 1600w\" sizes=\"(max-width: 224px) 100vw, 224px\" \/><\/div>\n<\/p><\/div>\n<div class=\"description cp-texte\" data-aos=\"fade-up\" data-aos-anchor-placement=\"top-bottom\" data-aos-offset=\"200\">\n<h3>Pour toutes les formations qualifiantes, rendre obligatoire la publication des informations cl\u00e9s relatives \u00e0 l\u2019insertion de leurs \u00e9tudiants sur le march\u00e9 du travail<\/h3>\n<p>Liste des emplois potentiels et leurs dynamiques de progression ; taux d\u2019insertion sur le march\u00e9 de l\u2019emploi ; dur\u00e9e moyenne de recherche d\u2019emploi apr\u00e8s dipl\u00f4me ; r\u00e9mun\u00e9rations moyennes \u00e9ventuellement ; qualit\u00e9 de vie au travail etc.<\/p>\n<p>Ces indicateurs permettront une meilleure diffusion de l\u2019information aupr\u00e8s des \u00e9tudiants, et cr\u00e9eraient des incitations a\u0300 choisir les fili\u00e8res dynamiques sur le march\u00e9 de l\u2019emploi. La r\u00e9duction des asym\u00e9tries d\u2019information coupl\u00e9e a\u0300 la libert\u00e9 de choix en mati\u00e8re de formation et d\u2019\u00e9ducation permettront une allocation efficace sur le march\u00e9 \u00e9ducatif. Ces indicateurs, dont la diffusion publique sera obligatoire, seront centralis\u00e9s sur le site Parcoursup.fr.<\/p>\n<p>De la m\u00eame mani\u00e8re, rendre obligatoire dans chaque lyc\u00e9e la constitution d\u2019un R\u00e9seau d\u2019Alumni prenant la forme d\u2019une base de donn\u00e9es recensant l\u2019ensemble des choix de poursuite d\u2019\u00e9tude apr\u00e8s le baccalaur\u00e9at, choix d\u2019entr\u00e9e sur le march\u00e9 du travail, p\u00e9riode d&rsquo;inactivit\u00e9, etc.<\/p>\n<p>Ce dispositif devra s&rsquo;accompagner d\u2019une gestion des fili\u00e8res moins attractives afin de pr\u00e9venir les ph\u00e9nom\u00e8nes procycliques de renforcement des in\u00e9galit\u00e9s entre les fili\u00e8res attractives et peu attractives. Cette m\u00eame gestion devra \u00eatre faite pour les fili\u00e8res \u00e9mergentes qui n\u2019ont pas encore les donn\u00e9es a\u0300 disposition notamment les fili\u00e8res en lien avec les m\u00e9tiers d\u2019avenir (80% des emplois de demain n\u2019existent pas aujourd&rsquo;hui).<\/p>\n<\/p><\/div>\n<\/p><\/div>\n<\/div>\n<div class=\"-wrapper -846 -mt-90 -mb-90\">\n<div class=\"cp-cta-image-texte\">\n<div class=\"media \" data-aos=\"fade-right\" data-aos-anchor-placement=\"top-bottom\" data-aos-offset=\"200\">\n<div class=\"image -walc \" style=\"padding-top:100%\"><img width=\"224\" height=\"224\" src=\"https:\/\/lesrencontreseconomiques.fr\/wp-content\/uploads\/2023\/07\/sante-1-224x224.png\" class=\"attachment-small size-small\" alt=\"\" decoding=\"async\" loading=\"lazy\" srcset=\"https:\/\/lesrencontreseconomiques.fr\/wp-content\/uploads\/2023\/07\/sante-1-224x224.png 224w, https:\/\/lesrencontreseconomiques.fr\/wp-content\/uploads\/2023\/07\/sante-1-490x490.png 490w, https:\/\/lesrencontreseconomiques.fr\/wp-content\/uploads\/2023\/07\/sante-1-668x668.png 668w, https:\/\/lesrencontreseconomiques.fr\/wp-content\/uploads\/2023\/07\/sante-1-150x150.png 150w, https:\/\/lesrencontreseconomiques.fr\/wp-content\/uploads\/2023\/07\/sante-1-1536x1536.png 1536w, https:\/\/lesrencontreseconomiques.fr\/wp-content\/uploads\/2023\/07\/sante-1-140x140.png 140w, https:\/\/lesrencontreseconomiques.fr\/wp-content\/uploads\/2023\/07\/sante-1-290x290.png 290w, https:\/\/lesrencontreseconomiques.fr\/wp-content\/uploads\/2023\/07\/sante-1.png 1600w\" sizes=\"(max-width: 224px) 100vw, 224px\" \/><\/div>\n<\/p><\/div>\n<div class=\"description cp-texte\" data-aos=\"fade-up\" data-aos-anchor-placement=\"top-bottom\" data-aos-offset=\"200\">\n<h3>Cr\u00e9er et int\u00e9grer une unit\u00e9 d\u2019enseignement (UE) obligatoire d\u00e9di\u00e9e au sport et au bien-\u00eatre dans l\u2019ensemble des parcours de formation dans l\u2019Enseignement sup\u00e9rieur : pratique d\u2019une activit\u00e9 sportive ou formation portant sur les risques psychosociaux, la sant\u00e9 et la nutrition<\/h3>\n<p>La validation de l&rsquo;UE intitul\u00e9 \u201cEnseignement et pratique en sport et bien-\u00eatre\u201d donnera lieu a\u0300 une \u00e9valuation et a\u0300 l&rsquo;obtention de cr\u00e9dits ECTS, lesquels conditionnent l\u2019obtention du dipl\u00f4me par jeu de compensation entre les diff\u00e9rentes UE de la formation.<\/p>\n<p>Le panel d\u2019activit\u00e9s propos\u00e9es s&rsquo;appuie sur les \u00e9quipements sportifs des \u00e9tablissements ou a\u0300 d\u00e9faut, sur les \u00e9quipements des associations sportives partenaires dont le r\u00e9seau devra \u00eatre effectif a\u0300 la rentr\u00e9e 2024 (appuie sur le r\u00e9seau FFSU).<\/p>\n<\/p><\/div>\n<\/p><\/div>\n<\/div>\n","protected":false},"excerpt":{"rendered":"<p>Instaurer des quotas jeunes (18-30 ans) sur les listes municipales, proportionnels au nombre de jeunes dans la municipalit\u00e9, sans pouvoir exc\u00e9der 30% des candidats inscrits sur la liste Un contr\u00f4le des candidatures devra \u00eatre mis en place pour pr\u00e9venir l\u2019apparition de conflits d\u2019int\u00e9r\u00eat notamment d\u2019ordre familial (ex : mettre les enfants de la t\u00eate de [&hellip;]<\/p>\n","protected":false},"author":2,"featured_media":0,"parent":8,"menu_order":0,"comment_status":"closed","ping_status":"closed","template":"","meta":{"footnotes":""},"acf":[],"yoast_head":"<!-- This site is optimized with the Yoast SEO plugin v22.0 - https:\/\/yoast.com\/wordpress\/plugins\/seo\/ -->\n<title>D\u00e9couvrez les 4 propositions du projet Jeunesse(s) - Les Rencontres \u00c9conomiques<\/title>\n<meta name=\"robots\" content=\"index, follow, max-snippet:-1, max-image-preview:large, max-video-preview:-1\" \/>\n<link rel=\"canonical\" href=\"https:\/\/lesrencontreseconomiques.fr\/jeunesses\/propositions\/\" \/>\n<meta property=\"og:locale\" content=\"fr_FR\" \/>\n<meta property=\"og:type\" content=\"article\" \/>\n<meta property=\"og:description\" content=\"Instaurer des quotas jeunes (18-30 ans) sur les listes municipales, proportionnels au nombre de jeunes dans la municipalit\u00e9, sans pouvoir exc\u00e9der 30% des candidats inscrits sur la liste Un contr\u00f4le des candidatures devra \u00eatre mis en place pour pr\u00e9venir l\u2019apparition de conflits d\u2019int\u00e9r\u00eat notamment d\u2019ordre familial (ex : mettre les enfants de la t\u00eate de [&hellip;]\" \/>\n<meta property=\"og:url\" content=\"https:\/\/lesrencontreseconomiques.fr\/jeunesses\/propositions\/\" \/>\n<meta property=\"og:site_name\" content=\"Les Rencontres \u00c9conomiques\" \/>\n<meta property=\"article:publisher\" content=\"https:\/\/www.facebook.com\/Le.Cercle.des.Economistes\/\" \/>\n<meta property=\"article:modified_time\" content=\"2023-09-28T11:01:06+00:00\" \/>\n<meta property=\"og:image\" content=\"https:\/\/lesrencontreseconomiques.fr\/wp-content\/uploads\/2023\/07\/democratie-224x224.png\" \/>\n<meta name=\"twitter:card\" content=\"summary_large_image\" \/>\n<meta name=\"twitter:site\" content=\"@Cercle_eco\" \/>\n<script type=\"application\/ld+json\" class=\"yoast-schema-graph\">{\"@context\":\"https:\/\/schema.org\",\"@graph\":[{\"@type\":\"WebPage\",\"@id\":\"https:\/\/lesrencontreseconomiques.fr\/jeunesses\/propositions\/\",\"url\":\"https:\/\/lesrencontreseconomiques.fr\/jeunesses\/propositions\/\",\"name\":\"D\u00e9couvrez les 4 propositions du projet Jeunesse(s) - Les Rencontres \u00c9conomiques\",\"isPartOf\":{\"@id\":\"https:\/\/lesrencontreseconomiques.fr\/#website\"},\"datePublished\":\"2023-07-09T10:54:25+00:00\",\"dateModified\":\"2023-09-28T11:01:06+00:00\",\"breadcrumb\":{\"@id\":\"https:\/\/lesrencontreseconomiques.fr\/jeunesses\/propositions\/#breadcrumb\"},\"inLanguage\":\"fr-FR\",\"potentialAction\":[{\"@type\":\"ReadAction\",\"target\":[\"https:\/\/lesrencontreseconomiques.fr\/jeunesses\/propositions\/\"]}]},{\"@type\":\"BreadcrumbList\",\"@id\":\"https:\/\/lesrencontreseconomiques.fr\/jeunesses\/propositions\/#breadcrumb\",\"itemListElement\":[{\"@type\":\"ListItem\",\"position\":1,\"name\":\"Accueil\",\"item\":\"https:\/\/lesrencontreseconomiques.fr\/\"},{\"@type\":\"ListItem\",\"position\":2,\"name\":\"Jeunesses\",\"item\":\"https:\/\/lesrencontreseconomiques.fr\/jeunesses\/\"},{\"@type\":\"ListItem\",\"position\":3,\"name\":\"D\u00e9couvrez les 4 propositions du projet Jeunesse(s)\"}]},{\"@type\":\"WebSite\",\"@id\":\"https:\/\/lesrencontreseconomiques.fr\/#website\",\"url\":\"https:\/\/lesrencontreseconomiques.fr\/\",\"name\":\"Les Rencontres \u00c9conomiques\",\"description\":\"\",\"potentialAction\":[{\"@type\":\"SearchAction\",\"target\":{\"@type\":\"EntryPoint\",\"urlTemplate\":\"https:\/\/lesrencontreseconomiques.fr\/?s={search_term_string}\"},\"query-input\":\"required name=search_term_string\"}],\"inLanguage\":\"fr-FR\"}]}<\/script>\n<!-- \/ Yoast SEO plugin. -->","yoast_head_json":{"title":"D\u00e9couvrez les 4 propositions du projet Jeunesse(s) - Les Rencontres \u00c9conomiques","robots":{"index":"index","follow":"follow","max-snippet":"max-snippet:-1","max-image-preview":"max-image-preview:large","max-video-preview":"max-video-preview:-1"},"canonical":"https:\/\/lesrencontreseconomiques.fr\/jeunesses\/propositions\/","og_locale":"fr_FR","og_type":"article","og_description":"Instaurer des quotas jeunes (18-30 ans) sur les listes municipales, proportionnels au nombre de jeunes dans la municipalit\u00e9, sans pouvoir exc\u00e9der 30% des candidats inscrits sur la liste Un contr\u00f4le des candidatures devra \u00eatre mis en place pour pr\u00e9venir l\u2019apparition de conflits d\u2019int\u00e9r\u00eat notamment d\u2019ordre familial (ex : mettre les enfants de la t\u00eate de [&hellip;]","og_url":"https:\/\/lesrencontreseconomiques.fr\/jeunesses\/propositions\/","og_site_name":"Les Rencontres \u00c9conomiques","article_publisher":"https:\/\/www.facebook.com\/Le.Cercle.des.Economistes\/","article_modified_time":"2023-09-28T11:01:06+00:00","og_image":[{"url":"https:\/\/lesrencontreseconomiques.fr\/wp-content\/uploads\/2023\/07\/democratie-224x224.png"}],"twitter_card":"summary_large_image","twitter_site":"@Cercle_eco","schema":{"@context":"https:\/\/schema.org","@graph":[{"@type":"WebPage","@id":"https:\/\/lesrencontreseconomiques.fr\/jeunesses\/propositions\/","url":"https:\/\/lesrencontreseconomiques.fr\/jeunesses\/propositions\/","name":"D\u00e9couvrez les 4 propositions du projet Jeunesse(s) - Les Rencontres \u00c9conomiques","isPartOf":{"@id":"https:\/\/lesrencontreseconomiques.fr\/#website"},"datePublished":"2023-07-09T10:54:25+00:00","dateModified":"2023-09-28T11:01:06+00:00","breadcrumb":{"@id":"https:\/\/lesrencontreseconomiques.fr\/jeunesses\/propositions\/#breadcrumb"},"inLanguage":"fr-FR","potentialAction":[{"@type":"ReadAction","target":["https:\/\/lesrencontreseconomiques.fr\/jeunesses\/propositions\/"]}]},{"@type":"BreadcrumbList","@id":"https:\/\/lesrencontreseconomiques.fr\/jeunesses\/propositions\/#breadcrumb","itemListElement":[{"@type":"ListItem","position":1,"name":"Accueil","item":"https:\/\/lesrencontreseconomiques.fr\/"},{"@type":"ListItem","position":2,"name":"Jeunesses","item":"https:\/\/lesrencontreseconomiques.fr\/jeunesses\/"},{"@type":"ListItem","position":3,"name":"D\u00e9couvrez les 4 propositions du projet Jeunesse(s)"}]},{"@type":"WebSite","@id":"https:\/\/lesrencontreseconomiques.fr\/#website","url":"https:\/\/lesrencontreseconomiques.fr\/","name":"Les Rencontres \u00c9conomiques","description":"","potentialAction":[{"@type":"SearchAction","target":{"@type":"EntryPoint","urlTemplate":"https:\/\/lesrencontreseconomiques.fr\/?s={search_term_string}"},"query-input":"required name=search_term_string"}],"inLanguage":"fr-FR"}]}},"_links":{"self":[{"href":"https:\/\/lesrencontreseconomiques.fr\/wp-json\/wp\/v2\/pages\/10829"}],"collection":[{"href":"https:\/\/lesrencontreseconomiques.fr\/wp-json\/wp\/v2\/pages"}],"about":[{"href":"https:\/\/lesrencontreseconomiques.fr\/wp-json\/wp\/v2\/types\/page"}],"author":[{"embeddable":true,"href":"https:\/\/lesrencontreseconomiques.fr\/wp-json\/wp\/v2\/users\/2"}],"replies":[{"embeddable":true,"href":"https:\/\/lesrencontreseconomiques.fr\/wp-json\/wp\/v2\/comments?post=10829"}],"version-history":[{"count":11,"href":"https:\/\/lesrencontreseconomiques.fr\/wp-json\/wp\/v2\/pages\/10829\/revisions"}],"predecessor-version":[{"id":11754,"href":"https:\/\/lesrencontreseconomiques.fr\/wp-json\/wp\/v2\/pages\/10829\/revisions\/11754"}],"up":[{"embeddable":true,"href":"https:\/\/lesrencontreseconomiques.fr\/wp-json\/wp\/v2\/pages\/8"}],"wp:attachment":[{"href":"https:\/\/lesrencontreseconomiques.fr\/wp-json\/wp\/v2\/media?parent=10829"}],"curies":[{"name":"wp","href":"https:\/\/api.w.org\/{rel}","templated":true}]}}