{"id":8916,"date":"2023-06-14T19:05:42","date_gmt":"2023-06-14T17:05:42","guid":{"rendered":"https:\/\/lesrencontreseconomiques.fr\/parc-jourdan\/"},"modified":"2023-06-30T19:00:56","modified_gmt":"2023-06-30T17:00:56","slug":"parc-jourdan","status":"publish","type":"page","link":"https:\/\/lesrencontreseconomiques.fr\/en\/parc-jourdan\/","title":{"rendered":"The parc Jourdan"},"content":{"rendered":"<div class=\"-wrapper -668 -mt-90 -mb-90\">\n<div class=\"cp-intro -texte\">\n<div class=\"description\">\n<div class=\"cp-texte\">\n<h2>Three days of debate in the exceptional setting of Parc Jourdan<\/h2>\n<p>For three days, the Parc Jourdan in Aix-en-Provence becomes the centre of economic and social debate in Europe. Heads of international institutions, business leaders, elected representatives, activists, students&#8230; 380 speakers from 47 countries and more than 5,000 participants will be gathered together in a unique atmosphere, with an unrivalled level of proximity enabling exchanges like nowhere else.<\/p>\n<\/p><\/div>\n<\/p><\/div>\n<\/p><\/div>\n<\/p><\/div>\n<div class=\"-wrapper -668 -mt-90 -mb-90\">\n<div class=\"cp-intro -texte\">\n<div class=\"description\">\n<div class=\"cp-texte\">\n<h2><a id=\"plan\" class=\"c-anchor\"><\/a>Plan of the parc Jourdan<\/h2>\n<p><img decoding=\"async\" loading=\"lazy\" class=\"alignnone wp-image-9116 size-large\" src=\"https:\/\/lesrencontreseconomiques.fr\/wp-content\/uploads\/2023\/06\/REAIX23_badge_PLAN-horizontal-668x484.png\" alt=\"\" width=\"668\" height=\"484\" srcset=\"https:\/\/lesrencontreseconomiques.fr\/wp-content\/uploads\/2023\/06\/REAIX23_badge_PLAN-horizontal-668x484.png 668w, https:\/\/lesrencontreseconomiques.fr\/wp-content\/uploads\/2023\/06\/REAIX23_badge_PLAN-horizontal-490x355.png 490w, https:\/\/lesrencontreseconomiques.fr\/wp-content\/uploads\/2023\/06\/REAIX23_badge_PLAN-horizontal-1536x1113.png 1536w, https:\/\/lesrencontreseconomiques.fr\/wp-content\/uploads\/2023\/06\/REAIX23_badge_PLAN-horizontal-193x140.png 193w, https:\/\/lesrencontreseconomiques.fr\/wp-content\/uploads\/2023\/06\/REAIX23_badge_PLAN-horizontal-224x162.png 224w, https:\/\/lesrencontreseconomiques.fr\/wp-content\/uploads\/2023\/06\/REAIX23_badge_PLAN-horizontal.png 1600w\" sizes=\"(max-width: 668px) 100vw, 668px\" \/><\/p>\n<\/p><\/div>\n<\/p><\/div>\n<\/p><\/div>\n<\/p><\/div>\n<div class=\"-wrapper -846 -mt-90 -mb-90\">\n<div class=\"cp-cta-image-texte\">\n<div class=\"media \" data-aos=\"fade-right\" data-aos-anchor-placement=\"top-bottom\" data-aos-offset=\"200\">\n<div class=\"image -walc \" style=\"padding-top:100%\"><img width=\"224\" height=\"224\" src=\"https:\/\/lesrencontreseconomiques.fr\/wp-content\/uploads\/2023\/06\/CAFES-EPHEMERES-224x224.png\" class=\"attachment-small size-small\" alt=\"\" decoding=\"async\" loading=\"lazy\" srcset=\"https:\/\/lesrencontreseconomiques.fr\/wp-content\/uploads\/2023\/06\/CAFES-EPHEMERES-224x224.png 224w, https:\/\/lesrencontreseconomiques.fr\/wp-content\/uploads\/2023\/06\/CAFES-EPHEMERES-490x490.png 490w, https:\/\/lesrencontreseconomiques.fr\/wp-content\/uploads\/2023\/06\/CAFES-EPHEMERES-668x668.png 668w, https:\/\/lesrencontreseconomiques.fr\/wp-content\/uploads\/2023\/06\/CAFES-EPHEMERES-150x150.png 150w, https:\/\/lesrencontreseconomiques.fr\/wp-content\/uploads\/2023\/06\/CAFES-EPHEMERES-140x140.png 140w, https:\/\/lesrencontreseconomiques.fr\/wp-content\/uploads\/2023\/06\/CAFES-EPHEMERES-290x290.png 290w, https:\/\/lesrencontreseconomiques.fr\/wp-content\/uploads\/2023\/06\/CAFES-EPHEMERES.png 720w\" sizes=\"(max-width: 224px) 100vw, 224px\" \/><\/div>\n<\/p><\/div>\n<div class=\"description cp-texte\" data-aos=\"fade-up\" data-aos-anchor-placement=\"top-bottom\" data-aos-offset=\"200\">\n<h2>The Caf\u00e9s \u00e9ph\u00e9m\u00e8res<\/h2>\n<p>Two temporary caf\u00e9s will be on hand to welcome you during the Meetings. You&rsquo;ll find drinks and snacks all day long.<\/p>\n<\/p><\/div>\n<\/p><\/div>\n<\/div>\n<div class=\"-wrapper -846 -mt-90 -mb-90\">\n<div class=\"cp-cta-image-texte\">\n<div class=\"media \" data-aos=\"fade-right\" data-aos-anchor-placement=\"top-bottom\" data-aos-offset=\"200\">\n<div class=\"image -walc \" style=\"padding-top:100%\"><img width=\"224\" height=\"224\" src=\"https:\/\/lesrencontreseconomiques.fr\/wp-content\/uploads\/2023\/06\/4-1-224x224.png\" class=\"attachment-small size-small\" alt=\"\" decoding=\"async\" loading=\"lazy\" srcset=\"https:\/\/lesrencontreseconomiques.fr\/wp-content\/uploads\/2023\/06\/4-1-224x224.png 224w, https:\/\/lesrencontreseconomiques.fr\/wp-content\/uploads\/2023\/06\/4-1-490x490.png 490w, https:\/\/lesrencontreseconomiques.fr\/wp-content\/uploads\/2023\/06\/4-1-668x668.png 668w, https:\/\/lesrencontreseconomiques.fr\/wp-content\/uploads\/2023\/06\/4-1-150x150.png 150w, https:\/\/lesrencontreseconomiques.fr\/wp-content\/uploads\/2023\/06\/4-1-140x140.png 140w, https:\/\/lesrencontreseconomiques.fr\/wp-content\/uploads\/2023\/06\/4-1-290x290.png 290w, https:\/\/lesrencontreseconomiques.fr\/wp-content\/uploads\/2023\/06\/4-1.png 720w\" sizes=\"(max-width: 224px) 100vw, 224px\" \/><\/div>\n<\/p><\/div>\n<div class=\"description cp-texte\" data-aos=\"fade-up\" data-aos-anchor-placement=\"top-bottom\" data-aos-offset=\"200\">\n<h2>Two exhibitions to discover<\/h2>\n<p>During Les Rencontres, two exhibitions are taking place in the Parc Jourdan. Discover the C\u00e9zanne exhibition in the central alley, which will give you a foretaste of Aix-en-Provence&rsquo;s 2025 cultural season. In the heart of the park, you can also admire the best photos from the \u00ab\u00a0Renewing Hope\u00a0\u00bb cartography, organised by Les Rencontres with Veolia and Wipplay.<\/p>\n<p><a class=\"cp-cta-bouton\" href=\"https:\/\/lesrencontreseconomiques.fr\/autour-des-rencontres\/photo\/\">More Information<\/a><\/p>\n<\/p><\/div>\n<\/p><\/div>\n<\/div>\n<div class=\"-wrapper -846 -mt-90 -mb-90\">\n<div class=\"cp-cta-image-texte\">\n<div class=\"media \" data-aos=\"fade-right\" data-aos-anchor-placement=\"top-bottom\" data-aos-offset=\"200\">\n<div class=\"image -walc \" style=\"padding-top:100%\"><img width=\"224\" height=\"224\" src=\"https:\/\/lesrencontreseconomiques.fr\/wp-content\/uploads\/2023\/06\/3-1-224x224.png\" class=\"attachment-small size-small\" alt=\"\" decoding=\"async\" loading=\"lazy\" srcset=\"https:\/\/lesrencontreseconomiques.fr\/wp-content\/uploads\/2023\/06\/3-1-224x224.png 224w, https:\/\/lesrencontreseconomiques.fr\/wp-content\/uploads\/2023\/06\/3-1-490x490.png 490w, https:\/\/lesrencontreseconomiques.fr\/wp-content\/uploads\/2023\/06\/3-1-668x668.png 668w, https:\/\/lesrencontreseconomiques.fr\/wp-content\/uploads\/2023\/06\/3-1-150x150.png 150w, https:\/\/lesrencontreseconomiques.fr\/wp-content\/uploads\/2023\/06\/3-1-140x140.png 140w, https:\/\/lesrencontreseconomiques.fr\/wp-content\/uploads\/2023\/06\/3-1-290x290.png 290w, https:\/\/lesrencontreseconomiques.fr\/wp-content\/uploads\/2023\/06\/3-1.png 720w\" sizes=\"(max-width: 224px) 100vw, 224px\" \/><\/div>\n<\/p><\/div>\n<div class=\"description cp-texte\" data-aos=\"fade-up\" data-aos-anchor-placement=\"top-bottom\" data-aos-offset=\"200\">\n<h2>Fnac bookshop<\/h2>\n<p>At Les Rencontres \u00c9conomiques d&rsquo;Aix-en-Provence, Fnac, France&rsquo;s No. 1 bookseller, will be offering a selection of books on the themes covered at the conferences: economics, business, law, sociology, the environment, CSR, and more. At the Fnac bookshop, you&rsquo;ll find a selection of vinyls and other accessories, as well as a space where you can sign books by guest authors.<\/p>\n<\/p><\/div>\n<\/p><\/div>\n<\/div>\n<div class=\"cp-section-header -wrapper -668 -mt-90\">\n<h2 class=\"cp-titre-2 -section\">Pictures of the parc<\/h2>\n<\/div>\n<div class=\"-wrapper -668 -mb-90\">\n<div class=\"cp-photo-grid -photoswipe\">\n<p>\t\t<a href=\"https:\/\/lesrencontreseconomiques.fr\/wp-content\/uploads\/2023\/06\/E2A0627.jpg\" target=\"_blank\" data-width=\"1600\" data-height=\"1067\" rel=\"noopener\"><br \/>\n\t\t\t<img class=\"lazy\" data-src=\"https:\/\/lesrencontreseconomiques.fr\/wp-content\/uploads\/2023\/06\/E2A0627-490x327.jpg\" width=\"490\" height=\"327\" alt=\"\"><br \/>\n\t\t<\/a><\/p>\n<p>\t\t<a href=\"https:\/\/lesrencontreseconomiques.fr\/wp-content\/uploads\/2023\/06\/AIX_9470.jpg\" target=\"_blank\" data-width=\"1600\" data-height=\"1067\" rel=\"noopener\"><br \/>\n\t\t\t<img class=\"lazy\" data-src=\"https:\/\/lesrencontreseconomiques.fr\/wp-content\/uploads\/2023\/06\/AIX_9470-490x327.jpg\" width=\"490\" height=\"327\" alt=\"\"><br \/>\n\t\t<\/a><\/p>\n<p>\t\t<a href=\"https:\/\/lesrencontreseconomiques.fr\/wp-content\/uploads\/2023\/06\/AIX_9094.jpg\" target=\"_blank\" data-width=\"1600\" data-height=\"1067\" rel=\"noopener\"><br \/>\n\t\t\t<img class=\"lazy\" data-src=\"https:\/\/lesrencontreseconomiques.fr\/wp-content\/uploads\/2023\/06\/AIX_9094-490x327.jpg\" width=\"490\" height=\"327\" alt=\"\"><br \/>\n\t\t<\/a><\/p>\n<p>\t\t<a href=\"https:\/\/lesrencontreseconomiques.fr\/wp-content\/uploads\/2023\/06\/E2A0629.jpg\" target=\"_blank\" data-width=\"1600\" data-height=\"1067\" rel=\"noopener\"><br \/>\n\t\t\t<img class=\"lazy\" data-src=\"https:\/\/lesrencontreseconomiques.fr\/wp-content\/uploads\/2023\/06\/E2A0629-490x327.jpg\" width=\"490\" height=\"327\" alt=\"\"><br \/>\n\t\t<\/a><\/p><\/div>\n<\/div>\n<div class=\"-wrapper -668 -mt-90 -mb-90\">\n<div class=\"cp-intro -texte\">\n<div class=\"description\">\n<div class=\"cp-texte\">\n<h2>Access to the park<\/h2>\n<p><strong>Parc Jourdan &#8211; Avenue Anatole France &#8211; 13100 Aix-en-Provence<\/strong><\/p>\n<p><iframe loading=\"lazy\" style=\"border: 0;\" src=\"https:\/\/www.google.com\/maps\/embed?pb=!1m10!1m8!1m3!1d5786.025751569379!2d5.450018789326096!3d43.5229242218129!3m2!1i1024!2i768!4f13.1!5e0!3m2!1sfr!2sfr!4v1683625184838!5m2!1sfr!2sfr\" width=\"600\" height=\"450\" allowfullscreen=\"allowfullscreen\"><\/iframe><\/p>\n<\/p><\/div>\n<\/p><\/div>\n<\/p><\/div>\n<\/p><\/div>\n","protected":false},"excerpt":{"rendered":"<p>Three days of debate in the exceptional setting of Parc Jourdan For three days, the Parc Jourdan in Aix-en-Provence becomes the centre of economic and social debate in Europe. Heads of international institutions, business leaders, elected representatives, activists, students&#8230; 380 speakers from 47 countries and more than 5,000 participants will be gathered together in a [&hellip;]<\/p>\n","protected":false},"author":2,"featured_media":0,"parent":0,"menu_order":0,"comment_status":"closed","ping_status":"closed","template":"","meta":{"footnotes":""},"acf":[],"yoast_head":"<!-- This site is optimized with the Yoast SEO plugin v22.0 - https:\/\/yoast.com\/wordpress\/plugins\/seo\/ -->\n<title>The parc Jourdan - Les Rencontres \u00c9conomiques<\/title>\n<meta name=\"robots\" content=\"index, follow, max-snippet:-1, max-image-preview:large, max-video-preview:-1\" \/>\n<link rel=\"canonical\" href=\"https:\/\/lesrencontreseconomiques.fr\/en\/parc-jourdan\/\" \/>\n<meta property=\"og:locale\" content=\"en_US\" \/>\n<meta property=\"og:type\" content=\"article\" \/>\n<meta property=\"og:description\" content=\"Three days of debate in the exceptional setting of Parc Jourdan For three days, the Parc Jourdan in Aix-en-Provence becomes the centre of economic and social debate in Europe. Heads of international institutions, business leaders, elected representatives, activists, students&#8230; 380 speakers from 47 countries and more than 5,000 participants will be gathered together in a [&hellip;]\" \/>\n<meta property=\"og:url\" content=\"https:\/\/lesrencontreseconomiques.fr\/en\/parc-jourdan\/\" \/>\n<meta property=\"og:site_name\" content=\"Les Rencontres \u00c9conomiques\" \/>\n<meta property=\"article:publisher\" content=\"https:\/\/www.facebook.com\/Le.Cercle.des.Economistes\/\" \/>\n<meta property=\"article:modified_time\" content=\"2023-06-30T17:00:56+00:00\" \/>\n<meta property=\"og:image\" content=\"https:\/\/lesrencontreseconomiques.fr\/wp-content\/uploads\/2023\/06\/REAIX23_badge_PLAN-horizontal-668x484.png\" \/>\n<meta name=\"twitter:card\" content=\"summary_large_image\" \/>\n<meta name=\"twitter:site\" content=\"@Cercle_eco\" \/>\n<script type=\"application\/ld+json\" class=\"yoast-schema-graph\">{\"@context\":\"https:\/\/schema.org\",\"@graph\":[{\"@type\":\"WebPage\",\"@id\":\"https:\/\/lesrencontreseconomiques.fr\/en\/parc-jourdan\/\",\"url\":\"https:\/\/lesrencontreseconomiques.fr\/en\/parc-jourdan\/\",\"name\":\"The parc Jourdan - Les Rencontres \u00c9conomiques\",\"isPartOf\":{\"@id\":\"https:\/\/lesrencontreseconomiques.fr\/#website\"},\"datePublished\":\"2023-06-14T17:05:42+00:00\",\"dateModified\":\"2023-06-30T17:00:56+00:00\",\"breadcrumb\":{\"@id\":\"https:\/\/lesrencontreseconomiques.fr\/en\/parc-jourdan\/#breadcrumb\"},\"inLanguage\":\"en-US\",\"potentialAction\":[{\"@type\":\"ReadAction\",\"target\":[\"https:\/\/lesrencontreseconomiques.fr\/en\/parc-jourdan\/\"]}]},{\"@type\":\"BreadcrumbList\",\"@id\":\"https:\/\/lesrencontreseconomiques.fr\/en\/parc-jourdan\/#breadcrumb\",\"itemListElement\":[{\"@type\":\"ListItem\",\"position\":1,\"name\":\"Home\",\"item\":\"https:\/\/lesrencontreseconomiques.fr\/en\/\"},{\"@type\":\"ListItem\",\"position\":2,\"name\":\"The parc Jourdan\"}]},{\"@type\":\"WebSite\",\"@id\":\"https:\/\/lesrencontreseconomiques.fr\/#website\",\"url\":\"https:\/\/lesrencontreseconomiques.fr\/\",\"name\":\"Les Rencontres \u00c9conomiques\",\"description\":\"\",\"potentialAction\":[{\"@type\":\"SearchAction\",\"target\":{\"@type\":\"EntryPoint\",\"urlTemplate\":\"https:\/\/lesrencontreseconomiques.fr\/?s={search_term_string}\"},\"query-input\":\"required name=search_term_string\"}],\"inLanguage\":\"en-US\"}]}<\/script>\n<!-- \/ Yoast SEO plugin. -->","yoast_head_json":{"title":"The parc Jourdan - Les Rencontres \u00c9conomiques","robots":{"index":"index","follow":"follow","max-snippet":"max-snippet:-1","max-image-preview":"max-image-preview:large","max-video-preview":"max-video-preview:-1"},"canonical":"https:\/\/lesrencontreseconomiques.fr\/en\/parc-jourdan\/","og_locale":"en_US","og_type":"article","og_description":"Three days of debate in the exceptional setting of Parc Jourdan For three days, the Parc Jourdan in Aix-en-Provence becomes the centre of economic and social debate in Europe. Heads of international institutions, business leaders, elected representatives, activists, students&#8230; 380 speakers from 47 countries and more than 5,000 participants will be gathered together in a [&hellip;]","og_url":"https:\/\/lesrencontreseconomiques.fr\/en\/parc-jourdan\/","og_site_name":"Les Rencontres \u00c9conomiques","article_publisher":"https:\/\/www.facebook.com\/Le.Cercle.des.Economistes\/","article_modified_time":"2023-06-30T17:00:56+00:00","og_image":[{"url":"https:\/\/lesrencontreseconomiques.fr\/wp-content\/uploads\/2023\/06\/REAIX23_badge_PLAN-horizontal-668x484.png"}],"twitter_card":"summary_large_image","twitter_site":"@Cercle_eco","schema":{"@context":"https:\/\/schema.org","@graph":[{"@type":"WebPage","@id":"https:\/\/lesrencontreseconomiques.fr\/en\/parc-jourdan\/","url":"https:\/\/lesrencontreseconomiques.fr\/en\/parc-jourdan\/","name":"The parc Jourdan - Les Rencontres \u00c9conomiques","isPartOf":{"@id":"https:\/\/lesrencontreseconomiques.fr\/#website"},"datePublished":"2023-06-14T17:05:42+00:00","dateModified":"2023-06-30T17:00:56+00:00","breadcrumb":{"@id":"https:\/\/lesrencontreseconomiques.fr\/en\/parc-jourdan\/#breadcrumb"},"inLanguage":"en-US","potentialAction":[{"@type":"ReadAction","target":["https:\/\/lesrencontreseconomiques.fr\/en\/parc-jourdan\/"]}]},{"@type":"BreadcrumbList","@id":"https:\/\/lesrencontreseconomiques.fr\/en\/parc-jourdan\/#breadcrumb","itemListElement":[{"@type":"ListItem","position":1,"name":"Home","item":"https:\/\/lesrencontreseconomiques.fr\/en\/"},{"@type":"ListItem","position":2,"name":"The parc Jourdan"}]},{"@type":"WebSite","@id":"https:\/\/lesrencontreseconomiques.fr\/#website","url":"https:\/\/lesrencontreseconomiques.fr\/","name":"Les Rencontres \u00c9conomiques","description":"","potentialAction":[{"@type":"SearchAction","target":{"@type":"EntryPoint","urlTemplate":"https:\/\/lesrencontreseconomiques.fr\/?s={search_term_string}"},"query-input":"required name=search_term_string"}],"inLanguage":"en-US"}]}},"_links":{"self":[{"href":"https:\/\/lesrencontreseconomiques.fr\/en\/wp-json\/wp\/v2\/pages\/8916"}],"collection":[{"href":"https:\/\/lesrencontreseconomiques.fr\/en\/wp-json\/wp\/v2\/pages"}],"about":[{"href":"https:\/\/lesrencontreseconomiques.fr\/en\/wp-json\/wp\/v2\/types\/page"}],"author":[{"embeddable":true,"href":"https:\/\/lesrencontreseconomiques.fr\/en\/wp-json\/wp\/v2\/users\/2"}],"replies":[{"embeddable":true,"href":"https:\/\/lesrencontreseconomiques.fr\/en\/wp-json\/wp\/v2\/comments?post=8916"}],"version-history":[{"count":8,"href":"https:\/\/lesrencontreseconomiques.fr\/en\/wp-json\/wp\/v2\/pages\/8916\/revisions"}],"predecessor-version":[{"id":9122,"href":"https:\/\/lesrencontreseconomiques.fr\/en\/wp-json\/wp\/v2\/pages\/8916\/revisions\/9122"}],"wp:attachment":[{"href":"https:\/\/lesrencontreseconomiques.fr\/en\/wp-json\/wp\/v2\/media?parent=8916"}],"curies":[{"name":"wp","href":"https:\/\/api.w.org\/{rel}","templated":true}]}}